{"id":7956,"date":"2025-10-29T12:45:18","date_gmt":"2025-10-29T12:45:18","guid":{"rendered":"https:\/\/fuelbois.com\/?post_type=product&#038;p=7956"},"modified":"2026-03-08T07:26:31","modified_gmt":"2026-03-08T07:26:31","slug":"pellet-limouzi-palette-de-66-sacs-de-15-kg","status":"publish","type":"product","link":"https:\/\/www.buches-chaleor.com\/fr\/produit\/pellet-limouzi-palette-de-66-sacs-de-15-kg\/","title":{"rendered":"Pellet Limouzi \u2013 Palette de 66 sacs de 15 kg"},"content":{"rendered":"<p>Ces pellets sont de tr\u00e8s bonne qualit\u00e9 gr\u00e2ce \u00e0 une mati\u00e8re premi\u00e8re fraiche, constante issue de leur propre scierie. Ils ont un faible taux d\u2019humidit\u00e9 &lt; 8% les pellets LIMOUZI n\u2019encrasseront pas votre po\u00eale, insert ou chaudi\u00e8re. Gr\u00e2ce \u00e0 un pouvoir calorifique compris entre 4.6 et 5 KWh\/kg, vous b\u00e9n\u00e9ficierez d\u2019une combustion lente et compl\u00e8te ce qui r\u00e9duira votre consommation. Les pellets LIMOUZI sont fabriqu\u00e9s avec des sciures issues de for\u00eats g\u00e9r\u00e9es durablement, 100% r\u00e9sineuses, d\u2019o\u00f9 leur certification PEFC. De nombreux contr\u00f4les qualit\u00e9 sont effectu\u00e9s r\u00e9guli\u00e8rement : qualit\u00e9 des mati\u00e8res premi\u00e8res, process s\u00e9chage, presse, tamiseur et refroidisseur. Toute la cha\u00eene de fabrication. Ils sont certifi\u00e9s DIN Plus et sont 100% naturels, sans additif. Des tests sont r\u00e9alis\u00e9s 4 fois par jour sur site et en laboratoire avec tra\u00e7abilit\u00e9 du produit. Les sacs en format pratique, recyclables en poly\u00e9thyl\u00e8ne, plus r\u00e9sistants et faciles \u00e0 transvider.<\/p>\n<div class=\"product-manufacturer\"><\/div>\n<div><\/div>\n<div>\n<div class=\"product-reference\">\u00a0PELLET_PALETTE_LIMOUZI<\/div>\n<div class=\"product-out-of-stock\"><\/div>\n<h3 class=\"h6\">Fiche technique<\/h3>\n<dl class=\"data-sheet\">\n<dt class=\"name\">Certificats<\/dt>\n<dd class=\"value\">DIN Plus, PEFC<\/dd>\n<dt class=\"name\">Pouvoir Calorifique<\/dt>\n<dd class=\"value\">Entre 4.6 et 5 KWh\/KG<\/dd>\n<dt class=\"name\">Taux D\u2019humidit\u00e9<\/dt>\n<dd class=\"value\">inf\u00e9rieur \u00e0 8%<\/dd>\n<dt class=\"name\">Taux De Cendres<\/dt>\n<dd class=\"value\">inf\u00e9rieur \u00e0 0.5%<\/dd>\n<dt class=\"name\">Taux De Poussi\u00e8re<\/dt>\n<dd class=\"value\">inf\u00e9rieur \u00e0 0.4%<\/dd>\n<dt class=\"name\">Essence<\/dt>\n<dd class=\"value\">R\u00e9sineuses<\/dd>\n<dt class=\"name\">Type De Bois<\/dt>\n<dd class=\"value\">100% r\u00e9sineux<\/dd>\n<dt class=\"name\">Diam\u00e8tre<\/dt>\n<dd class=\"value\">6 mm<\/dd>\n<dt class=\"name\">Conditionnement<\/dt>\n<dd class=\"value\">Palette<\/dd>\n<dt class=\"name\">Origine<\/dt>\n<dd class=\"value\">France<\/dd>\n<\/dl>\n<\/div>","protected":false},"excerpt":{"rendered":"<p><span style=\"color: #ff0000;\"><strong><em><img decoding=\"async\" src=\"https:\/\/buches-hiver.com\/wp-content\/uploads\/2023\/04\/6-60x60.png\" \/><\/em><\/strong><strong><em>Livraison standard. (5 \u00e0 7 jours) : 18\u2009\u20ac<\/em><\/strong><\/span><br \/>\n<span style=\"color: #ff0000;\"><strong><em>Livraison Express. (3 Jours) : 22\u2009\u20ac<\/em><\/strong><\/span><\/p>\n<div class=\"elementor-element elementor-element-f213c2f wd-single-short-desc text-left elementor-widget elementor-widget-wd_single_product_short_description\" data-id=\"f213c2f\" data-element_type=\"widget\" data-widget_type=\"wd_single_product_short_description.default\">\n<div class=\"elementor-widget-container\">\n<div class=\"woocommerce-product-details__short-description\">\n<p>Les granul\u00e9s de bois LIMOUZI poss\u00e8dent 2 certifications : DIN Plus et PEFC et sont 100% r\u00e9sineux. Ces pellets de qualit\u00e9 sont fabriqu\u00e9s en France dans le Limousin. Economique, performant et 100% naturel.<\/p>\n<\/div>\n<\/div>\n<\/div>\n<div class=\"wd-negative-gap elementor-element elementor-element-2444467 e-flex e-con-boxed e-con e-child\" data-id=\"2444467\" data-element_type=\"container\">\n<div class=\"e-con-inner\">\n<div class=\"elementor-element elementor-element-5e38082 elementor-widget__width-auto wd-single-price text-left elementor-widget elementor-widget-wd_single_product_price\" data-id=\"5e38082\" data-element_type=\"widget\" data-widget_type=\"wd_single_product_price.default\">\n<div class=\"elementor-widget-container\"><\/div>\n<\/div>\n<\/div>\n<\/div>","protected":false},"featured_media":8946,"comment_status":"open","ping_status":"closed","template":"","meta":{"_acf_changed":false,"content-type":"","_monsterinsights_skip_tracking":false,"_monsterinsights_sitenote_active":false,"_monsterinsights_sitenote_note":"","_monsterinsights_sitenote_category":0},"pwb-brand":[],"product_brand":[],"product_cat":[79],"product_tag":[33],"class_list":{"0":"post-7956","1":"product","2":"type-product","3":"status-publish","4":"has-post-thumbnail","6":"product_cat-pellets-granules-de-bois","7":"product_tag-ajoutez-880-00e-a-votre-panier-et-beneficiez-de-la-livraison-gratuite","9":"first","10":"instock","11":"taxable","12":"shipping-taxable","13":"purchasable","14":"product-type-simple"},"acf":[],"aioseo_notices":[],"brands":[],"_links":{"self":[{"href":"https:\/\/www.buches-chaleor.com\/fr\/wp-json\/wp\/v2\/product\/7956","targetHints":{"allow":["GET"]}}],"collection":[{"href":"https:\/\/www.buches-chaleor.com\/fr\/wp-json\/wp\/v2\/product"}],"about":[{"href":"https:\/\/www.buches-chaleor.com\/fr\/wp-json\/wp\/v2\/types\/product"}],"replies":[{"embeddable":true,"href":"https:\/\/www.buches-chaleor.com\/fr\/wp-json\/wp\/v2\/comments?post=7956"}],"wp:featuredmedia":[{"embeddable":true,"href":"https:\/\/www.buches-chaleor.com\/fr\/wp-json\/wp\/v2\/media\/8946"}],"wp:attachment":[{"href":"https:\/\/www.buches-chaleor.com\/fr\/wp-json\/wp\/v2\/media?parent=7956"}],"wp:term":[{"taxonomy":"pwb-brand","embeddable":true,"href":"https:\/\/www.buches-chaleor.com\/fr\/wp-json\/wp\/v2\/pwb-brand?post=7956"},{"taxonomy":"product_brand","embeddable":true,"href":"https:\/\/www.buches-chaleor.com\/fr\/wp-json\/wp\/v2\/product_brand?post=7956"},{"taxonomy":"product_cat","embeddable":true,"href":"https:\/\/www.buches-chaleor.com\/fr\/wp-json\/wp\/v2\/product_cat?post=7956"},{"taxonomy":"product_tag","embeddable":true,"href":"https:\/\/www.buches-chaleor.com\/fr\/wp-json\/wp\/v2\/product_tag?post=7956"}],"curies":[{"name":"wp","href":"https:\/\/api.w.org\/{rel}","templated":true}]}}