{"id":7955,"date":"2025-10-29T12:42:35","date_gmt":"2025-10-29T12:42:35","guid":{"rendered":"https:\/\/fuelbois.com\/?post_type=product&#038;p=7955"},"modified":"2026-03-08T07:26:01","modified_gmt":"2026-03-08T07:26:01","slug":"pellet-excellent-pellets-palette-de-65-sacs-de-15-kg","status":"publish","type":"product","link":"https:\/\/www.buches-chaleor.com\/fr\/produit\/pellet-excellent-pellets-palette-de-65-sacs-de-15-kg\/","title":{"rendered":"Pellet Excellent Pellets \u2013 Palette de 65 sacs de 15 kg"},"content":{"rendered":"<div class=\"page3a2a2a1a1\">Pr\u00e9sentation<\/div>\n<div class=\"page3a2a2a1a3\">Ils sont fabriqu\u00e9s dans une tr\u00e8s grande scierie, o\u00f9 la sciure est utilis\u00e9e directement sur place pour fabriquer les pellets.<\/div>\n<div class=\"page3a2a2a1a2\">L\u2019utilisation de sciure de bois court-circuit\u00e9e permet de conserver sa grande fra\u00eecheur.\u00a0Ces mati\u00e8res premi\u00e8res sont ensuite s\u00e9ch\u00e9es \u00e0 basse temp\u00e9rature (s\u00e9cheur \u00e0 bande).\u00a0Cette ma\u00eetrise des mati\u00e8res premi\u00e8res permet d\u2019obtenir un faible taux de cendres et une temp\u00e9rature de d\u00e9formation des cendres \u00e9lev\u00e9e (\u00e9vite la formation de machefer).<\/div>\n<div class=\"page3a2a2a1a2\">\n<p>La duret\u00e9 importante du granul\u00e9 due au pressage \u00e0 haute densit\u00e9, au faible taux d\u2019humidit\u00e9 et enfin au tamisage effectu\u00e9 avant le remplissage de chaque sac permet d\u2019avoir un taux de poussi\u00e8re tr\u00e8s faible en usine.\u00a0Ils d\u00e9passent les normes de qualit\u00e9 DIN Plus ou EN Plus les plus strictes.\u00a0Ils sont id\u00e9aux pour tous les syst\u00e8mes de chauffage \u00e0 granul\u00e9s de bois.<\/p>\n<div class=\"page3a2a2a1a1\">Information compl\u00e9mentaire<\/div>\n<div class=\"page3a2a2a1a3\">Type de bois : 100% bois tendre<\/div>\n<div class=\"page3a2a2a1a3\">Certificats : DIN Plus, EN Plus A1<\/div>\n<div class=\"page3a2a2a1a3\">Valeur calorique : Plus de 4,9 kWh\/kg<\/div>\n<div class=\"page3a2a2a1a3\">Taux d\u2019humidit\u00e9 : moins de 8%<\/div>\n<div class=\"page3a2a2a1a3\">Taux de cendres : Moins de 0,5%<\/div>\n<div class=\"page3a2a2a1a3\">Taux de poussi\u00e8re : Moins de 0,21%<\/div>\n<\/div>","protected":false},"excerpt":{"rendered":"<p><span style=\"color: #ff0000;\"><strong><em><img decoding=\"async\" src=\"https:\/\/buches-hiver.com\/wp-content\/uploads\/2023\/04\/6-60x60.png\" \/><\/em><\/strong><strong><em>Livraison standard. (5 \u00e0 7 jours) : 18\u2009\u20ac<\/em><\/strong><\/span><br \/>\n<span style=\"color: #ff0000;\"><strong><em>Livraison Express. (3 Jours) : 22\u2009\u20ac<\/em><\/strong><\/span><\/p>","protected":false},"featured_media":8944,"comment_status":"open","ping_status":"closed","template":"","meta":{"_acf_changed":false,"content-type":"","_monsterinsights_skip_tracking":false,"_monsterinsights_sitenote_active":false,"_monsterinsights_sitenote_note":"","_monsterinsights_sitenote_category":0},"pwb-brand":[],"product_brand":[],"product_cat":[79],"product_tag":[33],"class_list":{"0":"post-7955","1":"product","2":"type-product","3":"status-publish","4":"has-post-thumbnail","6":"product_cat-pellets-granules-de-bois","7":"product_tag-ajoutez-880-00e-a-votre-panier-et-beneficiez-de-la-livraison-gratuite","9":"first","10":"instock","11":"sale","12":"taxable","13":"shipping-taxable","14":"purchasable","15":"product-type-simple"},"acf":[],"aioseo_notices":[],"brands":[],"_links":{"self":[{"href":"https:\/\/www.buches-chaleor.com\/fr\/wp-json\/wp\/v2\/product\/7955","targetHints":{"allow":["GET"]}}],"collection":[{"href":"https:\/\/www.buches-chaleor.com\/fr\/wp-json\/wp\/v2\/product"}],"about":[{"href":"https:\/\/www.buches-chaleor.com\/fr\/wp-json\/wp\/v2\/types\/product"}],"replies":[{"embeddable":true,"href":"https:\/\/www.buches-chaleor.com\/fr\/wp-json\/wp\/v2\/comments?post=7955"}],"wp:featuredmedia":[{"embeddable":true,"href":"https:\/\/www.buches-chaleor.com\/fr\/wp-json\/wp\/v2\/media\/8944"}],"wp:attachment":[{"href":"https:\/\/www.buches-chaleor.com\/fr\/wp-json\/wp\/v2\/media?parent=7955"}],"wp:term":[{"taxonomy":"pwb-brand","embeddable":true,"href":"https:\/\/www.buches-chaleor.com\/fr\/wp-json\/wp\/v2\/pwb-brand?post=7955"},{"taxonomy":"product_brand","embeddable":true,"href":"https:\/\/www.buches-chaleor.com\/fr\/wp-json\/wp\/v2\/product_brand?post=7955"},{"taxonomy":"product_cat","embeddable":true,"href":"https:\/\/www.buches-chaleor.com\/fr\/wp-json\/wp\/v2\/product_cat?post=7955"},{"taxonomy":"product_tag","embeddable":true,"href":"https:\/\/www.buches-chaleor.com\/fr\/wp-json\/wp\/v2\/product_tag?post=7955"}],"curies":[{"name":"wp","href":"https:\/\/api.w.org\/{rel}","templated":true}]}}