{"id":7930,"date":"2025-10-29T11:46:08","date_gmt":"2025-10-29T11:46:08","guid":{"rendered":"https:\/\/fuelbois.com\/?post_type=product&#038;p=7930"},"modified":"2026-03-08T07:02:49","modified_gmt":"2026-03-08T07:02:49","slug":"natural-energie-palette-70-sacs-de-15-kg","status":"publish","type":"product","link":"https:\/\/www.buches-chaleor.com\/fr\/produit\/natural-energie-palette-70-sacs-de-15-kg\/","title":{"rendered":"Natural Energie palette (70 Sacs de 15 kg)"},"content":{"rendered":"<p>Le granul\u00e9 de bois est fabriqu\u00e9 \u00e0 partir de sciures et copeaux de la r\u00e9gion Auvergne-Rh\u00f4ne-Alpes. La nature des bois est 100 % r\u00e9sineux, provenant de scieries locales, situ\u00e9es pour la plupart \u00e0 moins de 30 km. Nous aidons aisni \u00e0 la valorisation des bois.<\/p>\n<p><strong>Un produit \u00e9cologique :\u00a0<\/strong>Faible rejet de CO\u00b2. Favorise la protection de notre plan\u00e8te<\/p>\n<p><strong>La fabrication :<\/strong>\u00a0Le granul\u00e9 est fabriqu\u00e9 par s\u00e9chage, broyage, compression et tamisage de la mati\u00e8re premi\u00e8re sans ajout de prodruit liant (amidon par exemple) lord du processus de granulation.<\/p>\n<p><strong>Qualit\u00e9 :<\/strong>\u00a0Le granul\u00e9 Natural Energie est conforme \u00e0 la norme europ\u00e9enne EN 14961-2 de juin 2010. Certifi\u00e9 Din +.<\/p>\n<p><strong>Une pr\u00e9caution :\u00a0<\/strong>Les sacs doivent \u00eatre stock\u00e9s sous abri, au sec<\/p>\n<h3 class=\"xs-mt-20\">CARACT\u00c9RISTIQUES TECHNIQUES<\/h3>\n<p>Diam\u00e8tre 6 mm \u2013 Longueur 3.15 &lt;\u00a0L &lt;\u00a040 mm \u2013 Humidit\u00e9 \u2248 &lt; 8% \u2013 P.C.I Brut &gt;4600wh\/kg \u2013 P.C.I hydre &gt; 5080 Wh\/kgWX \u2013 Masse volumique 600kg\/m3 \u2013 Durabilit\u00e9 sup\u00e9rieure ou \u00e9gale \u00e0 97,50 % \u2013 Liant Aucun \u2013 Cendres &lt; 0,7% \u2013 Taux de fines &lt; 0,5% \u2013 Chlore &lt; 0,02% \u2013 Souffre &lt; 0,03% \u2013 Azote &lt; 0,3%<\/p>","protected":false},"excerpt":{"rendered":"<p><span style=\"color: #ff0000;\"><strong><em><img decoding=\"async\" src=\"https:\/\/buches-hiver.com\/wp-content\/uploads\/2023\/04\/6-60x60.png\" \/><\/em><\/strong><strong><em>Livraison standard. (5 \u00e0 7 jours) : 18\u2009\u20ac<\/em><\/strong><\/span><br \/>\n<span style=\"color: #ff0000;\"><strong><em>Livraison Express. (3 Jours) : 22\u2009\u20ac<\/em><\/strong><\/span><\/p>\n<div class=\"elementor-element elementor-element-f213c2f wd-single-short-desc text-left elementor-widget elementor-widget-wd_single_product_short_description\" data-id=\"f213c2f\" data-element_type=\"widget\" data-widget_type=\"wd_single_product_short_description.default\">\n<div class=\"elementor-widget-container\">\n<div class=\"woocommerce-product-details__short-description\">\n<p>Le granul\u00e9 de bois est fabriqu\u00e9 \u00e0 partir de sciures et copeaux de la r\u00e9gion Auvergne-Rh\u00f4ne-Alpes. La nature des bois est 100 % r\u00e9sineux, provenant de scieries locales ; fabrication 100% fran\u00e7aise .<\/p>\n<\/div>\n<\/div>\n<\/div>\n<div class=\"wd-negative-gap elementor-element elementor-element-2444467 e-flex e-con-boxed e-con e-child\" data-id=\"2444467\" data-element_type=\"container\">\n<div class=\"e-con-inner\">\n<div class=\"elementor-element elementor-element-5e38082 elementor-widget__width-auto wd-single-price text-left elementor-widget elementor-widget-wd_single_product_price\" data-id=\"5e38082\" data-element_type=\"widget\" data-widget_type=\"wd_single_product_price.default\">\n<div class=\"elementor-widget-container\"><\/div>\n<\/div>\n<\/div>\n<\/div>","protected":false},"featured_media":8920,"comment_status":"open","ping_status":"closed","template":"","meta":{"_acf_changed":false,"content-type":"","_monsterinsights_skip_tracking":false,"_monsterinsights_sitenote_active":false,"_monsterinsights_sitenote_note":"","_monsterinsights_sitenote_category":0},"pwb-brand":[],"product_brand":[],"product_cat":[79],"product_tag":[33],"class_list":{"0":"post-7930","1":"product","2":"type-product","3":"status-publish","4":"has-post-thumbnail","6":"product_cat-pellets-granules-de-bois","7":"product_tag-ajoutez-880-00e-a-votre-panier-et-beneficiez-de-la-livraison-gratuite","9":"first","10":"instock","11":"taxable","12":"shipping-taxable","13":"purchasable","14":"product-type-simple"},"acf":[],"aioseo_notices":[],"brands":[],"_links":{"self":[{"href":"https:\/\/www.buches-chaleor.com\/fr\/wp-json\/wp\/v2\/product\/7930","targetHints":{"allow":["GET"]}}],"collection":[{"href":"https:\/\/www.buches-chaleor.com\/fr\/wp-json\/wp\/v2\/product"}],"about":[{"href":"https:\/\/www.buches-chaleor.com\/fr\/wp-json\/wp\/v2\/types\/product"}],"replies":[{"embeddable":true,"href":"https:\/\/www.buches-chaleor.com\/fr\/wp-json\/wp\/v2\/comments?post=7930"}],"wp:featuredmedia":[{"embeddable":true,"href":"https:\/\/www.buches-chaleor.com\/fr\/wp-json\/wp\/v2\/media\/8920"}],"wp:attachment":[{"href":"https:\/\/www.buches-chaleor.com\/fr\/wp-json\/wp\/v2\/media?parent=7930"}],"wp:term":[{"taxonomy":"pwb-brand","embeddable":true,"href":"https:\/\/www.buches-chaleor.com\/fr\/wp-json\/wp\/v2\/pwb-brand?post=7930"},{"taxonomy":"product_brand","embeddable":true,"href":"https:\/\/www.buches-chaleor.com\/fr\/wp-json\/wp\/v2\/product_brand?post=7930"},{"taxonomy":"product_cat","embeddable":true,"href":"https:\/\/www.buches-chaleor.com\/fr\/wp-json\/wp\/v2\/product_cat?post=7930"},{"taxonomy":"product_tag","embeddable":true,"href":"https:\/\/www.buches-chaleor.com\/fr\/wp-json\/wp\/v2\/product_tag?post=7930"}],"curies":[{"name":"wp","href":"https:\/\/api.w.org\/{rel}","templated":true}]}}