{"id":7929,"date":"2025-10-29T11:41:50","date_gmt":"2025-10-29T11:41:50","guid":{"rendered":"https:\/\/fuelbois.com\/?post_type=product&#038;p=7929"},"modified":"2026-03-08T06:59:07","modified_gmt":"2026-03-08T06:59:07","slug":"limouzi-pellet-palette-de-66-sacs-de-15-kg","status":"publish","type":"product","link":"https:\/\/www.buches-chaleor.com\/fr\/produit\/limouzi-pellet-palette-de-66-sacs-de-15-kg\/","title":{"rendered":"Limouzi Pellet \u2013 Palette de 66 sacs de 15 kg"},"content":{"rendered":"<p>Ces pellets sont de tr\u00e8s bonne qualit\u00e9 gr\u00e2ce \u00e0 la mati\u00e8re premi\u00e8re fra\u00eeche et constante issue de leur propre scierie.<\/p>\n<div id=\"main\" class=\"site-primary\">\n<div id=\"content\" class=\"site-content\">\n<div class=\"shop-container single-product-wrapper\">\n<div class=\"container\">\n<div id=\"primary\" class=\"content-area\">\n<div class=\"page3a2a2a1a3\">Ils ont une faible humidit\u00e9 &lt; Le pellet LIMOUZI 8% n\u2019obstruera pas votre po\u00eale, votre insert ou votre chaudi\u00e8re.\u00a0Gr\u00e2ce \u00e0 un pouvoir calorifique compris entre 4,6 et 5 KWh\/kg, vous b\u00e9n\u00e9ficierez d\u2019une combustion lente et compl\u00e8te qui r\u00e9duira votre consommation.<br \/>\nDe nombreux contr\u00f4les qualit\u00e9 sont effectu\u00e9s p\u00e9riodiquement : qualit\u00e9 des mati\u00e8res premi\u00e8res, processus de s\u00e9chage, presse, tamis et refroidisseur.\u00a0Toute la cha\u00eene de fabrication.\u00a0Ils sont certifi\u00e9s DIN Plus et sont 100% naturels, sans additifs.\u00a0Des tests sont r\u00e9alis\u00e9s 4 fois par jour sur site et en laboratoire avec tra\u00e7abilit\u00e9 des produits.\u00a0Sacs au format pratique, recyclables en poly\u00e9thyl\u00e8ne, plus r\u00e9sistants et faciles \u00e0 vider.<\/p>\n<div class=\"page3a2a2a1a1\">Information compl\u00e9mentaire<\/div>\n<div class=\"page3a2a2a1a3\">Composition : 100% bois tendre<\/div>\n<div class=\"page3a2a2a1a3\">Certificats : DIN Plus, PEFC<\/div>\n<div class=\"page3a2a2a1a3\">Valeur calorique : Entre 4,6 et 5 KWh\/KG<\/div>\n<div class=\"page3a2a2a1a3\">Taux d\u2019humidit\u00e9 : moins de 8%<\/div>\n<div class=\"page3a2a2a1a3\">Taux de cendres : Moins de 0,5%<\/div>\n<div class=\"page3a2a2a1a3\">Taux de poussi\u00e8re : moins de 0,4%<\/div>\n<div class=\"page3a2a2a1a3\">Diam\u00e8tre : 6mm<\/div>\n<\/div>\n<\/div>\n<\/div>\n<\/div>\n<\/div>\n<\/div>","protected":false},"excerpt":{"rendered":"<p><span style=\"color: #ff0000;\"><strong><em><img decoding=\"async\" src=\"https:\/\/buches-hiver.com\/wp-content\/uploads\/2023\/04\/6-60x60.png\" \/><\/em><\/strong><strong><em>Livraison standard. (5 \u00e0 7 jours) : 18\u2009\u20ac<\/em><\/strong><\/span><br \/>\n<span style=\"color: #ff0000;\"><strong><em>Livraison Express. (3 Jours) : 22\u2009\u20ac<\/em><\/strong><\/span><\/p>","protected":false},"featured_media":8919,"comment_status":"open","ping_status":"closed","template":"","meta":{"_acf_changed":false,"content-type":"","_monsterinsights_skip_tracking":false,"_monsterinsights_sitenote_active":false,"_monsterinsights_sitenote_note":"","_monsterinsights_sitenote_category":0},"pwb-brand":[],"product_brand":[],"product_cat":[79],"product_tag":[33],"class_list":{"0":"post-7929","1":"product","2":"type-product","3":"status-publish","4":"has-post-thumbnail","6":"product_cat-pellets-granules-de-bois","7":"product_tag-ajoutez-880-00e-a-votre-panier-et-beneficiez-de-la-livraison-gratuite","9":"first","10":"instock","11":"sale","12":"taxable","13":"shipping-taxable","14":"purchasable","15":"product-type-simple"},"acf":[],"aioseo_notices":[],"brands":[],"_links":{"self":[{"href":"https:\/\/www.buches-chaleor.com\/fr\/wp-json\/wp\/v2\/product\/7929","targetHints":{"allow":["GET"]}}],"collection":[{"href":"https:\/\/www.buches-chaleor.com\/fr\/wp-json\/wp\/v2\/product"}],"about":[{"href":"https:\/\/www.buches-chaleor.com\/fr\/wp-json\/wp\/v2\/types\/product"}],"replies":[{"embeddable":true,"href":"https:\/\/www.buches-chaleor.com\/fr\/wp-json\/wp\/v2\/comments?post=7929"}],"wp:featuredmedia":[{"embeddable":true,"href":"https:\/\/www.buches-chaleor.com\/fr\/wp-json\/wp\/v2\/media\/8919"}],"wp:attachment":[{"href":"https:\/\/www.buches-chaleor.com\/fr\/wp-json\/wp\/v2\/media?parent=7929"}],"wp:term":[{"taxonomy":"pwb-brand","embeddable":true,"href":"https:\/\/www.buches-chaleor.com\/fr\/wp-json\/wp\/v2\/pwb-brand?post=7929"},{"taxonomy":"product_brand","embeddable":true,"href":"https:\/\/www.buches-chaleor.com\/fr\/wp-json\/wp\/v2\/product_brand?post=7929"},{"taxonomy":"product_cat","embeddable":true,"href":"https:\/\/www.buches-chaleor.com\/fr\/wp-json\/wp\/v2\/product_cat?post=7929"},{"taxonomy":"product_tag","embeddable":true,"href":"https:\/\/www.buches-chaleor.com\/fr\/wp-json\/wp\/v2\/product_tag?post=7929"}],"curies":[{"name":"wp","href":"https:\/\/api.w.org\/{rel}","templated":true}]}}