{"id":7928,"date":"2025-10-29T11:38:27","date_gmt":"2025-10-29T11:38:27","guid":{"rendered":"https:\/\/fuelbois.com\/?post_type=product&#038;p=7928"},"modified":"2026-03-08T06:57:08","modified_gmt":"2026-03-08T06:57:08","slug":"granules-de-bois-schuster-palette-de-66-sacs-de-15kg","status":"publish","type":"product","link":"https:\/\/www.buches-chaleor.com\/fr\/produit\/granules-de-bois-schuster-palette-de-66-sacs-de-15kg\/","title":{"rendered":"Granul\u00e9s de bois SCH\u00dcSTER \u2013 Palette de 66 sacs de 15kg"},"content":{"rendered":"<p>Les granul\u00e9s <strong>SCH\u00dcSTER<\/strong>\u00a0sont un produit\u00a0<strong>100% naturel<\/strong>. Les granul\u00e9s\u00a0sont fabriqu\u00e9s \u00e0 base de sciure de bois qui est press\u00e9e \u00e0 haute temp\u00e9rature sans agents additifs dans une matrice emporte-pi\u00e8ce. Les granul\u00e9s\u00a0ont une haute valeur \u00e9nerg\u00e9tique (environ\u00a0<strong>4,9 kWh\/kg<\/strong>) gr\u00e2ce \u00e0 son degr\u00e9 d\u2019humidit\u00e9 inf\u00e9rieur et ne n\u00e9cessitent pas plus d\u2019espace de stockage qu\u2019une chaudi\u00e8re \u00e0 fioul.<\/p>\n<p>L\u2018homog\u00e9n\u00e9it\u00e9 des granul\u00e9s assure une <strong>combustion uniforme<\/strong>\u00a0avec une pollution minimale. De ce fait, les granul\u00e9s sont une source d\u2019\u00e9nergie respectant l\u2019environnement et contribuant \u00e0 la r\u00e9duction de l\u2019effet de serre. Les centres peuvent \u00eatre utilis\u00e9s comme engrais organique. Le pellet SCH\u00dcSTER est fabriqu\u00e9 \u00e0 partir de bois\u00a0<strong>100% \u00e9pic\u00e9a\/sapin<\/strong>\u00a0conforme aux normes\u00a0<strong>DIN Plus\/EN Plus A1\/PEFC<\/strong>\u00a0et sont certifi\u00e9s\u00a0<strong>EN PLUS A1 et DIN+<\/strong><\/p>\n<p>&nbsp;<\/p>\n<ul>\n<li>Pouvoir calorifique : 5,2 kWh\/kg<\/li>\n<li>Diam\u00e8tre : 6mm<\/li>\n<li>Longueur : 10-30 mm (24mm en moyenne)<\/li>\n<li>Masse volumique apparente : 650kg\/mst<\/li>\n<li>Humidit\u00e9 : &lt; 8%<\/li>\n<li>Taux de cendres : &lt; 0,5 %<\/li>\n<li>Durabilit\u00e9 m\u00e9canique : \u2265 97,5 %<\/li>\n<li>Masse volumique apparente : 650kg\/mst<\/li>\n<li>Composition : 100% \u00e9pic\u00e9a \/ sapin<\/li>\n<\/ul>\n<p><strong>Certification DIN plus n\u00b0 7A134 :\u00a0<\/strong>cette norme garantit la qualit\u00e9 des granul\u00e9s de bois pour un maximum d\u2019\u00e9nergie et un minimum de cendres<\/p>\n<p><strong>Certification EN+A1\u00a0n\u00b0\u00a0AT 322 :\u00a0<\/strong>cette norme garantit la qualit\u00e9 des granul\u00e9s de bois en Europe pour les particuliers sur le rendement \u00e9nerg\u00e9ntique et le minimum de cendres<\/p>\n<p>La livraison se fait\u00a0<strong>jusque dans le lieu de stockage du produit<\/strong>, sous r\u00e9serve d\u2019accessibilit\u00e9 suffisante, et sans d\u00e9filmer la palette. (Garage, remise ou abri: nous ne descendons pas dans les cave, ne montons pas de marches, ne traversons pas les habitations, ni les jardins si un transpalette d\u2019une largeur de 2m ne peut passer)<\/p>","protected":false},"excerpt":{"rendered":"<p><span style=\"color: #ff0000;\"><strong><em><img decoding=\"async\" src=\"https:\/\/buches-hiver.com\/wp-content\/uploads\/2023\/04\/6-60x60.png\" \/><\/em><\/strong><strong><em>Livraison standard. (5 \u00e0 7 jours) : 18\u2009\u20ac<\/em><\/strong><\/span><br \/>\n<span style=\"color: #ff0000;\"><strong><em>Livraison Express. (3 Jours) : 22\u2009\u20ac<\/em><\/strong><\/span><\/p>\n<h4>SCH\u00dcSTER,\u00a0des granul\u00e9s de bois 100% sapin\/\u00e9pic\u00e9a d\u2019exception, garantissant un rendement optimal \u00e0 la maison.<\/h4>\n<p>Palette de 66 Sacs de 15 kg de Granul\u00e9s de bois = 990<em>kg.<\/em><\/p>\n<p>Granul\u00e9s de bois\u00a0<strong>DIN+<\/strong>, 100% r\u00e9sineux.<\/p>\n<p>Num\u00e9ro d\u2019enregistrement DIN+:<strong>\u00a07A134<\/strong><\/p>\n<p>Num\u00e9ro d\u2019enregistrement : EN+A1: <strong>AT 322<\/strong><\/p>","protected":false},"featured_media":8917,"comment_status":"open","ping_status":"closed","template":"","meta":{"_acf_changed":false,"content-type":"","_monsterinsights_skip_tracking":false,"_monsterinsights_sitenote_active":false,"_monsterinsights_sitenote_note":"","_monsterinsights_sitenote_category":0},"pwb-brand":[],"product_brand":[],"product_cat":[79],"product_tag":[33],"class_list":{"0":"post-7928","1":"product","2":"type-product","3":"status-publish","4":"has-post-thumbnail","6":"product_cat-pellets-granules-de-bois","7":"product_tag-ajoutez-880-00e-a-votre-panier-et-beneficiez-de-la-livraison-gratuite","9":"first","10":"instock","11":"taxable","12":"shipping-taxable","13":"purchasable","14":"product-type-simple"},"acf":[],"aioseo_notices":[],"brands":[],"_links":{"self":[{"href":"https:\/\/www.buches-chaleor.com\/fr\/wp-json\/wp\/v2\/product\/7928","targetHints":{"allow":["GET"]}}],"collection":[{"href":"https:\/\/www.buches-chaleor.com\/fr\/wp-json\/wp\/v2\/product"}],"about":[{"href":"https:\/\/www.buches-chaleor.com\/fr\/wp-json\/wp\/v2\/types\/product"}],"replies":[{"embeddable":true,"href":"https:\/\/www.buches-chaleor.com\/fr\/wp-json\/wp\/v2\/comments?post=7928"}],"wp:featuredmedia":[{"embeddable":true,"href":"https:\/\/www.buches-chaleor.com\/fr\/wp-json\/wp\/v2\/media\/8917"}],"wp:attachment":[{"href":"https:\/\/www.buches-chaleor.com\/fr\/wp-json\/wp\/v2\/media?parent=7928"}],"wp:term":[{"taxonomy":"pwb-brand","embeddable":true,"href":"https:\/\/www.buches-chaleor.com\/fr\/wp-json\/wp\/v2\/pwb-brand?post=7928"},{"taxonomy":"product_brand","embeddable":true,"href":"https:\/\/www.buches-chaleor.com\/fr\/wp-json\/wp\/v2\/product_brand?post=7928"},{"taxonomy":"product_cat","embeddable":true,"href":"https:\/\/www.buches-chaleor.com\/fr\/wp-json\/wp\/v2\/product_cat?post=7928"},{"taxonomy":"product_tag","embeddable":true,"href":"https:\/\/www.buches-chaleor.com\/fr\/wp-json\/wp\/v2\/product_tag?post=7928"}],"curies":[{"name":"wp","href":"https:\/\/api.w.org\/{rel}","templated":true}]}}