{"id":7927,"date":"2025-10-29T11:32:52","date_gmt":"2025-10-29T11:32:52","guid":{"rendered":"https:\/\/fuelbois.com\/?post_type=product&#038;p=7927"},"modified":"2026-03-08T06:52:09","modified_gmt":"2026-03-08T06:52:09","slug":"granules-de-bois-pauls-pellets-104-sacs-de-10kg-2","status":"publish","type":"product","link":"https:\/\/www.buches-chaleor.com\/fr\/produit\/granules-de-bois-pauls-pellets-104-sacs-de-10kg-2\/","title":{"rendered":"Granul\u00e9s de bois PAULS Pellets \u2013 104 sacs de 10kg"},"content":{"rendered":"<p>D\u00e9couvrez le\u00a0<strong>nouveau conditionnement<\/strong>\u00a0de notre granul\u00e9 PAULS Pellets, le sac de 10kg, disposant d\u2019une anse de pr\u00e9hension, plus fin et l\u00e9ger que le sac de 15kg.<\/p>\n<p>Les granul\u00e9s de bois\u00a0PAULS PELLETS\u00a0sont<strong>\u00a0100 % r\u00e9sineux<\/strong>\u00a0et produits \u00e0 base de sciure d\u2019\u00e9pic\u00e9a et de sapin dans importantes scieries\u00a0Belge. Il s\u2019agit exclusivement de\u00a0bois non trait\u00e9s.<\/p>\n<p>Les pellets sont des co-produits de la transformation du bois, ils sont compress\u00e9s et s\u00e9ch\u00e9s, sans colle ni additif pour former des granul\u00e9s de diam\u00e8tre 6mm. 100% naturels ils participent au d\u00e9veloppement durable car le bois provient de sources g\u00e9r\u00e9es durablement.<\/p>\n<p>Les granul\u00e9s de bois Pauls Pellets assurent une combustion optimale dans tous les appareils de chauffage au granul\u00e9 de bois, po\u00eales \u00e0 granul\u00e9s, chaudi\u00e8res \u00e0 granul\u00e9s et inserts \u00e0 pellets.<\/p>\n<p>Une palette de sacs de 10kg contient 104 sacs, soit 1040kg de granul\u00e9s.<\/p>\n<p>Voici les caract\u00e9ristiques des granul\u00e9s de bois PAULS PELLETS:<\/p>\n<table width=\"708\">\n<tbody>\n<tr>\n<td>Pouvoir calorifique<\/td>\n<td>&gt;\u00a04,7 kWh\/kg<\/td>\n<\/tr>\n<tr>\n<td>Diam\u00e8tre<\/td>\n<td>6mm +\/-1mm<\/td>\n<\/tr>\n<tr>\n<td>Longueur<\/td>\n<td>3,15mm&lt;L&lt;40mm<\/td>\n<\/tr>\n<tr>\n<td>Humidit\u00e9<\/td>\n<td>inf \u00e0 10%<\/td>\n<\/tr>\n<tr>\n<td>Taux de cendres<\/td>\n<td>&lt; \u00e0 0,7% \u00e0 550\u00b0C<\/td>\n<\/tr>\n<tr>\n<td>Durabilit\u00e9<\/td>\n<td>&gt; 98%<\/td>\n<\/tr>\n<tr>\n<td>Densit\u00e9<\/td>\n<td>&lt;1,2kg\/dm3<\/td>\n<\/tr>\n<tr>\n<td>Taux de fines<\/td>\n<td>&lt;0.5%<\/td>\n<\/tr>\n<\/tbody>\n<\/table>","protected":false},"excerpt":{"rendered":"<p><span style=\"color: #ff0000;\"><strong><em><img decoding=\"async\" src=\"https:\/\/buches-hiver.com\/wp-content\/uploads\/2023\/04\/6-60x60.png\" \/><\/em><\/strong><strong><em>Livraison standard. (5 \u00e0 7 jours) : 18\u2009\u20ac<\/em><\/strong><\/span><br \/>\n<span style=\"color: #ff0000;\"><strong><em>Livraison Express. (3 Jours) : 22\u2009\u20ac<\/em><\/strong><\/span><\/p>\n<h4>Palette de 104\u00a0sacs de 10kg de<strong>\u00a0granul\u00e9s de bois Pauls Pellets<\/strong>\u00a0norme\u00a0<strong>DIN+<\/strong>\u00a0et\u00a0<strong>EN+ A1<\/strong><\/h4>\n<p>Les granul\u00e9s PAULS Pellets sont de qualit\u00e9 premium, avec un<strong>\u00a0sac de 10kg<\/strong>\u00a0id\u00e9al pour la manipulation.<\/p>","protected":false},"featured_media":8913,"comment_status":"open","ping_status":"closed","template":"","meta":{"_acf_changed":false,"content-type":"","_monsterinsights_skip_tracking":false,"_monsterinsights_sitenote_active":false,"_monsterinsights_sitenote_note":"","_monsterinsights_sitenote_category":0},"pwb-brand":[],"product_brand":[],"product_cat":[79],"product_tag":[33],"class_list":{"0":"post-7927","1":"product","2":"type-product","3":"status-publish","4":"has-post-thumbnail","6":"product_cat-pellets-granules-de-bois","7":"product_tag-ajoutez-880-00e-a-votre-panier-et-beneficiez-de-la-livraison-gratuite","9":"first","10":"instock","11":"taxable","12":"shipping-taxable","13":"purchasable","14":"product-type-simple"},"acf":[],"aioseo_notices":[],"brands":[],"_links":{"self":[{"href":"https:\/\/www.buches-chaleor.com\/fr\/wp-json\/wp\/v2\/product\/7927","targetHints":{"allow":["GET"]}}],"collection":[{"href":"https:\/\/www.buches-chaleor.com\/fr\/wp-json\/wp\/v2\/product"}],"about":[{"href":"https:\/\/www.buches-chaleor.com\/fr\/wp-json\/wp\/v2\/types\/product"}],"replies":[{"embeddable":true,"href":"https:\/\/www.buches-chaleor.com\/fr\/wp-json\/wp\/v2\/comments?post=7927"}],"wp:featuredmedia":[{"embeddable":true,"href":"https:\/\/www.buches-chaleor.com\/fr\/wp-json\/wp\/v2\/media\/8913"}],"wp:attachment":[{"href":"https:\/\/www.buches-chaleor.com\/fr\/wp-json\/wp\/v2\/media?parent=7927"}],"wp:term":[{"taxonomy":"pwb-brand","embeddable":true,"href":"https:\/\/www.buches-chaleor.com\/fr\/wp-json\/wp\/v2\/pwb-brand?post=7927"},{"taxonomy":"product_brand","embeddable":true,"href":"https:\/\/www.buches-chaleor.com\/fr\/wp-json\/wp\/v2\/product_brand?post=7927"},{"taxonomy":"product_cat","embeddable":true,"href":"https:\/\/www.buches-chaleor.com\/fr\/wp-json\/wp\/v2\/product_cat?post=7927"},{"taxonomy":"product_tag","embeddable":true,"href":"https:\/\/www.buches-chaleor.com\/fr\/wp-json\/wp\/v2\/product_tag?post=7927"}],"curies":[{"name":"wp","href":"https:\/\/api.w.org\/{rel}","templated":true}]}}