{"id":7918,"date":"2025-10-29T06:34:18","date_gmt":"2025-10-29T06:34:18","guid":{"rendered":"https:\/\/fuelbois.com\/?post_type=product&#038;p=7918"},"modified":"2026-03-07T20:40:20","modified_gmt":"2026-03-07T20:40:20","slug":"granules-de-bois-melanges-650kg-en-plus-a1","status":"publish","type":"product","link":"https:\/\/www.buches-chaleor.com\/fr\/produit\/granules-de-bois-melanges-650kg-en-plus-a1\/","title":{"rendered":"Granul\u00e9s de bois m\u00e9lang\u00e9s 650kg \u2013 EN Plus A1"},"content":{"rendered":"<div class=\"page3a2a2a1a3\">Si vous souhaitez un peu plus d\u2019espace pour vos granul\u00e9s, cette cellule est ce qu\u2019il vous faut !<\/div>\n<div class=\"page3a2a2a1a2\">Ils sont capables d\u2019\u00e9liminer un pourcentage plus \u00e9lev\u00e9 d\u2019humidit\u00e9 du produit, afin que celui-ci puisse continuer \u00e0 br\u00fbler !\u00a0Ce produit est fabriqu\u00e9 \u00e0 partir de bois de r\u00e9sineux et feuillus tels que le ch\u00eane, l\u2019\u00e9rable, le bouleau, le h\u00eatre, le fr\u00eane, le cerisier et le noyer noir.<\/div>\n<div class=\"page3a2a2a1a2\">La plus grande caract\u00e9ristique du produit, outre le processus de combustion et de propret\u00e9, est la d\u00e9signation extr\u00eamement fiable des usages \u00e0 l\u2019int\u00e9rieur du sac.\u00a0Lorsque vous verz les granul\u00e9s dans votre po\u00eale, vous remarquerez \u00e0 quel point chaque granul\u00e9 est propre et compress\u00e9.\u00a0De plus, il en existe trois faciles \u00e0 conserver en humidit\u00e9, ce qui permet de bruler le produit avec trois peu de cindres et sans cr\u00e9osote.<\/div>\n<div class=\"page3a2a2a1a3\">Objectifs<\/div>\n<div class=\"page3a2a2a1a2\">Moins de 0,50<\/div>","protected":false},"excerpt":{"rendered":"<p><span style=\"color: #ff0000;\"><strong><em><img decoding=\"async\" src=\"https:\/\/buches-hiver.com\/wp-content\/uploads\/2023\/04\/6-60x60.png\" \/><\/em><\/strong><strong><em>Livraison standard. (5 \u00e0 7 jours) : 18\u2009\u20ac<\/em><\/strong><\/span><br \/>\n<span style=\"color: #ff0000;\"><strong><em>Livraison Express. (3 Jours) : 22\u2009\u20ac<\/em><\/strong><\/span><\/p>","protected":false},"featured_media":8911,"comment_status":"open","ping_status":"closed","template":"","meta":{"_acf_changed":false,"content-type":"","_monsterinsights_skip_tracking":false,"_monsterinsights_sitenote_active":false,"_monsterinsights_sitenote_note":"","_monsterinsights_sitenote_category":0},"pwb-brand":[],"product_brand":[],"product_cat":[79],"product_tag":[33],"class_list":{"0":"post-7918","1":"product","2":"type-product","3":"status-publish","4":"has-post-thumbnail","6":"product_cat-pellets-granules-de-bois","7":"product_tag-ajoutez-880-00e-a-votre-panier-et-beneficiez-de-la-livraison-gratuite","9":"first","10":"instock","11":"sale","12":"taxable","13":"shipping-taxable","14":"purchasable","15":"product-type-simple"},"acf":[],"aioseo_notices":[],"brands":[],"_links":{"self":[{"href":"https:\/\/www.buches-chaleor.com\/fr\/wp-json\/wp\/v2\/product\/7918","targetHints":{"allow":["GET"]}}],"collection":[{"href":"https:\/\/www.buches-chaleor.com\/fr\/wp-json\/wp\/v2\/product"}],"about":[{"href":"https:\/\/www.buches-chaleor.com\/fr\/wp-json\/wp\/v2\/types\/product"}],"replies":[{"embeddable":true,"href":"https:\/\/www.buches-chaleor.com\/fr\/wp-json\/wp\/v2\/comments?post=7918"}],"wp:featuredmedia":[{"embeddable":true,"href":"https:\/\/www.buches-chaleor.com\/fr\/wp-json\/wp\/v2\/media\/8911"}],"wp:attachment":[{"href":"https:\/\/www.buches-chaleor.com\/fr\/wp-json\/wp\/v2\/media?parent=7918"}],"wp:term":[{"taxonomy":"pwb-brand","embeddable":true,"href":"https:\/\/www.buches-chaleor.com\/fr\/wp-json\/wp\/v2\/pwb-brand?post=7918"},{"taxonomy":"product_brand","embeddable":true,"href":"https:\/\/www.buches-chaleor.com\/fr\/wp-json\/wp\/v2\/product_brand?post=7918"},{"taxonomy":"product_cat","embeddable":true,"href":"https:\/\/www.buches-chaleor.com\/fr\/wp-json\/wp\/v2\/product_cat?post=7918"},{"taxonomy":"product_tag","embeddable":true,"href":"https:\/\/www.buches-chaleor.com\/fr\/wp-json\/wp\/v2\/product_tag?post=7918"}],"curies":[{"name":"wp","href":"https:\/\/api.w.org\/{rel}","templated":true}]}}