{"id":7917,"date":"2025-10-29T06:31:39","date_gmt":"2025-10-29T06:31:39","guid":{"rendered":"https:\/\/fuelbois.com\/?post_type=product&#038;p=7917"},"modified":"2026-03-07T20:37:20","modified_gmt":"2026-03-07T20:37:20","slug":"granules-de-bois-de-hetre-de-60-sacs-x-15kg","status":"publish","type":"product","link":"https:\/\/www.buches-chaleor.com\/fr\/produit\/granules-de-bois-de-hetre-de-60-sacs-x-15kg\/","title":{"rendered":"Granul\u00e9s de bois de h\u00eatre de 60 sacs x 15kg"},"content":{"rendered":"<div class=\"page3a2a2a1a3\">Granul\u00e9s de bois \u00e0 haut pouvoir calorifique<\/div>\n<div class=\"page3a2a2a1a2\">Efficacit\u00e9 \u00e9conomique : Les granul\u00e9s de bois sont extr\u00eamement denses et peuvent \u00eatre produits avec une faible teneur en humidit\u00e9 (moins de 10 %), ce qui leur permet d\u2019\u00eatre br\u00fbl\u00e9s avec une efficacit\u00e9 de combustion tr\u00e8s \u00e9lev\u00e9e.\u00a0Sa haute densit\u00e9 permet \u00e9galement un stockage compact et un transport prudent sur de longues distances.\u00a0L\u2019\u00e9lectricit\u00e9 produite avec des pellets dans des centrales \u00e0 charbon converties co\u00fbte presque le m\u00eame prix que l\u2019\u00e9lectricit\u00e9 produite avec du gaz naturel ou du diesel.<\/div>\n<div class=\"page3a2a2a1a2\">Respectueux de l\u2019environnement : les granul\u00e9s de bois sont un combustible durable qui peut r\u00e9duire consid\u00e9rablement les \u00e9missions nettes de carbone par rapport aux combustibles fossiles.\u00a0Sa production et son utilisation apportent \u00e9galement des avantages environnementaux et sociaux suppl\u00e9mentaires.<\/div>\n<div class=\"page3a2a2a1a3\">Poids<\/div>\n<div class=\"page3a2a2a1a2\">\n<p>900 kg<\/p>\n<div class=\"page3a2a2a1a1\">Information compl\u00e9mentaire<\/div>\n<div class=\"page3a2a2a1a3\">Certificats : DINPlus<\/div>\n<div class=\"page3a2a2a1a3\">Densit\u00e9 : 800kg\/m3<\/div>\n<div class=\"page3a2a2a1a3\">Diam\u00e8tre<\/div>\n<div class=\"page3a2a2a1a3\">Taille standard 8mm<\/div>\n<div class=\"page3a2a2a1a3\">Longueur \u226432mm<\/div>\n<div class=\"page3a2a2a1a3\">Humidit\u00e9 (%) : 7<\/div>\n<div class=\"page3a2a2a1a3\">Teneur en cendres (%) : 1<\/div>\n<\/div>","protected":false},"excerpt":{"rendered":"<p><span style=\"color: #ff0000;\"><strong><em><img decoding=\"async\" src=\"https:\/\/buches-hiver.com\/wp-content\/uploads\/2023\/04\/6-60x60.png\" \/><\/em><\/strong><strong><em>Livraison standard. (5 \u00e0 7 jours) : 18\u2009\u20ac<\/em><\/strong><\/span><br \/>\n<span style=\"color: #ff0000;\"><strong><em>Livraison Express. (3 Jours) : 22\u2009\u20ac<\/em><\/strong><\/span><\/p>","protected":false},"featured_media":8909,"comment_status":"open","ping_status":"closed","template":"","meta":{"_acf_changed":false,"content-type":"","_monsterinsights_skip_tracking":false,"_monsterinsights_sitenote_active":false,"_monsterinsights_sitenote_note":"","_monsterinsights_sitenote_category":0},"pwb-brand":[],"product_brand":[],"product_cat":[79],"product_tag":[33],"class_list":{"0":"post-7917","1":"product","2":"type-product","3":"status-publish","4":"has-post-thumbnail","6":"product_cat-pellets-granules-de-bois","7":"product_tag-ajoutez-880-00e-a-votre-panier-et-beneficiez-de-la-livraison-gratuite","9":"first","10":"instock","11":"sale","12":"taxable","13":"shipping-taxable","14":"purchasable","15":"product-type-simple"},"acf":[],"aioseo_notices":[],"brands":[],"_links":{"self":[{"href":"https:\/\/www.buches-chaleor.com\/fr\/wp-json\/wp\/v2\/product\/7917","targetHints":{"allow":["GET"]}}],"collection":[{"href":"https:\/\/www.buches-chaleor.com\/fr\/wp-json\/wp\/v2\/product"}],"about":[{"href":"https:\/\/www.buches-chaleor.com\/fr\/wp-json\/wp\/v2\/types\/product"}],"replies":[{"embeddable":true,"href":"https:\/\/www.buches-chaleor.com\/fr\/wp-json\/wp\/v2\/comments?post=7917"}],"wp:featuredmedia":[{"embeddable":true,"href":"https:\/\/www.buches-chaleor.com\/fr\/wp-json\/wp\/v2\/media\/8909"}],"wp:attachment":[{"href":"https:\/\/www.buches-chaleor.com\/fr\/wp-json\/wp\/v2\/media?parent=7917"}],"wp:term":[{"taxonomy":"pwb-brand","embeddable":true,"href":"https:\/\/www.buches-chaleor.com\/fr\/wp-json\/wp\/v2\/pwb-brand?post=7917"},{"taxonomy":"product_brand","embeddable":true,"href":"https:\/\/www.buches-chaleor.com\/fr\/wp-json\/wp\/v2\/product_brand?post=7917"},{"taxonomy":"product_cat","embeddable":true,"href":"https:\/\/www.buches-chaleor.com\/fr\/wp-json\/wp\/v2\/product_cat?post=7917"},{"taxonomy":"product_tag","embeddable":true,"href":"https:\/\/www.buches-chaleor.com\/fr\/wp-json\/wp\/v2\/product_tag?post=7917"}],"curies":[{"name":"wp","href":"https:\/\/api.w.org\/{rel}","templated":true}]}}