{"id":7900,"date":"2025-10-29T06:25:50","date_gmt":"2025-10-29T06:25:50","guid":{"rendered":"https:\/\/fuelbois.com\/?post_type=product&#038;p=7900"},"modified":"2026-03-07T20:34:59","modified_gmt":"2026-03-07T20:34:59","slug":"granule-green-energy-palette-de-65-sacs-de-15-kg","status":"publish","type":"product","link":"https:\/\/www.buches-chaleor.com\/fr\/produit\/granule-green-energy-palette-de-65-sacs-de-15-kg\/","title":{"rendered":"Granule Green Energy \u2013 Palette De 65 Sacs De 15 Kg"},"content":{"rendered":"<p>On choisit souvent le granul\u00e9 de bois pour se chauffer de mani\u00e8re \u00e9conomique. Produits au B\u00e9n\u00e9lux, ces pellets sont de qualit\u00e9 car ils disposent d\u2019une double certification Din Plus et En Plus.<\/p>\n<p>Les mesures de qualit\u00e9 sont dans les standards du march\u00e9 avec un taux de cendres de 0.7% et de poussi\u00e8res de 0.5%.<\/p>\n<dl class=\"data-sheet\">\n<dt class=\"name\">Composition : R\u00e9sineux et feuillus<\/dt>\n<dt class=\"name\">Certificats : DIN Plus, EN Plus A1<\/dt>\n<dt class=\"name\">Pouvoir Calorifique : Sup\u00e9rieur \u00e0 4,6 kWh\/kg<\/dt>\n<dt class=\"name\">Taux De Cendres : Inf\u00e9rieur \u00e0 0,7 %<\/dt>\n<dt class=\"name\">Taux De Poussi\u00e8re : Inf\u00e9rieur \u00e0 0,5 %<\/dt>\n<dt class=\"name\">Diam\u00e8tre : 6 mm<\/dt>\n<dt class=\"name\">Conditionnement : Palette<\/dt>\n<dt class=\"name\">Origine : Pays Bas<\/dt>\n<\/dl>","protected":false},"excerpt":{"rendered":"<p><span style=\"color: #ff0000;\"><strong><em><img decoding=\"async\" src=\"https:\/\/buches-hiver.com\/wp-content\/uploads\/2023\/04\/6-60x60.png\" \/><\/em><\/strong><strong><em>Livraison standard. (5 \u00e0 7 jours) : 18\u2009\u20ac<\/em><\/strong><\/span><br \/>\n<span style=\"color: #ff0000;\"><strong><em>Livraison Express. (3 Jours) : 22\u2009\u20ac<\/em><\/strong><\/span><\/p>","protected":false},"featured_media":8908,"comment_status":"open","ping_status":"closed","template":"","meta":{"_acf_changed":false,"content-type":"","_monsterinsights_skip_tracking":false,"_monsterinsights_sitenote_active":false,"_monsterinsights_sitenote_note":"","_monsterinsights_sitenote_category":0},"pwb-brand":[],"product_brand":[],"product_cat":[79],"product_tag":[33],"class_list":{"0":"post-7900","1":"product","2":"type-product","3":"status-publish","4":"has-post-thumbnail","6":"product_cat-pellets-granules-de-bois","7":"product_tag-ajoutez-880-00e-a-votre-panier-et-beneficiez-de-la-livraison-gratuite","9":"first","10":"instock","11":"taxable","12":"shipping-taxable","13":"purchasable","14":"product-type-simple"},"acf":[],"aioseo_notices":[],"brands":[],"_links":{"self":[{"href":"https:\/\/www.buches-chaleor.com\/fr\/wp-json\/wp\/v2\/product\/7900","targetHints":{"allow":["GET"]}}],"collection":[{"href":"https:\/\/www.buches-chaleor.com\/fr\/wp-json\/wp\/v2\/product"}],"about":[{"href":"https:\/\/www.buches-chaleor.com\/fr\/wp-json\/wp\/v2\/types\/product"}],"replies":[{"embeddable":true,"href":"https:\/\/www.buches-chaleor.com\/fr\/wp-json\/wp\/v2\/comments?post=7900"}],"wp:featuredmedia":[{"embeddable":true,"href":"https:\/\/www.buches-chaleor.com\/fr\/wp-json\/wp\/v2\/media\/8908"}],"wp:attachment":[{"href":"https:\/\/www.buches-chaleor.com\/fr\/wp-json\/wp\/v2\/media?parent=7900"}],"wp:term":[{"taxonomy":"pwb-brand","embeddable":true,"href":"https:\/\/www.buches-chaleor.com\/fr\/wp-json\/wp\/v2\/pwb-brand?post=7900"},{"taxonomy":"product_brand","embeddable":true,"href":"https:\/\/www.buches-chaleor.com\/fr\/wp-json\/wp\/v2\/product_brand?post=7900"},{"taxonomy":"product_cat","embeddable":true,"href":"https:\/\/www.buches-chaleor.com\/fr\/wp-json\/wp\/v2\/product_cat?post=7900"},{"taxonomy":"product_tag","embeddable":true,"href":"https:\/\/www.buches-chaleor.com\/fr\/wp-json\/wp\/v2\/product_tag?post=7900"}],"curies":[{"name":"wp","href":"https:\/\/api.w.org\/{rel}","templated":true}]}}