{"id":7898,"date":"2025-10-29T06:20:07","date_gmt":"2025-10-29T06:20:07","guid":{"rendered":"https:\/\/fuelbois.com\/?post_type=product&#038;p=7898"},"modified":"2026-03-07T20:30:57","modified_gmt":"2026-03-07T20:30:57","slug":"ecofogo-pellet-palette-de-66-sacs-de-15-kg","status":"publish","type":"product","link":"https:\/\/www.buches-chaleor.com\/fr\/produit\/ecofogo-pellet-palette-de-66-sacs-de-15-kg\/","title":{"rendered":"Ecofogo Pellet \u2013 Palette de 66 sacs de 15 kg"},"content":{"rendered":"<p>Ces pellets sont fabriqu\u00e9s avec de la sciure de pin provenant d\u2019entreprises locales.<\/p>\n<div>\n<div class=\"page3a2a2a1a3\"><\/div>\n<div class=\"page3a2a2a1a2\">La sciure est issue du broyage de b\u00fbches de pin non trait\u00e9es, sans colles ni additifs.\u00a0Ces pellets sont de bonne qualit\u00e9 et s\u2019int\u00e9greront parfaitement dans tous les syst\u00e8mes de chauffage \u00e0 pellets (po\u00eales, inserts et chaudi\u00e8res).<\/div>\n<div class=\"page3a2a2a1a2\">La norme EN Plus A1 est une norme europ\u00e9enne tr\u00e8s stricte qui contr\u00f4le scrupuleusement les mati\u00e8res premi\u00e8res et leur stockage.\u00a0La mati\u00e8re premi\u00e8re doit provenir : \u2013 de for\u00eats, de plantations ou de bois vierges \u2013 de sous-produits et d\u00e9chets des industries de transformation du bois \u2013 de bois usag\u00e9s non trait\u00e9s chimiquement<\/div>\n<p>Information compl\u00e9mentaire<\/p>\n<\/div>\n<div>\n<div class=\"page3a2a2a1a3\">Composition<\/div>\n<div class=\"page3a2a2a1a2\">100% bois tendre<\/div>\n<div class=\"page3a2a2a1a3\">Certificats<\/div>\n<div class=\"page3a2a2a1a2\">FR Plus A1<\/div>\n<div class=\"page3a2a2a1a3\">Valeur calorique<\/div>\n<div class=\"page3a2a2a1a2\">Plus de 4,6 kWh\/kg<\/div>\n<div class=\"page3a2a2a1a3\">Taux d\u2019humidit\u00e9<\/div>\n<div class=\"page3a2a2a1a2\">moins de 10%<\/div>\n<div class=\"page3a2a2a1a3\">Taux de cendres<\/div>\n<div class=\"page3a2a2a1a2\">Moins de 0,7%<\/div>\n<\/div>","protected":false},"excerpt":{"rendered":"<p><span style=\"color: #ff0000;\"><strong><em><img decoding=\"async\" src=\"https:\/\/buches-hiver.com\/wp-content\/uploads\/2023\/04\/6-60x60.png\" \/><\/em><\/strong><strong><em>Livraison standard. (5 \u00e0 7 jours) : 18\u2009\u20ac<\/em><\/strong><\/span><br \/>\n<span style=\"color: #ff0000;\"><strong><em>Livraison Express. (3 Jours) : 22\u2009\u20ac<\/em><\/strong><\/span><\/p>","protected":false},"featured_media":8847,"comment_status":"open","ping_status":"closed","template":"","meta":{"_acf_changed":false,"content-type":"","_monsterinsights_skip_tracking":false,"_monsterinsights_sitenote_active":false,"_monsterinsights_sitenote_note":"","_monsterinsights_sitenote_category":0},"pwb-brand":[],"product_brand":[],"product_cat":[79],"product_tag":[33],"class_list":{"0":"post-7898","1":"product","2":"type-product","3":"status-publish","4":"has-post-thumbnail","6":"product_cat-pellets-granules-de-bois","7":"product_tag-ajoutez-880-00e-a-votre-panier-et-beneficiez-de-la-livraison-gratuite","9":"first","10":"instock","11":"sale","12":"taxable","13":"shipping-taxable","14":"purchasable","15":"product-type-simple"},"acf":[],"aioseo_notices":[],"brands":[],"_links":{"self":[{"href":"https:\/\/www.buches-chaleor.com\/fr\/wp-json\/wp\/v2\/product\/7898","targetHints":{"allow":["GET"]}}],"collection":[{"href":"https:\/\/www.buches-chaleor.com\/fr\/wp-json\/wp\/v2\/product"}],"about":[{"href":"https:\/\/www.buches-chaleor.com\/fr\/wp-json\/wp\/v2\/types\/product"}],"replies":[{"embeddable":true,"href":"https:\/\/www.buches-chaleor.com\/fr\/wp-json\/wp\/v2\/comments?post=7898"}],"wp:featuredmedia":[{"embeddable":true,"href":"https:\/\/www.buches-chaleor.com\/fr\/wp-json\/wp\/v2\/media\/8847"}],"wp:attachment":[{"href":"https:\/\/www.buches-chaleor.com\/fr\/wp-json\/wp\/v2\/media?parent=7898"}],"wp:term":[{"taxonomy":"pwb-brand","embeddable":true,"href":"https:\/\/www.buches-chaleor.com\/fr\/wp-json\/wp\/v2\/pwb-brand?post=7898"},{"taxonomy":"product_brand","embeddable":true,"href":"https:\/\/www.buches-chaleor.com\/fr\/wp-json\/wp\/v2\/product_brand?post=7898"},{"taxonomy":"product_cat","embeddable":true,"href":"https:\/\/www.buches-chaleor.com\/fr\/wp-json\/wp\/v2\/product_cat?post=7898"},{"taxonomy":"product_tag","embeddable":true,"href":"https:\/\/www.buches-chaleor.com\/fr\/wp-json\/wp\/v2\/product_tag?post=7898"}],"curies":[{"name":"wp","href":"https:\/\/api.w.org\/{rel}","templated":true}]}}