{"id":7897,"date":"2025-10-29T06:10:47","date_gmt":"2025-10-29T06:10:47","guid":{"rendered":"https:\/\/fuelbois.com\/?post_type=product&#038;p=7897"},"modified":"2026-03-07T20:24:22","modified_gmt":"2026-03-07T20:24:22","slug":"badger-pellet-palette-de-65-sacs-de-15-kg","status":"publish","type":"product","link":"https:\/\/www.buches-chaleor.com\/fr\/produit\/badger-pellet-palette-de-65-sacs-de-15-kg\/","title":{"rendered":"Badger Pellet \u2013 Palette de 65 sacs de 15 kg"},"content":{"rendered":"<div class=\"page3a2a2a1a3\">Granul\u00e9s de bois de blaireau, fabriqu\u00e9s en Belgique, de qualit\u00e9 constante, bois issus de r\u00e9sineux issus de for\u00eats g\u00e9r\u00e9es durablement et soucieuses de l\u2019environnement.<\/div>\n<p>Ces pellets sont 100% naturels, sans colle ni additifs et r\u00e9pondent aux exigences des normes DIN Plus et EN Plus.\u00a0Avec des contr\u00f4les p\u00e9riodiques, allant du processus de fabrication, de l\u2019approvisionnement en mati\u00e8res premi\u00e8res \u00e0 la fabrication.\u00a0Vous avez la garantie d\u2019acqu\u00e9rir un pellet de qualit\u00e9 et performant qui s\u2019adaptera \u00e0 votre syst\u00e8me de chauffage sans l\u2019encombrer.<\/p>\n<div class=\"page3a2a2a1a2\"><\/div>\n<p>Ces sacs sont fabriqu\u00e9s \u00e0 partir de papier recycl\u00e9 et sont facilement recyclables.\u00a0Il est donc plus facile de les jeter \u00e0 la poubelle.\u00a0En choisissant ce pellet, vous aurez la garantie d\u2019avoir un pellet haut de gamme, de bonne qualit\u00e9, connu sur le march\u00e9 depuis plus de 10 ans.<\/p>\n<div class=\"page3a2a2a1a2\">\n<div class=\"page3a2a2a1a1\">Information compl\u00e9mentaire<\/div>\n<div class=\"page3a2a2a1a3\">Composition<\/div>\n<div class=\"page3a2a2a1a2\">100% bois tendre<\/div>\n<div class=\"page3a2a2a1a3\">Certificats<\/div>\n<div class=\"page3a2a2a1a2\">DIN Plus, EN Plus A1<\/div>\n<div class=\"page3a2a2a1a3\">Valeur calorique<\/div>\n<div class=\"page3a2a2a1a2\">Plus de 4,6 kWh\/kg<\/div>\n<div class=\"page3a2a2a1a3\">Taux d\u2019humidit\u00e9<\/div>\n<div class=\"page3a2a2a1a2\">moins de 10%<\/div>\n<div class=\"page3a2a2a1a3\">Taux de cendres<\/div>\n<div class=\"page3a2a2a1a2\">Moins de 0,7%<\/div>\n<div class=\"page3a2a2a1a3\">Taux de poussi\u00e8re<\/div>\n<div class=\"page3a2a2a1a2\">Moins de 0,5%<\/div>\n<div class=\"page3a2a2a1a3\">Diam\u00e8tre : 6mm<\/div>\n<\/div>","protected":false},"excerpt":{"rendered":"<p><span style=\"color: #ff0000;\"><strong><em><img decoding=\"async\" src=\"https:\/\/buches-hiver.com\/wp-content\/uploads\/2023\/04\/6-60x60.png\" \/><\/em><\/strong><strong><em>Livraison standard. (5 \u00e0 7 jours) : 18\u2009\u20ac<\/em><\/strong><\/span><br \/>\n<span style=\"color: #ff0000;\"><strong><em>Livraison Express. (3 Jours) : 22\u2009\u20ac<\/em><\/strong><\/span><\/p>","protected":false},"featured_media":8839,"comment_status":"open","ping_status":"closed","template":"","meta":{"_acf_changed":false,"content-type":"","_monsterinsights_skip_tracking":false,"_monsterinsights_sitenote_active":false,"_monsterinsights_sitenote_note":"","_monsterinsights_sitenote_category":0},"pwb-brand":[],"product_brand":[],"product_cat":[79],"product_tag":[33],"class_list":{"0":"post-7897","1":"product","2":"type-product","3":"status-publish","4":"has-post-thumbnail","6":"product_cat-pellets-granules-de-bois","7":"product_tag-ajoutez-880-00e-a-votre-panier-et-beneficiez-de-la-livraison-gratuite","9":"first","10":"instock","11":"sale","12":"taxable","13":"shipping-taxable","14":"purchasable","15":"product-type-simple"},"acf":[],"aioseo_notices":[],"brands":[],"_links":{"self":[{"href":"https:\/\/www.buches-chaleor.com\/fr\/wp-json\/wp\/v2\/product\/7897","targetHints":{"allow":["GET"]}}],"collection":[{"href":"https:\/\/www.buches-chaleor.com\/fr\/wp-json\/wp\/v2\/product"}],"about":[{"href":"https:\/\/www.buches-chaleor.com\/fr\/wp-json\/wp\/v2\/types\/product"}],"replies":[{"embeddable":true,"href":"https:\/\/www.buches-chaleor.com\/fr\/wp-json\/wp\/v2\/comments?post=7897"}],"wp:featuredmedia":[{"embeddable":true,"href":"https:\/\/www.buches-chaleor.com\/fr\/wp-json\/wp\/v2\/media\/8839"}],"wp:attachment":[{"href":"https:\/\/www.buches-chaleor.com\/fr\/wp-json\/wp\/v2\/media?parent=7897"}],"wp:term":[{"taxonomy":"pwb-brand","embeddable":true,"href":"https:\/\/www.buches-chaleor.com\/fr\/wp-json\/wp\/v2\/pwb-brand?post=7897"},{"taxonomy":"product_brand","embeddable":true,"href":"https:\/\/www.buches-chaleor.com\/fr\/wp-json\/wp\/v2\/product_brand?post=7897"},{"taxonomy":"product_cat","embeddable":true,"href":"https:\/\/www.buches-chaleor.com\/fr\/wp-json\/wp\/v2\/product_cat?post=7897"},{"taxonomy":"product_tag","embeddable":true,"href":"https:\/\/www.buches-chaleor.com\/fr\/wp-json\/wp\/v2\/product_tag?post=7897"}],"curies":[{"name":"wp","href":"https:\/\/api.w.org\/{rel}","templated":true}]}}