{"id":7896,"date":"2025-10-29T06:14:01","date_gmt":"2025-10-29T06:14:01","guid":{"rendered":"https:\/\/fuelbois.com\/?post_type=product&#038;p=7896"},"modified":"2026-03-07T20:29:52","modified_gmt":"2026-03-07T20:29:52","slug":"coterram-pellet-palette-de-70-sacs-de-15-kg","status":"publish","type":"product","link":"https:\/\/www.buches-chaleor.com\/fr\/produit\/coterram-pellet-palette-de-70-sacs-de-15-kg\/","title":{"rendered":"Coterram Pellet - Palette de 70 sacs de 15 kg"},"content":{"rendered":"<p>Ces pellets sont de bonne qualit\u00e9, la mati\u00e8re premi\u00e8re provient de copeaux de pin.<\/p>\n<div>\n<div class=\"page3a2a2a1a3\">\n<p>L\u2019entreprise est experte dans la fabrication de pellets depuis 2013 et gr\u00e2ce \u00e0 des machines performantes et un syst\u00e8me de nettoyage et d\u2019\u00e9cor\u00e7age, ces pellets sont les meilleurs du march\u00e9 en Espagne.<\/p>\n<\/div>\n<div class=\"page3a2a2a1a2\">Avec la certification EN Plus A1, norme europ\u00e9enne, vous avez la garantie d\u2019avoir un pellet de qualit\u00e9 r\u00e9pondant \u00e0 des crit\u00e8res stricts de stockage, d\u2019origine de la mati\u00e8re premi\u00e8re et de suivi de fabrication.<\/div>\n<\/div>\n<div>\n<div class=\"page3a2a2a1a1\">Information compl\u00e9mentaire<\/div>\n<div class=\"page3a2a2a1a3\">Composition<\/div>\n<div class=\"page3a2a2a1a2\">100% bois tendre<\/div>\n<div class=\"page3a2a2a1a3\">Certificats<\/div>\n<div class=\"page3a2a2a1a2\">FR Plus A1<\/div>\n<\/div>","protected":false},"excerpt":{"rendered":"<p><span style=\"color: #ff0000;\"><strong><em><img decoding=\"async\" src=\"https:\/\/buches-hiver.com\/wp-content\/uploads\/2023\/04\/6-60x60.png\" \/><\/em><\/strong><strong><em>Livraison standard. (5 \u00e0 7 jours) : 18\u2009\u20ac<\/em><\/strong><\/span><br \/>\n<span style=\"color: #ff0000;\"><strong><em>Livraison Express. (3 Jours) : 22\u2009\u20ac<\/em><\/strong><\/span><\/p>","protected":false},"featured_media":8906,"comment_status":"open","ping_status":"closed","template":"","meta":{"_acf_changed":false,"content-type":"","_monsterinsights_skip_tracking":false,"_monsterinsights_sitenote_active":false,"_monsterinsights_sitenote_note":"","_monsterinsights_sitenote_category":0},"pwb-brand":[],"product_brand":[],"product_cat":[79],"product_tag":[33],"class_list":{"0":"post-7896","1":"product","2":"type-product","3":"status-publish","4":"has-post-thumbnail","6":"product_cat-pellets-granules-de-bois","7":"product_tag-ajoutez-880-00e-a-votre-panier-et-beneficiez-de-la-livraison-gratuite","9":"first","10":"instock","11":"sale","12":"taxable","13":"shipping-taxable","14":"purchasable","15":"product-type-simple"},"acf":[],"aioseo_notices":[],"brands":[],"_links":{"self":[{"href":"https:\/\/www.buches-chaleor.com\/fr\/wp-json\/wp\/v2\/product\/7896","targetHints":{"allow":["GET"]}}],"collection":[{"href":"https:\/\/www.buches-chaleor.com\/fr\/wp-json\/wp\/v2\/product"}],"about":[{"href":"https:\/\/www.buches-chaleor.com\/fr\/wp-json\/wp\/v2\/types\/product"}],"replies":[{"embeddable":true,"href":"https:\/\/www.buches-chaleor.com\/fr\/wp-json\/wp\/v2\/comments?post=7896"}],"wp:featuredmedia":[{"embeddable":true,"href":"https:\/\/www.buches-chaleor.com\/fr\/wp-json\/wp\/v2\/media\/8906"}],"wp:attachment":[{"href":"https:\/\/www.buches-chaleor.com\/fr\/wp-json\/wp\/v2\/media?parent=7896"}],"wp:term":[{"taxonomy":"pwb-brand","embeddable":true,"href":"https:\/\/www.buches-chaleor.com\/fr\/wp-json\/wp\/v2\/pwb-brand?post=7896"},{"taxonomy":"product_brand","embeddable":true,"href":"https:\/\/www.buches-chaleor.com\/fr\/wp-json\/wp\/v2\/product_brand?post=7896"},{"taxonomy":"product_cat","embeddable":true,"href":"https:\/\/www.buches-chaleor.com\/fr\/wp-json\/wp\/v2\/product_cat?post=7896"},{"taxonomy":"product_tag","embeddable":true,"href":"https:\/\/www.buches-chaleor.com\/fr\/wp-json\/wp\/v2\/product_tag?post=7896"}],"curies":[{"name":"wp","href":"https:\/\/api.w.org\/{rel}","templated":true}]}}