{"id":7895,"date":"2025-10-29T06:17:20","date_gmt":"2025-10-29T06:17:20","guid":{"rendered":"https:\/\/fuelbois.com\/?post_type=product&#038;p=7895"},"modified":"2026-03-07T20:25:48","modified_gmt":"2026-03-07T20:25:48","slug":"bonus-pellet-palette-de-70-sacs-de-15-kg","status":"publish","type":"product","link":"https:\/\/www.buches-chaleor.com\/fr\/produit\/bonus-pellet-palette-de-70-sacs-de-15-kg\/","title":{"rendered":"Bonus Pellet - Palette de 70 sacs de 15 kg"},"content":{"rendered":"<p>Ces granul\u00e9s de bois sont de qualit\u00e9 Premium et sont certifi\u00e9s EN Plus A1 ISO 17225-2.<\/p>\n<p>La norme EN Plus A1 est une norme europ\u00e9enne tr\u00e8s stricte qui contr\u00f4le scrupuleusement les mati\u00e8res premi\u00e8res et leur stockage. La mati\u00e8re premi\u00e8re doit provenir : \u2013 de for\u00eats, de plantations ou de bois vierges \u2013 de sous-produits et d\u00e9chets des industries de transformation du bois \u2013 de bois usag\u00e9s non trait\u00e9s chimiquement<\/p>\n<p>Ils ont un pouvoir calorifique \u00e9lev\u00e9 de plus de 5 kWh\/kg et de faibles niveaux de cendres, de poussi\u00e8re et d\u2019humidit\u00e9. Gr\u00e2ce au pellet vous aurez une bonne chaleur constante et il n\u2019obstruera pas votre po\u00eale, insert ou chaudi\u00e8re<\/p>\n<p>Information compl\u00e9mentaire<\/p>\n<p>Composition<\/p>\n<p>100% bois tendre<\/p>\n<p>Certificats<\/p>\n<p>FR Plus A1<\/p>\n<p>Valeur calorique<\/p>\n<p>Plus de 5 kWh\/kg<\/p>\n<p>Taux d\u2019humidit\u00e9<\/p>\n<p>moins de 8%<\/p>\n<p>Taux de cendres<\/p>\n<p>Moins de 0,3%<\/p>","protected":false},"excerpt":{"rendered":"<p><span style=\"color: #ff0000;\"><strong><em><img decoding=\"async\" src=\"https:\/\/buches-hiver.com\/wp-content\/uploads\/2023\/04\/6-60x60.png\" \/><\/em><\/strong><strong><em>Livraison standard. (5 \u00e0 7 jours) : 18\u2009\u20ac<\/em><\/strong><\/span><br \/>\n<span style=\"color: #ff0000;\"><strong><em>Livraison Express. (3 Jours) : 22\u2009\u20ac<\/em><\/strong><\/span><\/p>","protected":false},"featured_media":8841,"comment_status":"open","ping_status":"closed","template":"","meta":{"_acf_changed":false,"content-type":"","_monsterinsights_skip_tracking":false,"_monsterinsights_sitenote_active":false,"_monsterinsights_sitenote_note":"","_monsterinsights_sitenote_category":0},"pwb-brand":[],"product_brand":[],"product_cat":[79],"product_tag":[33],"class_list":{"0":"post-7895","1":"product","2":"type-product","3":"status-publish","4":"has-post-thumbnail","6":"product_cat-pellets-granules-de-bois","7":"product_tag-ajoutez-880-00e-a-votre-panier-et-beneficiez-de-la-livraison-gratuite","9":"first","10":"instock","11":"sale","12":"taxable","13":"shipping-taxable","14":"purchasable","15":"product-type-simple"},"acf":[],"aioseo_notices":[],"brands":[],"_links":{"self":[{"href":"https:\/\/www.buches-chaleor.com\/fr\/wp-json\/wp\/v2\/product\/7895","targetHints":{"allow":["GET"]}}],"collection":[{"href":"https:\/\/www.buches-chaleor.com\/fr\/wp-json\/wp\/v2\/product"}],"about":[{"href":"https:\/\/www.buches-chaleor.com\/fr\/wp-json\/wp\/v2\/types\/product"}],"replies":[{"embeddable":true,"href":"https:\/\/www.buches-chaleor.com\/fr\/wp-json\/wp\/v2\/comments?post=7895"}],"wp:featuredmedia":[{"embeddable":true,"href":"https:\/\/www.buches-chaleor.com\/fr\/wp-json\/wp\/v2\/media\/8841"}],"wp:attachment":[{"href":"https:\/\/www.buches-chaleor.com\/fr\/wp-json\/wp\/v2\/media?parent=7895"}],"wp:term":[{"taxonomy":"pwb-brand","embeddable":true,"href":"https:\/\/www.buches-chaleor.com\/fr\/wp-json\/wp\/v2\/pwb-brand?post=7895"},{"taxonomy":"product_brand","embeddable":true,"href":"https:\/\/www.buches-chaleor.com\/fr\/wp-json\/wp\/v2\/product_brand?post=7895"},{"taxonomy":"product_cat","embeddable":true,"href":"https:\/\/www.buches-chaleor.com\/fr\/wp-json\/wp\/v2\/product_cat?post=7895"},{"taxonomy":"product_tag","embeddable":true,"href":"https:\/\/www.buches-chaleor.com\/fr\/wp-json\/wp\/v2\/product_tag?post=7895"}],"curies":[{"name":"wp","href":"https:\/\/api.w.org\/{rel}","templated":true}]}}