{"id":7893,"date":"2025-10-29T06:03:15","date_gmt":"2025-10-29T06:03:15","guid":{"rendered":"https:\/\/fuelbois.com\/?post_type=product&#038;p=7893"},"modified":"2026-03-07T20:23:33","modified_gmt":"2026-03-07T20:23:33","slug":"ardenforest-pellet-palette-de-70-sacs-de-15-kg","status":"publish","type":"product","link":"https:\/\/www.buches-chaleor.com\/fr\/produit\/ardenforest-pellet-palette-de-70-sacs-de-15-kg\/","title":{"rendered":"Ardenforest Pellet - Palette de 70 sacs de 15 kg"},"content":{"rendered":"<div class=\"page3a2a2a1a3\">\n<p>Les granul\u00e9s de bois Ardenforest sont certifi\u00e9s DIN Plus et fabriqu\u00e9s en Champagne-Ardenne avec un m\u00e9lange de bois tendres et durs, \u00e0 haut pouvoir calorifique.<\/p>\n<p>Ces pellets sont de bonne qualit\u00e9 et conviennent parfaitement \u00e0 tous les syst\u00e8mes de chauffage \u00e0 pellets tels que po\u00eales, inserts et chaudi\u00e8res.\u00a0100% r\u00e9sineux n\u2019est pas une obligation, n\u2019h\u00e9sitez pas, essayez le m\u00e9lange bois.\u00a0Il n\u2019obstruera pas votre chauffage mais vous procurera une chaleur constante et une mont\u00e9e en temp\u00e9rature rapide.\u00a0Et oui, il est possible de se chauffer avec un pellet qui n\u2019est pas 100% r\u00e9sineux !!<\/p>\n<\/div>\n<div class=\"page3a2a2a1a2\">Un m\u00e9lange de bois dur et tendre fournit une colle naturelle aux granul\u00e9s afin qu\u2019ils ne se brisent pas lors de la compression et du d\u00e9placement vers la tari\u00e8re.\u00a0L\u2019origine du bois est tr\u00e8s importante pour l\u2019environnement, plus vous choisissez un pellet proche de votre habitation, moins il y aura de CO2.\u00a0Pour avoir un bon pellet il faut avoir un taux d\u2019humidit\u00e9 &lt; 10 %, un taux de cendres &lt; 0,7 %, un taux de poussi\u00e8res &lt; 0,5 % et un pouvoir calorique &gt; 4,6 kWh\/kg.<\/div>\n<div class=\"page3a2a2a1a2\">\n<div><\/div>\n<div class=\"page3a2a2a1a1\">Information compl\u00e9mentaire<\/div>\n<div class=\"page3a2a2a1a3\">Composition<\/div>\n<div class=\"page3a2a2a1a2\">Bois tendres et durs<\/div>\n<div class=\"page3a2a2a1a3\">Certificats<\/div>\n<div class=\"page3a2a2a1a2\">DIN Plus, PEFC<\/div>\n<div class=\"page3a2a2a1a3\">Valeur calorique<\/div>\n<div class=\"page3a2a2a1a2\">Plus de 5 kWh\/kg<\/div>\n<div class=\"page3a2a2a1a3\">Taux d\u2019humidit\u00e9<\/div>\n<div class=\"page3a2a2a1a2\">moins de 10%<\/div>\n<div class=\"page3a2a2a1a3\">Taux de cendres<\/div>\n<div class=\"page3a2a2a1a2\">Moins de 0,7%<\/div>\n<div class=\"page3a2a2a1a3\">Taux de poussi\u00e8re<\/div>\n<div class=\"page3a2a2a1a2\">Moins de 0,5%<\/div>\n<div class=\"page3a2a2a1a3\">Diam\u00e8tre<\/div>\n<div class=\"page3a2a2a1a2\">6mm<\/div>\n<\/div>","protected":false},"excerpt":{"rendered":"<p><span style=\"color: #ff0000;\"><strong><em><img decoding=\"async\" src=\"https:\/\/buches-hiver.com\/wp-content\/uploads\/2023\/04\/6-60x60.png\" \/><\/em><\/strong><strong><em>Livraison standard. (5 \u00e0 7 jours) : 18\u2009\u20ac<\/em><\/strong><\/span><br \/>\n<span style=\"color: #ff0000;\"><strong><em>Livraison Express. (3 Jours) : 22\u2009\u20ac<\/em><\/strong><\/span><\/p>","protected":false},"featured_media":8834,"comment_status":"open","ping_status":"closed","template":"","meta":{"_acf_changed":false,"content-type":"","_monsterinsights_skip_tracking":false,"_monsterinsights_sitenote_active":false,"_monsterinsights_sitenote_note":"","_monsterinsights_sitenote_category":0},"pwb-brand":[],"product_brand":[],"product_cat":[79],"product_tag":[33],"class_list":{"0":"post-7893","1":"product","2":"type-product","3":"status-publish","4":"has-post-thumbnail","6":"product_cat-pellets-granules-de-bois","7":"product_tag-ajoutez-880-00e-a-votre-panier-et-beneficiez-de-la-livraison-gratuite","9":"first","10":"instock","11":"sale","12":"taxable","13":"shipping-taxable","14":"purchasable","15":"product-type-simple"},"acf":[],"aioseo_notices":[],"brands":[],"_links":{"self":[{"href":"https:\/\/www.buches-chaleor.com\/fr\/wp-json\/wp\/v2\/product\/7893","targetHints":{"allow":["GET"]}}],"collection":[{"href":"https:\/\/www.buches-chaleor.com\/fr\/wp-json\/wp\/v2\/product"}],"about":[{"href":"https:\/\/www.buches-chaleor.com\/fr\/wp-json\/wp\/v2\/types\/product"}],"replies":[{"embeddable":true,"href":"https:\/\/www.buches-chaleor.com\/fr\/wp-json\/wp\/v2\/comments?post=7893"}],"wp:featuredmedia":[{"embeddable":true,"href":"https:\/\/www.buches-chaleor.com\/fr\/wp-json\/wp\/v2\/media\/8834"}],"wp:attachment":[{"href":"https:\/\/www.buches-chaleor.com\/fr\/wp-json\/wp\/v2\/media?parent=7893"}],"wp:term":[{"taxonomy":"pwb-brand","embeddable":true,"href":"https:\/\/www.buches-chaleor.com\/fr\/wp-json\/wp\/v2\/pwb-brand?post=7893"},{"taxonomy":"product_brand","embeddable":true,"href":"https:\/\/www.buches-chaleor.com\/fr\/wp-json\/wp\/v2\/product_brand?post=7893"},{"taxonomy":"product_cat","embeddable":true,"href":"https:\/\/www.buches-chaleor.com\/fr\/wp-json\/wp\/v2\/product_cat?post=7893"},{"taxonomy":"product_tag","embeddable":true,"href":"https:\/\/www.buches-chaleor.com\/fr\/wp-json\/wp\/v2\/product_tag?post=7893"}],"curies":[{"name":"wp","href":"https:\/\/api.w.org\/{rel}","templated":true}]}}