{"id":7892,"date":"2025-10-29T05:50:32","date_gmt":"2025-10-29T05:50:32","guid":{"rendered":"https:\/\/fuelbois.com\/?post_type=product&#038;p=7892"},"modified":"2026-03-07T20:23:26","modified_gmt":"2026-03-07T20:23:26","slug":"azur-pellet-palette","status":"publish","type":"product","link":"https:\/\/www.buches-chaleor.com\/fr\/produit\/azur-pellet-palette\/","title":{"rendered":"AZUR PELLET (PALETTE)"},"content":{"rendered":"<ul>\n<li>Pouvoir calorifique important : 5,2 kWh\/kg<\/li>\n<li>Normes DIN + et EN plus<\/li>\n<li>Granul\u00e9 fabriqu\u00e9 sans additif ni produit liant, 100 % naturel, 100 % r\u00e9sineux<\/li>\n<li>Quasiment pas de poussi\u00e8re 0.13%<\/li>\n<li>R\u00e9sidu de cendres quasi nul 0.3 %<\/li>\n<li>Taux d\u2019humidit\u00e9 tr\u00e8s faible\u00a08.61 %<\/li>\n<li>Diam\u00e8tre granul\u00e9s : 6mm<\/li>\n<li>Conditionnement : sacs de 15kgs ; 65 sacs par palettes<\/li>\n<\/ul>","protected":false},"excerpt":{"rendered":"<p><span style=\"color: #ff0000;\"><strong><em><img decoding=\"async\" src=\"https:\/\/buches-hiver.com\/wp-content\/uploads\/2023\/04\/6-60x60.png\" \/><\/em><\/strong><strong><em>Livraison standard. (5 \u00e0 7 jours) : 18\u2009\u20ac<\/em><\/strong><\/span><br \/>\n<span style=\"color: #ff0000;\"><strong><em>Livraison Express. (3 Jours) : 22\u2009\u20ac<\/em><\/strong><\/span><\/p>\n<p>C\u2019est un combustible 100 % naturel r\u00e9serv\u00e9 aux po\u00eales ou chaudi\u00e8res \u00e0 granul\u00e9 (pellet). Une palette compl\u00e8te se compose de 65 sacs de 15 kg (980 kg).<\/p>","protected":false},"featured_media":8836,"comment_status":"open","ping_status":"closed","template":"","meta":{"_acf_changed":false,"content-type":"","_monsterinsights_skip_tracking":false,"_monsterinsights_sitenote_active":false,"_monsterinsights_sitenote_note":"","_monsterinsights_sitenote_category":0},"pwb-brand":[],"product_brand":[],"product_cat":[79],"product_tag":[33],"class_list":{"0":"post-7892","1":"product","2":"type-product","3":"status-publish","4":"has-post-thumbnail","6":"product_cat-pellets-granules-de-bois","7":"product_tag-ajoutez-880-00e-a-votre-panier-et-beneficiez-de-la-livraison-gratuite","9":"first","10":"instock","11":"taxable","12":"shipping-taxable","13":"purchasable","14":"product-type-simple"},"acf":[],"aioseo_notices":[],"brands":[],"_links":{"self":[{"href":"https:\/\/www.buches-chaleor.com\/fr\/wp-json\/wp\/v2\/product\/7892","targetHints":{"allow":["GET"]}}],"collection":[{"href":"https:\/\/www.buches-chaleor.com\/fr\/wp-json\/wp\/v2\/product"}],"about":[{"href":"https:\/\/www.buches-chaleor.com\/fr\/wp-json\/wp\/v2\/types\/product"}],"replies":[{"embeddable":true,"href":"https:\/\/www.buches-chaleor.com\/fr\/wp-json\/wp\/v2\/comments?post=7892"}],"wp:featuredmedia":[{"embeddable":true,"href":"https:\/\/www.buches-chaleor.com\/fr\/wp-json\/wp\/v2\/media\/8836"}],"wp:attachment":[{"href":"https:\/\/www.buches-chaleor.com\/fr\/wp-json\/wp\/v2\/media?parent=7892"}],"wp:term":[{"taxonomy":"pwb-brand","embeddable":true,"href":"https:\/\/www.buches-chaleor.com\/fr\/wp-json\/wp\/v2\/pwb-brand?post=7892"},{"taxonomy":"product_brand","embeddable":true,"href":"https:\/\/www.buches-chaleor.com\/fr\/wp-json\/wp\/v2\/product_brand?post=7892"},{"taxonomy":"product_cat","embeddable":true,"href":"https:\/\/www.buches-chaleor.com\/fr\/wp-json\/wp\/v2\/product_cat?post=7892"},{"taxonomy":"product_tag","embeddable":true,"href":"https:\/\/www.buches-chaleor.com\/fr\/wp-json\/wp\/v2\/product_tag?post=7892"}],"curies":[{"name":"wp","href":"https:\/\/api.w.org\/{rel}","templated":true}]}}