{"id":7889,"date":"2025-10-29T05:43:12","date_gmt":"2025-10-29T05:43:12","guid":{"rendered":"https:\/\/fuelbois.com\/?post_type=product&#038;p=7889"},"modified":"2026-03-07T20:17:17","modified_gmt":"2026-03-07T20:17:17","slug":"pellet-premium-65-sacs-de-15kg","status":"publish","type":"product","link":"https:\/\/www.buches-chaleor.com\/fr\/produit\/pellet-premium-65-sacs-de-15kg\/","title":{"rendered":"\u201cPellet Premium\u201d \u2013 65 sacs de 15kg"},"content":{"rendered":"<p>65 sacs de 15kg empil\u00e9s sur une palette. Poids total 975 kg.<br \/>\nCes pellets de qualit\u00e9 sup\u00e9rieure sont compos\u00e9s \u00e0 100 % de bois r\u00e9sineux pur.<br \/>\nIls sont fabriqu\u00e9s \u00e0 partir de b\u00fbches sans \u00e9corce.<br \/>\nLes pellets premium sont les meilleurs du march\u00e9.<\/p>\n<p>Donn\u00e9es techniques :<\/p>\n<p>Diam\u00e8tre des pellets : 6mm<br \/>\nLongueur : entre 3,15 et 4 mm<br \/>\nTeneur en cendres : &lt;= 0,5<br \/>\nTaux d\u2019humidit\u00e9 : &lt;= 10%<br \/>\nPouvoir calorifique inf\u00e9rieur : &gt;= 5 KWh\/kg<\/p>","protected":false},"excerpt":{"rendered":"<p><span style=\"color: #ff0000;\"><strong><em><img decoding=\"async\" src=\"https:\/\/buches-hiver.com\/wp-content\/uploads\/2023\/04\/6-60x60.png\" \/><\/em><\/strong><strong><em>Livraison standard. (5 \u00e0 7 jours) : 18\u2009\u20ac<\/em><\/strong><\/span><br \/>\n<span style=\"color: #ff0000;\"><strong><em>Livraison Express. (3 Jours) : 22\u2009\u20ac<\/em><\/strong><\/span><\/p>\n<p>65 sacs de 15kg empil\u00e9s sur une palette. Poids total 975 kg.<br \/>\nCes pellets de qualit\u00e9 sup\u00e9rieure sont compos\u00e9s \u00e0 100 % de bois r\u00e9sineux pur.<br \/>\nIls sont fabriqu\u00e9s \u00e0 partir de b\u00fbches sans \u00e9corce.<br \/>\nLes pellets premium sont les meilleurs du march\u00e9.<\/p>","protected":false},"featured_media":8826,"comment_status":"open","ping_status":"closed","template":"","meta":{"_acf_changed":false,"content-type":"","_monsterinsights_skip_tracking":false,"_monsterinsights_sitenote_active":false,"_monsterinsights_sitenote_note":"","_monsterinsights_sitenote_category":0},"pwb-brand":[],"product_brand":[],"product_cat":[79],"product_tag":[33],"class_list":{"0":"post-7889","1":"product","2":"type-product","3":"status-publish","4":"has-post-thumbnail","6":"product_cat-pellets-granules-de-bois","7":"product_tag-ajoutez-880-00e-a-votre-panier-et-beneficiez-de-la-livraison-gratuite","9":"first","10":"instock","11":"taxable","12":"shipping-taxable","13":"purchasable","14":"product-type-simple"},"acf":[],"aioseo_notices":[],"brands":[],"_links":{"self":[{"href":"https:\/\/www.buches-chaleor.com\/fr\/wp-json\/wp\/v2\/product\/7889","targetHints":{"allow":["GET"]}}],"collection":[{"href":"https:\/\/www.buches-chaleor.com\/fr\/wp-json\/wp\/v2\/product"}],"about":[{"href":"https:\/\/www.buches-chaleor.com\/fr\/wp-json\/wp\/v2\/types\/product"}],"replies":[{"embeddable":true,"href":"https:\/\/www.buches-chaleor.com\/fr\/wp-json\/wp\/v2\/comments?post=7889"}],"wp:featuredmedia":[{"embeddable":true,"href":"https:\/\/www.buches-chaleor.com\/fr\/wp-json\/wp\/v2\/media\/8826"}],"wp:attachment":[{"href":"https:\/\/www.buches-chaleor.com\/fr\/wp-json\/wp\/v2\/media?parent=7889"}],"wp:term":[{"taxonomy":"pwb-brand","embeddable":true,"href":"https:\/\/www.buches-chaleor.com\/fr\/wp-json\/wp\/v2\/pwb-brand?post=7889"},{"taxonomy":"product_brand","embeddable":true,"href":"https:\/\/www.buches-chaleor.com\/fr\/wp-json\/wp\/v2\/product_brand?post=7889"},{"taxonomy":"product_cat","embeddable":true,"href":"https:\/\/www.buches-chaleor.com\/fr\/wp-json\/wp\/v2\/product_cat?post=7889"},{"taxonomy":"product_tag","embeddable":true,"href":"https:\/\/www.buches-chaleor.com\/fr\/wp-json\/wp\/v2\/product_tag?post=7889"}],"curies":[{"name":"wp","href":"https:\/\/api.w.org\/{rel}","templated":true}]}}