{"id":7859,"date":"2025-10-28T22:10:14","date_gmt":"2025-10-28T22:10:14","guid":{"rendered":"https:\/\/fuelbois.com\/?post_type=product&#038;p=7859"},"modified":"2026-03-07T18:42:50","modified_gmt":"2026-03-07T18:42:50","slug":"ensemble-de-84-sacs-une-palette-de-bois-de-chauffage-ultra-sec-en-chene","status":"publish","type":"product","link":"https:\/\/www.buches-chaleor.com\/fr\/produit\/ensemble-de-84-sacs-une-palette-de-bois-de-chauffage-ultra-sec-en-chene\/","title":{"rendered":"Ensemble de 84 sacs (Une palette) de bois de chauffage ultra sec en ch\u00eane"},"content":{"rendered":"<p>D\u00e9couvrez notre ensemble de 84 sacs de bois de chauffage en ch\u00eane ultra sec, regroup\u00e9s sur une palette pratique. Chaque sac est soigneusement s\u00e9lectionn\u00e9 et conditionn\u00e9 pour vous offrir un combustible de haute qualit\u00e9. Le ch\u00eane, connu pour sa densit\u00e9 et son pouvoir calorifique \u00e9lev\u00e9, garantit une combustion efficace et durable.<\/p>\n<p>Notre bois de chauffage est sp\u00e9cialement s\u00e9ch\u00e9 pour atteindre un taux d\u2019humidit\u00e9 extr\u00eamement bas, ce qui facilite son allumage et r\u00e9duit les \u00e9missions de fum\u00e9e. Vous pouvez donc profiter d\u2019un foyer chaleureux et confortable sans les inconv\u00e9nients li\u00e9s \u00e0 un bois humide.<\/p>\n<p>Avec cet ensemble pratique, vous disposez de 84 sacs de bois de chauffage pr\u00eats \u00e0 \u00eatre utilis\u00e9s, ce qui vous permet de faire face aux longues soir\u00e9es d\u2019hiver sans vous soucier de manquer de combustible. La palette facilite \u00e9galement le stockage et le transport, en \u00e9vitant les tracas de la manipulation individuelle des sacs.<\/p>\n<p>Optez pour notre ensemble de 84 sacs de bois de chauffage ultra sec en ch\u00eane et offrez-vous une source de chaleur fiable, naturelle et \u00e9cologique pour votre foyer. Profitez de l\u2019agr\u00e9ment d\u2019un feu chaleureux tout en r\u00e9duisant votre empreinte carbone.<\/p>","protected":false},"excerpt":{"rendered":"<p><span style=\"color: #ff0000;\"><strong><em><img decoding=\"async\" src=\"https:\/\/buches-hiver.com\/wp-content\/uploads\/2023\/04\/6-60x60.png\" \/><\/em><\/strong><strong><em>Livraison standard. (5 \u00e0 7 jours) : 18\u2009\u20ac<\/em><\/strong><\/span><br \/>\n<span style=\"color: #ff0000;\"><strong><em>Livraison Express. (3 Jours) : 22\u2009\u20ac<\/em><\/strong><\/span><\/p>\n<p>Optez pour notre ensemble de 84 sacs de bois de chauffage ultra sec en ch\u00eane et offrez-vous une source de chaleur fiable, naturelle et \u00e9cologique pour votre foyer. Profitez de l\u2019agr\u00e9ment d\u2019un feu chaleureux tout en r\u00e9duisant votre empreinte carbone.<\/p>","protected":false},"featured_media":8809,"comment_status":"open","ping_status":"closed","template":"","meta":{"_acf_changed":false,"content-type":"","_monsterinsights_skip_tracking":false,"_monsterinsights_sitenote_active":false,"_monsterinsights_sitenote_note":"","_monsterinsights_sitenote_category":0},"pwb-brand":[],"product_brand":[],"product_cat":[39],"product_tag":[33],"class_list":{"0":"post-7859","1":"product","2":"type-product","3":"status-publish","4":"has-post-thumbnail","6":"product_cat-bois-de-chauffage","7":"product_tag-ajoutez-880-00e-a-votre-panier-et-beneficiez-de-la-livraison-gratuite","9":"first","10":"instock","11":"taxable","12":"shipping-taxable","13":"purchasable","14":"product-type-simple"},"acf":[],"aioseo_notices":[],"brands":[],"_links":{"self":[{"href":"https:\/\/www.buches-chaleor.com\/fr\/wp-json\/wp\/v2\/product\/7859","targetHints":{"allow":["GET"]}}],"collection":[{"href":"https:\/\/www.buches-chaleor.com\/fr\/wp-json\/wp\/v2\/product"}],"about":[{"href":"https:\/\/www.buches-chaleor.com\/fr\/wp-json\/wp\/v2\/types\/product"}],"replies":[{"embeddable":true,"href":"https:\/\/www.buches-chaleor.com\/fr\/wp-json\/wp\/v2\/comments?post=7859"}],"wp:featuredmedia":[{"embeddable":true,"href":"https:\/\/www.buches-chaleor.com\/fr\/wp-json\/wp\/v2\/media\/8809"}],"wp:attachment":[{"href":"https:\/\/www.buches-chaleor.com\/fr\/wp-json\/wp\/v2\/media?parent=7859"}],"wp:term":[{"taxonomy":"pwb-brand","embeddable":true,"href":"https:\/\/www.buches-chaleor.com\/fr\/wp-json\/wp\/v2\/pwb-brand?post=7859"},{"taxonomy":"product_brand","embeddable":true,"href":"https:\/\/www.buches-chaleor.com\/fr\/wp-json\/wp\/v2\/product_brand?post=7859"},{"taxonomy":"product_cat","embeddable":true,"href":"https:\/\/www.buches-chaleor.com\/fr\/wp-json\/wp\/v2\/product_cat?post=7859"},{"taxonomy":"product_tag","embeddable":true,"href":"https:\/\/www.buches-chaleor.com\/fr\/wp-json\/wp\/v2\/product_tag?post=7859"}],"curies":[{"name":"wp","href":"https:\/\/api.w.org\/{rel}","templated":true}]}}