{"id":7857,"date":"2025-10-28T22:03:50","date_gmt":"2025-10-28T22:03:50","guid":{"rendered":"https:\/\/fuelbois.com\/?post_type=product&#038;p=7857"},"modified":"2026-03-07T18:37:29","modified_gmt":"2026-03-07T18:37:29","slug":"buches-extra-sec-30-cm-1-45-steres-1-3m%c2%b3-vrac","status":"publish","type":"product","link":"https:\/\/www.buches-chaleor.com\/fr\/produit\/buches-extra-sec-30-cm-1-45-steres-1-3m%c2%b3-vrac\/","title":{"rendered":"B\u00fbches extra sec 30 cm, 1.45 st\u00e8res, 1.3m\u00b3 vrac"},"content":{"rendered":"<table class=\"o-product-features\" role=\"presentation\" width=\"676\" data-cerberus=\"TABLE_AttributesProduct\">\n<tbody>\n<tr class=\"m-product-attr-row\">\n<th class=\"m-product-attr-row__name\" scope=\"row\" data-tracker-optimeeze-index=\"0\">Nom du produit<\/th>\n<td class=\"m-product-attr-row__value\">B\u00fbches<\/td>\n<\/tr>\n<tr class=\"m-product-attr-row\">\n<th class=\"m-product-attr-row__name\" scope=\"row\" data-tracker-optimeeze-index=\"1\">Longueur (en cm)<\/th>\n<td class=\"m-product-attr-row__value\">30<\/td>\n<\/tr>\n<tr class=\"m-product-attr-row\">\n<th class=\"m-product-attr-row__name\" scope=\"row\" data-tracker-optimeeze-index=\"2\">Poids du produit nu (en kg)<\/th>\n<td class=\"m-product-attr-row__value\">465<\/td>\n<\/tr>\n<tr class=\"m-product-attr-row\">\n<th class=\"m-product-attr-row__name\" scope=\"row\" data-tracker-optimeeze-index=\"3\">Type de conditionnement<\/th>\n<td class=\"m-product-attr-row__value\">En palette<\/td>\n<\/tr>\n<tr class=\"m-product-attr-row\">\n<th class=\"m-product-attr-row__name\" scope=\"row\" data-tracker-optimeeze-index=\"4\">Produit emball\u00e9 : hauteur (en cm)<\/th>\n<td class=\"m-product-attr-row__value\">125<\/td>\n<\/tr>\n<tr class=\"m-product-attr-row\">\n<th class=\"m-product-attr-row__name\" scope=\"row\" data-tracker-optimeeze-index=\"5\">Produit emball\u00e9 : largeur (en cm)<\/th>\n<td class=\"m-product-attr-row__value\">120<\/td>\n<\/tr>\n<tr class=\"m-product-attr-row\">\n<th class=\"m-product-attr-row__name\" scope=\"row\" data-tracker-optimeeze-index=\"6\">Produit emball\u00e9 : profondeur (en cm)<\/th>\n<td class=\"m-product-attr-row__value\">100<\/td>\n<\/tr>\n<tr class=\"m-product-attr-row\">\n<th class=\"m-product-attr-row__name\" scope=\"row\" data-tracker-optimeeze-index=\"7\">Produit emball\u00e9 : poids (en kg)<\/th>\n<td class=\"m-product-attr-row__value\">485<\/td>\n<\/tr>\n<\/tbody>\n<\/table>","protected":false},"excerpt":{"rendered":"<p><span style=\"color: #ff0000;\"><strong><em><img decoding=\"async\" src=\"https:\/\/buches-hiver.com\/wp-content\/uploads\/2023\/04\/6-60x60.png\" \/><\/em><\/strong><strong><em>Livraison standard. (5 \u00e0 7 jours) : 18\u2009\u20ac<\/em><\/strong><\/span><br \/>\n<span style=\"color: #ff0000;\"><strong><em>Livraison Express. (3 Jours) : 22\u2009\u20ac<\/em><\/strong><\/span><\/p>\n<p>100% feuillus durs Haute performance calorifique Bois s\u00e9ch\u00e9 \u00e0 moins de 20 % d\u2019humidit\u00e9, \u00e9corc\u00e9 et sans mousse. Certifi\u00e9 NF bois de chauffage H1G1 et test\u00e9 CERIC<\/p>","protected":false},"featured_media":8805,"comment_status":"open","ping_status":"closed","template":"","meta":{"_acf_changed":false,"content-type":"","_monsterinsights_skip_tracking":false,"_monsterinsights_sitenote_active":false,"_monsterinsights_sitenote_note":"","_monsterinsights_sitenote_category":0},"pwb-brand":[],"product_brand":[],"product_cat":[39],"product_tag":[33],"class_list":{"0":"post-7857","1":"product","2":"type-product","3":"status-publish","4":"has-post-thumbnail","6":"product_cat-bois-de-chauffage","7":"product_tag-ajoutez-880-00e-a-votre-panier-et-beneficiez-de-la-livraison-gratuite","9":"first","10":"instock","11":"taxable","12":"shipping-taxable","13":"purchasable","14":"product-type-simple"},"acf":[],"aioseo_notices":[],"brands":[],"_links":{"self":[{"href":"https:\/\/www.buches-chaleor.com\/fr\/wp-json\/wp\/v2\/product\/7857","targetHints":{"allow":["GET"]}}],"collection":[{"href":"https:\/\/www.buches-chaleor.com\/fr\/wp-json\/wp\/v2\/product"}],"about":[{"href":"https:\/\/www.buches-chaleor.com\/fr\/wp-json\/wp\/v2\/types\/product"}],"replies":[{"embeddable":true,"href":"https:\/\/www.buches-chaleor.com\/fr\/wp-json\/wp\/v2\/comments?post=7857"}],"wp:featuredmedia":[{"embeddable":true,"href":"https:\/\/www.buches-chaleor.com\/fr\/wp-json\/wp\/v2\/media\/8805"}],"wp:attachment":[{"href":"https:\/\/www.buches-chaleor.com\/fr\/wp-json\/wp\/v2\/media?parent=7857"}],"wp:term":[{"taxonomy":"pwb-brand","embeddable":true,"href":"https:\/\/www.buches-chaleor.com\/fr\/wp-json\/wp\/v2\/pwb-brand?post=7857"},{"taxonomy":"product_brand","embeddable":true,"href":"https:\/\/www.buches-chaleor.com\/fr\/wp-json\/wp\/v2\/product_brand?post=7857"},{"taxonomy":"product_cat","embeddable":true,"href":"https:\/\/www.buches-chaleor.com\/fr\/wp-json\/wp\/v2\/product_cat?post=7857"},{"taxonomy":"product_tag","embeddable":true,"href":"https:\/\/www.buches-chaleor.com\/fr\/wp-json\/wp\/v2\/product_tag?post=7857"}],"curies":[{"name":"wp","href":"https:\/\/api.w.org\/{rel}","templated":true}]}}