{"id":7856,"date":"2025-10-28T22:00:41","date_gmt":"2025-10-28T22:00:41","guid":{"rendered":"https:\/\/fuelbois.com\/?post_type=product&#038;p=7856"},"modified":"2026-03-07T18:35:52","modified_gmt":"2026-03-07T18:35:52","slug":"buches-de-bois-de-chauffage-tres-epaisses-sechees-au-four-dans-un-sac-en-vrac","status":"publish","type":"product","link":"https:\/\/www.buches-chaleor.com\/fr\/produit\/buches-de-bois-de-chauffage-tres-epaisses-sechees-au-four-dans-un-sac-en-vrac\/","title":{"rendered":"B\u00fbches de bois de chauffage tr\u00e8s \u00e9paisses s\u00e9ch\u00e9es au four dans un sac en vrac"},"content":{"rendered":"<p>Le bois de chauffage de bouleau s\u00e9ch\u00e9 de premi\u00e8re qualit\u00e9 a \u00e9t\u00e9 produit pour les utilisateurs de b\u00fbches qui souhaitent br\u00fbler un combustible de haute qualit\u00e9 avec une teneur \u00e9lev\u00e9e en chaleur.\u00a0Notre combustible sec est fabriqu\u00e9 \u00e0 partir de bois vierge 100 % local provenant de sources durables et certifi\u00e9 BSL\/FSC, avec une faible humidit\u00e9 inf\u00e9rieure \u00e0 20 %.\u00a0C\u2019est le combustible id\u00e9al pour votre chaudi\u00e8re \u00e0 b\u00fbches, votre po\u00eale \u00e0 bois ou votre feu ouvert, que ce soit pour chauffer votre habitation ou votre commerce.<\/p>","protected":false},"excerpt":{"rendered":"<p><span style=\"color: #ff0000;\"><strong><em><img decoding=\"async\" src=\"https:\/\/buches-hiver.com\/wp-content\/uploads\/2023\/04\/6-60x60.png\" \/><\/em><\/strong><strong><em>Livraison standard. (5 \u00e0 7 jours) : 18\u2009\u20ac<\/em><\/strong><\/span><br \/>\n<span style=\"color: #ff0000;\"><strong><em>Livraison Express. (3 Jours) : 22\u2009\u20ac<\/em><\/strong><\/span><\/p>","protected":false},"featured_media":8803,"comment_status":"open","ping_status":"closed","template":"","meta":{"_acf_changed":false,"content-type":"","_monsterinsights_skip_tracking":false,"_monsterinsights_sitenote_active":false,"_monsterinsights_sitenote_note":"","_monsterinsights_sitenote_category":0},"pwb-brand":[],"product_brand":[],"product_cat":[39],"product_tag":[33],"class_list":{"0":"post-7856","1":"product","2":"type-product","3":"status-publish","4":"has-post-thumbnail","6":"product_cat-bois-de-chauffage","7":"product_tag-ajoutez-880-00e-a-votre-panier-et-beneficiez-de-la-livraison-gratuite","9":"first","10":"instock","11":"sale","12":"taxable","13":"shipping-taxable","14":"purchasable","15":"product-type-simple"},"acf":[],"aioseo_notices":[],"brands":[],"_links":{"self":[{"href":"https:\/\/www.buches-chaleor.com\/fr\/wp-json\/wp\/v2\/product\/7856","targetHints":{"allow":["GET"]}}],"collection":[{"href":"https:\/\/www.buches-chaleor.com\/fr\/wp-json\/wp\/v2\/product"}],"about":[{"href":"https:\/\/www.buches-chaleor.com\/fr\/wp-json\/wp\/v2\/types\/product"}],"replies":[{"embeddable":true,"href":"https:\/\/www.buches-chaleor.com\/fr\/wp-json\/wp\/v2\/comments?post=7856"}],"wp:featuredmedia":[{"embeddable":true,"href":"https:\/\/www.buches-chaleor.com\/fr\/wp-json\/wp\/v2\/media\/8803"}],"wp:attachment":[{"href":"https:\/\/www.buches-chaleor.com\/fr\/wp-json\/wp\/v2\/media?parent=7856"}],"wp:term":[{"taxonomy":"pwb-brand","embeddable":true,"href":"https:\/\/www.buches-chaleor.com\/fr\/wp-json\/wp\/v2\/pwb-brand?post=7856"},{"taxonomy":"product_brand","embeddable":true,"href":"https:\/\/www.buches-chaleor.com\/fr\/wp-json\/wp\/v2\/product_brand?post=7856"},{"taxonomy":"product_cat","embeddable":true,"href":"https:\/\/www.buches-chaleor.com\/fr\/wp-json\/wp\/v2\/product_cat?post=7856"},{"taxonomy":"product_tag","embeddable":true,"href":"https:\/\/www.buches-chaleor.com\/fr\/wp-json\/wp\/v2\/product_tag?post=7856"}],"curies":[{"name":"wp","href":"https:\/\/api.w.org\/{rel}","templated":true}]}}