{"id":7855,"date":"2025-10-28T21:57:12","date_gmt":"2025-10-28T21:57:12","guid":{"rendered":"https:\/\/fuelbois.com\/?post_type=product&#038;p=7855"},"modified":"2026-03-07T18:27:26","modified_gmt":"2026-03-07T18:27:26","slug":"6-steres-de-33-cm-chene-de-charme-melange-hetre-et-frene-en-vrac","status":"publish","type":"product","link":"https:\/\/www.buches-chaleor.com\/fr\/produit\/6-steres-de-33-cm-chene-de-charme-melange-hetre-et-frene-en-vrac\/","title":{"rendered":"6 st\u00e8res de 33 cm Ch\u00eane de charme m\u00e9lange h\u00eatre et fr\u00eane en vrac"},"content":{"rendered":"<p><strong>Bois de chauffage en ch\u00eane,<\/strong><\/p>\n<p><strong>Bois de chauffage de fr\u00eane,<\/strong><\/p>\n<p><strong>Bois de chauffage en h\u00eatre,<\/strong><\/p>\n<p><strong>Charme du bois de chauffage<\/strong><\/p>\n<p><strong>St\u00e8res de bois en VRAC MIX Les b\u00fbches de bois traditionnelles sont conditionn\u00e9es en 6 st\u00e8res de 33 cm.\u00a0M\u00c9LANGE DE CH\u00caNE DE CHARME<\/strong><\/p>\n<p><strong>Utilisation dans tous types d\u2019appareils \u00e0 bois (chemin\u00e9es ouvertes, inserts, po\u00eales, chaudi\u00e8res, po\u00eales \u00e0 bois dont barbecues, fours \u00e0 pizza ou de boulangerie).<\/strong><\/p>\n<p><strong>OrigineFRANCECalibre&lt; &gt; 33 cm Taux de cendres1,2%Taux d\u2019humidit\u00e9&lt;20 \u00e0 25%Pouvoir calorifique2 150kWh\/st\u00e9r\u00e9o Qualit\u00e9 \u2013 Composition CH\u00caNE, B\u00c9TON, H\u00caTRE ET Fr\u00eane<\/strong><\/p>\n<p><strong>Nos b\u00fbches sont manipul\u00e9es sans poussi\u00e8re ni r\u00e9sidu.<\/strong><\/p>\n<p><strong>Le bois MELANGE vous facilitera l\u2019allumage du feu et garantira de belles flammes et un<\/strong><\/p>\n<p><strong>calorifique important.<\/strong><\/p>\n<p><strong>Les grumes sont d\u00e9coup\u00e9es et conditionn\u00e9es selon un cahier des charges strict et sont soumises \u00e0 des contr\u00f4les permanents OAK MELANGE CHARME.<\/strong><\/p>\n<p><strong>LE STOCKAGE INT\u00c9RIEUR, POUR GARANTIR DES PRODUITS SECS TOUTE L\u2019ANN\u00c9E !<\/strong><\/p>","protected":false},"excerpt":{"rendered":"<p><strong><em><img decoding=\"async\" src=\"https:\/\/buches-hiver.com\/wp-content\/uploads\/2023\/04\/6-60x60.png\" \/><\/em><\/strong><span style=\"color: #ff0000;\"><strong><em>Livraison standard. (5 \u00e0 7 jours) : 18\u2009\u20ac<\/em><\/strong><\/span><br \/>\n<span style=\"color: #ff0000;\"><strong><em>Livraison Express. (3 Jours) : 22\u2009\u20ac<\/em><\/strong><\/span><\/p>\n<p>St\u00e8res de bois en VRAC MIX Les b\u00fbches de bois traditionnelles sont conditionn\u00e9es en 6 st\u00e8res de 33 cm.\u00a0M\u00c9LANGE DE CH\u00caNE DE CHARME<\/p>\n<p>Utilisation dans tous types d\u2019appareils \u00e0 bois (chemin\u00e9es ouvertes, inserts, po\u00eales, chaudi\u00e8res, po\u00eales \u00e0 bois dont barbecues, fours \u00e0 pizza ou de boulangerie).<\/p>","protected":false},"featured_media":8892,"comment_status":"open","ping_status":"closed","template":"","meta":{"_acf_changed":false,"content-type":"","_monsterinsights_skip_tracking":false,"_monsterinsights_sitenote_active":false,"_monsterinsights_sitenote_note":"","_monsterinsights_sitenote_category":0},"pwb-brand":[],"product_brand":[],"product_cat":[39],"product_tag":[33],"class_list":{"0":"post-7855","1":"product","2":"type-product","3":"status-publish","4":"has-post-thumbnail","6":"product_cat-bois-de-chauffage","7":"product_tag-ajoutez-880-00e-a-votre-panier-et-beneficiez-de-la-livraison-gratuite","9":"first","10":"instock","11":"taxable","12":"shipping-taxable","13":"purchasable","14":"product-type-simple"},"acf":[],"aioseo_notices":[],"brands":[],"_links":{"self":[{"href":"https:\/\/www.buches-chaleor.com\/fr\/wp-json\/wp\/v2\/product\/7855","targetHints":{"allow":["GET"]}}],"collection":[{"href":"https:\/\/www.buches-chaleor.com\/fr\/wp-json\/wp\/v2\/product"}],"about":[{"href":"https:\/\/www.buches-chaleor.com\/fr\/wp-json\/wp\/v2\/types\/product"}],"replies":[{"embeddable":true,"href":"https:\/\/www.buches-chaleor.com\/fr\/wp-json\/wp\/v2\/comments?post=7855"}],"wp:featuredmedia":[{"embeddable":true,"href":"https:\/\/www.buches-chaleor.com\/fr\/wp-json\/wp\/v2\/media\/8892"}],"wp:attachment":[{"href":"https:\/\/www.buches-chaleor.com\/fr\/wp-json\/wp\/v2\/media?parent=7855"}],"wp:term":[{"taxonomy":"pwb-brand","embeddable":true,"href":"https:\/\/www.buches-chaleor.com\/fr\/wp-json\/wp\/v2\/pwb-brand?post=7855"},{"taxonomy":"product_brand","embeddable":true,"href":"https:\/\/www.buches-chaleor.com\/fr\/wp-json\/wp\/v2\/product_brand?post=7855"},{"taxonomy":"product_cat","embeddable":true,"href":"https:\/\/www.buches-chaleor.com\/fr\/wp-json\/wp\/v2\/product_cat?post=7855"},{"taxonomy":"product_tag","embeddable":true,"href":"https:\/\/www.buches-chaleor.com\/fr\/wp-json\/wp\/v2\/product_tag?post=7855"}],"curies":[{"name":"wp","href":"https:\/\/api.w.org\/{rel}","templated":true}]}}