{"id":7854,"date":"2025-10-28T21:53:18","date_gmt":"2025-10-28T21:53:18","guid":{"rendered":"https:\/\/fuelbois.com\/?post_type=product&#038;p=7854"},"modified":"2026-03-07T18:17:16","modified_gmt":"2026-03-07T18:17:16","slug":"50-cm-25-steres-bois-de-chauffage-melange-de-chene-charme","status":"publish","type":"product","link":"https:\/\/www.buches-chaleor.com\/fr\/produit\/50-cm-25-steres-bois-de-chauffage-melange-de-chene-charme\/","title":{"rendered":"50 cm 2,5 st\u00e8res -Bois de chauffage (m\u00e9lange de ch\u00eane, charme)"},"content":{"rendered":"<p>Ces b\u00fbches sont divis\u00e9es en 50 cm, id\u00e9ales pour les chemin\u00e9es et inserts.<\/p>\n<p>N\u2019oubliez pas que pour bien s\u00e9cher votre bois, vous devez le stocker dans un endroit sec, a\u00e9r\u00e9 et prot\u00e9g\u00e9 de l\u2019humidit\u00e9.<\/p>\n<p>L\u2019id\u00e9al est sous un abri type terrasse (ouvert \u00e0 l\u2019avant et ferm\u00e9 sur les c\u00f4t\u00e9s et au dessus) l\u2019air passe bien entre le bois et la pluie n\u2019entre pas.<\/p>\n<p>Ce bois sera parfait pour les grandes chemin\u00e9es ouvertes ou ferm\u00e9es.<\/p>","protected":false},"excerpt":{"rendered":"<p><span style=\"color: #ff0000;\"><strong><em><img decoding=\"async\" src=\"https:\/\/buches-hiver.com\/wp-content\/uploads\/2023\/04\/6-60x60.png\" \/><\/em><\/strong><strong><em>Livraison standard. (5 \u00e0 7 jours) : 18\u2009\u20ac<\/em><\/strong><\/span><br \/>\n<span style=\"color: #ff0000;\"><strong><em>Livraison Express. (3 Jours) : 22\u2009\u20ac<\/em><\/strong><\/span><\/p>","protected":false},"featured_media":8890,"comment_status":"open","ping_status":"closed","template":"","meta":{"_acf_changed":false,"content-type":"","_monsterinsights_skip_tracking":false,"_monsterinsights_sitenote_active":false,"_monsterinsights_sitenote_note":"","_monsterinsights_sitenote_category":0},"pwb-brand":[],"product_brand":[],"product_cat":[39],"product_tag":[33],"class_list":{"0":"post-7854","1":"product","2":"type-product","3":"status-publish","4":"has-post-thumbnail","6":"product_cat-bois-de-chauffage","7":"product_tag-ajoutez-880-00e-a-votre-panier-et-beneficiez-de-la-livraison-gratuite","9":"first","10":"instock","11":"taxable","12":"shipping-taxable","13":"purchasable","14":"product-type-simple"},"acf":[],"aioseo_notices":[],"brands":[],"_links":{"self":[{"href":"https:\/\/www.buches-chaleor.com\/fr\/wp-json\/wp\/v2\/product\/7854","targetHints":{"allow":["GET"]}}],"collection":[{"href":"https:\/\/www.buches-chaleor.com\/fr\/wp-json\/wp\/v2\/product"}],"about":[{"href":"https:\/\/www.buches-chaleor.com\/fr\/wp-json\/wp\/v2\/types\/product"}],"replies":[{"embeddable":true,"href":"https:\/\/www.buches-chaleor.com\/fr\/wp-json\/wp\/v2\/comments?post=7854"}],"wp:featuredmedia":[{"embeddable":true,"href":"https:\/\/www.buches-chaleor.com\/fr\/wp-json\/wp\/v2\/media\/8890"}],"wp:attachment":[{"href":"https:\/\/www.buches-chaleor.com\/fr\/wp-json\/wp\/v2\/media?parent=7854"}],"wp:term":[{"taxonomy":"pwb-brand","embeddable":true,"href":"https:\/\/www.buches-chaleor.com\/fr\/wp-json\/wp\/v2\/pwb-brand?post=7854"},{"taxonomy":"product_brand","embeddable":true,"href":"https:\/\/www.buches-chaleor.com\/fr\/wp-json\/wp\/v2\/product_brand?post=7854"},{"taxonomy":"product_cat","embeddable":true,"href":"https:\/\/www.buches-chaleor.com\/fr\/wp-json\/wp\/v2\/product_cat?post=7854"},{"taxonomy":"product_tag","embeddable":true,"href":"https:\/\/www.buches-chaleor.com\/fr\/wp-json\/wp\/v2\/product_tag?post=7854"}],"curies":[{"name":"wp","href":"https:\/\/api.w.org\/{rel}","templated":true}]}}