{"id":7849,"date":"2025-10-28T21:40:52","date_gmt":"2025-10-28T21:40:52","guid":{"rendered":"https:\/\/fuelbois.com\/?post_type=product&#038;p=7849"},"modified":"2026-03-07T17:39:15","modified_gmt":"2026-03-07T17:39:15","slug":"45-cm-2-m3-palette-de-bois-de-chauffage-melange-de-bois","status":"publish","type":"product","link":"https:\/\/www.buches-chaleor.com\/fr\/produit\/45-cm-2-m3-palette-de-bois-de-chauffage-melange-de-bois\/","title":{"rendered":"45 cm 2 m3 Palette de bois de chauffage \u2013 M\u00e9lange de bois"},"content":{"rendered":"<p>Palette de 2M3, soit +\/- 3 m\u00e8tres cubes de bois, compos\u00e9e de b\u00fbches fendues de 45 cm, un m\u00e9lange de bois (fr\u00eane, h\u00eatre et charme), s\u00e9ch\u00e9es naturellement.<\/p>\n<p>Bois de chauffage \u2013 45 cm \u2013 M\u00e9lange de bois de chauffage (2 m3)<br \/>\nCette palette en bois d\u2019environ 2 m\u00e8tres de haut est facile \u00e0 stocker (sous r\u00e9serve d\u2019accessibilit\u00e9) et garantit d\u2019avoir les m\u00e8tres demand\u00e9s.<br \/>\nLa palette contient plusieurs essences, exclusivement des bois.\u00a0Il est donc id\u00e9al pour obtenir un bon \u00e9quilibre entre les braises et les flammes vives.<br \/>\nLe bois de chauffage est coup\u00e9 en b\u00fbches de 45 cm, taille id\u00e9ale pour une chemin\u00e9e ou un insert.<\/p>","protected":false},"excerpt":{"rendered":"<p><span style=\"color: #ff0000;\"><strong><em><img decoding=\"async\" src=\"https:\/\/buches-hiver.com\/wp-content\/uploads\/2023\/04\/6-60x60.png\" \/><\/em><\/strong><strong><em>Livraison standard. (5 \u00e0 7 jours) : 18\u2009\u20ac<\/em><\/strong><\/span><br \/>\n<span style=\"color: #ff0000;\"><strong><em>Livraison Express. (3 Jours) : 22\u2009\u20ac<\/em><\/strong><\/span><\/p>","protected":false},"featured_media":8886,"comment_status":"open","ping_status":"closed","template":"","meta":{"_acf_changed":false,"content-type":"","_monsterinsights_skip_tracking":false,"_monsterinsights_sitenote_active":false,"_monsterinsights_sitenote_note":"","_monsterinsights_sitenote_category":0},"pwb-brand":[],"product_brand":[],"product_cat":[39],"product_tag":[33],"class_list":{"0":"post-7849","1":"product","2":"type-product","3":"status-publish","4":"has-post-thumbnail","6":"product_cat-bois-de-chauffage","7":"product_tag-ajoutez-880-00e-a-votre-panier-et-beneficiez-de-la-livraison-gratuite","9":"first","10":"instock","11":"taxable","12":"shipping-taxable","13":"purchasable","14":"product-type-simple"},"acf":[],"aioseo_notices":[],"brands":[],"_links":{"self":[{"href":"https:\/\/www.buches-chaleor.com\/fr\/wp-json\/wp\/v2\/product\/7849","targetHints":{"allow":["GET"]}}],"collection":[{"href":"https:\/\/www.buches-chaleor.com\/fr\/wp-json\/wp\/v2\/product"}],"about":[{"href":"https:\/\/www.buches-chaleor.com\/fr\/wp-json\/wp\/v2\/types\/product"}],"replies":[{"embeddable":true,"href":"https:\/\/www.buches-chaleor.com\/fr\/wp-json\/wp\/v2\/comments?post=7849"}],"wp:featuredmedia":[{"embeddable":true,"href":"https:\/\/www.buches-chaleor.com\/fr\/wp-json\/wp\/v2\/media\/8886"}],"wp:attachment":[{"href":"https:\/\/www.buches-chaleor.com\/fr\/wp-json\/wp\/v2\/media?parent=7849"}],"wp:term":[{"taxonomy":"pwb-brand","embeddable":true,"href":"https:\/\/www.buches-chaleor.com\/fr\/wp-json\/wp\/v2\/pwb-brand?post=7849"},{"taxonomy":"product_brand","embeddable":true,"href":"https:\/\/www.buches-chaleor.com\/fr\/wp-json\/wp\/v2\/product_brand?post=7849"},{"taxonomy":"product_cat","embeddable":true,"href":"https:\/\/www.buches-chaleor.com\/fr\/wp-json\/wp\/v2\/product_cat?post=7849"},{"taxonomy":"product_tag","embeddable":true,"href":"https:\/\/www.buches-chaleor.com\/fr\/wp-json\/wp\/v2\/product_tag?post=7849"}],"curies":[{"name":"wp","href":"https:\/\/api.w.org\/{rel}","templated":true}]}}