{"id":7848,"date":"2025-10-28T21:38:12","date_gmt":"2025-10-28T21:38:12","guid":{"rendered":"https:\/\/fuelbois.com\/?post_type=product&#038;p=7848"},"modified":"2026-03-07T17:32:57","modified_gmt":"2026-03-07T17:32:57","slug":"45-cm-3-steres-bois-de-chauffage-hetre-chene-palette-2-m3","status":"publish","type":"product","link":"https:\/\/www.buches-chaleor.com\/fr\/produit\/45-cm-3-steres-bois-de-chauffage-hetre-chene-palette-2-m3\/","title":{"rendered":"45 cm \u2013 3 St\u00e8res Bois de chauffage \u2013 h\u00eatre-ch\u00eane \u2013 Palette 2 m3"},"content":{"rendered":"<p><strong>Le Bois de chauffage \u2013 45 cm \u2013 M\u00e9lange de bois durs h\u00eatre , ch\u00eane \u2013 Palette 2 m\u00b3 \u2013 3 St\u00e8res offre une solution de chauffage performante et \u00e9conomique.\u00a02 ans de s\u00e9chage, bois sec et pr\u00eat \u00e0 br\u00fbler .<span class=\"Apple-converted-space\">\u00a0<\/span><\/strong><\/p>\n<p><strong>Compos\u00e9 de bois durs, ce m\u00e9lange garantit une combustion<span class=\"Apple-converted-space\">\u00a0<\/span>longue et efficace,<span class=\"Apple-converted-space\">\u00a0<\/span>assurant un excellent rendement calorifique.<span class=\"Apple-converted-space\">\u00a0<\/span><\/strong><\/p>\n<p><strong>La longueur de 45 cm est<span class=\"Apple-converted-space\">\u00a0<\/span>id\u00e9ale<span class=\"Apple-converted-space\">\u00a0<\/span>pour les grands foyers, r\u00e9duisant la fr\u00e9quence des rechargements.<span class=\"Apple-converted-space\">\u00a0<\/span><\/strong><\/p>\n<p><strong>En palette de 2 m\u00b3 (3 st\u00e8res), ce format \u00e9conomique permet un approvisionnement suffisant pour<span class=\"Apple-converted-space\">\u00a0<\/span>une utilisation prolong\u00e9e<span class=\"Apple-converted-space\">\u00a0<\/span>tout en optimisant votre budget.<\/strong><\/p>","protected":false},"excerpt":{"rendered":"<p><span style=\"color: #ff0000;\"><strong><em><img decoding=\"async\" src=\"https:\/\/buches-hiver.com\/wp-content\/uploads\/2023\/04\/6-60x60.png\" \/>Livraison standard. (5 \u00e0 7 jours) : 18\u2009\u20ac<\/em><\/strong><\/span><br \/>\n<em><strong><span style=\"color: #ff0000;\">Livraison Express. (3 Jours) : 22\u2009\u20ac<\/span><\/strong><\/em><\/p>","protected":false},"featured_media":8885,"comment_status":"open","ping_status":"closed","template":"","meta":{"_acf_changed":false,"content-type":"","_monsterinsights_skip_tracking":false,"_monsterinsights_sitenote_active":false,"_monsterinsights_sitenote_note":"","_monsterinsights_sitenote_category":0},"pwb-brand":[],"product_brand":[],"product_cat":[39],"product_tag":[33],"class_list":{"0":"post-7848","1":"product","2":"type-product","3":"status-publish","4":"has-post-thumbnail","6":"product_cat-bois-de-chauffage","7":"product_tag-ajoutez-880-00e-a-votre-panier-et-beneficiez-de-la-livraison-gratuite","9":"first","10":"instock","11":"taxable","12":"shipping-taxable","13":"purchasable","14":"product-type-simple"},"acf":[],"aioseo_notices":[],"brands":[],"_links":{"self":[{"href":"https:\/\/www.buches-chaleor.com\/fr\/wp-json\/wp\/v2\/product\/7848","targetHints":{"allow":["GET"]}}],"collection":[{"href":"https:\/\/www.buches-chaleor.com\/fr\/wp-json\/wp\/v2\/product"}],"about":[{"href":"https:\/\/www.buches-chaleor.com\/fr\/wp-json\/wp\/v2\/types\/product"}],"replies":[{"embeddable":true,"href":"https:\/\/www.buches-chaleor.com\/fr\/wp-json\/wp\/v2\/comments?post=7848"}],"wp:featuredmedia":[{"embeddable":true,"href":"https:\/\/www.buches-chaleor.com\/fr\/wp-json\/wp\/v2\/media\/8885"}],"wp:attachment":[{"href":"https:\/\/www.buches-chaleor.com\/fr\/wp-json\/wp\/v2\/media?parent=7848"}],"wp:term":[{"taxonomy":"pwb-brand","embeddable":true,"href":"https:\/\/www.buches-chaleor.com\/fr\/wp-json\/wp\/v2\/pwb-brand?post=7848"},{"taxonomy":"product_brand","embeddable":true,"href":"https:\/\/www.buches-chaleor.com\/fr\/wp-json\/wp\/v2\/product_brand?post=7848"},{"taxonomy":"product_cat","embeddable":true,"href":"https:\/\/www.buches-chaleor.com\/fr\/wp-json\/wp\/v2\/product_cat?post=7848"},{"taxonomy":"product_tag","embeddable":true,"href":"https:\/\/www.buches-chaleor.com\/fr\/wp-json\/wp\/v2\/product_tag?post=7848"}],"curies":[{"name":"wp","href":"https:\/\/api.w.org\/{rel}","templated":true}]}}