{"id":7827,"date":"2025-10-28T21:28:49","date_gmt":"2025-10-28T21:28:49","guid":{"rendered":"https:\/\/fuelbois.com\/?post_type=product&#038;p=7827"},"modified":"2026-03-07T17:30:38","modified_gmt":"2026-03-07T17:30:38","slug":"40-cm-3-steres-buches-seches-hetre-chene-mix","status":"publish","type":"product","link":"https:\/\/www.buches-chaleor.com\/fr\/produit\/40-cm-3-steres-buches-seches-hetre-chene-mix\/","title":{"rendered":"40 cm (3 steres) B\u00fbches S\u00e8ches (H\u00eatre, Ch\u00eane Mix)"},"content":{"rendered":"<h2>Caract\u00e9ristiques des cultures bois\u00e9es 40 cm sec<\/h2>\n<ul>\n<li><strong>Origine :<\/strong>\u00a0Belgique<\/li>\n<li><strong>Certification :<\/strong>\u00a0NF<\/li>\n<li><strong>Classe \u2013 Groupe :<\/strong>\u00a0Groupe H1 \u2013 G1<\/li>\n<li><strong>Taux d\u2019humidit\u00e9 (au coeur du brut) :<\/strong>\u00a0\u2264 20%<\/li>\n<li><strong>Utilisation :<\/strong>\u00a0Imm\u00e9diate<\/li>\n<li><em>PCI sur brut :<\/em>\u00a0* \u2265 3,9 kWh.kg-1<\/li>\n<\/ul>\n<h2>Plus d\u2019informations<\/h2>\n<ul>\n<li><strong>Type :<\/strong>\u00a0Feuillus durs<\/li>\n<li><strong>Essences :<\/strong>\u00a0Ch\u00eane, Charme, H\u00eatre<\/li>\n<li><strong>Comportement d\u2019alumage :<\/strong>\u00a0Allumage rapide et chaleur imm\u00e9diate<\/li>\n<li><strong>Performance de combustion :<\/strong>\u00a0Garantie des performances de l\u2019appareil<\/li>\n<li><strong>Taux de remise\u00a0:<\/strong>\u00a0\u2264 1,5%<\/li>\n<\/ul>\n<h2>Conditionnement<\/h2>\n<ul>\n<li><strong>Longueur :<\/strong>\u00a040 cm (\u00b12 cm)<\/li>\n<li><strong>Section :<\/strong>\u00a08 cm \u2264 90% Vol. \u2264 14 cm<\/li>\n<li><strong>1 palette = 1 Boleta<\/strong><\/li>\n<li><strong>1 bulletin = 2000 dm3 (volume bois vrac)<\/strong><\/li>\n<li><strong>Dimensions palette :<\/strong>\u00a0100 x 120 x H 185<\/li>\n<li><strong>Poids des palettes :<\/strong>\u00a0621 kg (40 cm)<\/li>\n<\/ul>\n<p><em>Le pouvoir calorifique inf\u00e9rieur correspond \u00e0 la quantit\u00e9 de chaleur en kW\/h d\u00e9gag\u00e9e par la combustion de 1 kg de bois inf\u00e9rieure \u00e0 la chaleur latente de vaporisation de l\u2019eau contenue dans les fum\u00e9es.<\/em><\/p>\n<h2>Avantages des Buches en Bois \u00c9nerg\u00e9tique Haute Performance 40 cm<\/h2>\n<h3>Polyvalent<\/h3>\n<p>Nos b\u00fbches en bois de 40 cm sont id\u00e9ales pour \u00eatre utilis\u00e9es avec tous types d\u2019appareils de chauffage ou de cuisson, tels que :<\/p>\n<ul>\n<li>Les po\u00eales<\/li>\n<li>Les lobbys ferm\u00e9s<\/li>\n<li>Les inserts<\/li>\n<li>Les cuisines<\/li>\n<li>Les chaudi\u00e8res<\/li>\n<li>Les fours \u00e0 bois et les foyers ouverts<\/li>\n<\/ul>\n<h3>100% For\u00eats Nobles<\/h3>\n<p>Nos chaufferies bois appartiennent \u00e0 la cat\u00e9gorie H1\/G1 et sont certifi\u00e9es NF.\u00a0Ils sont fabriqu\u00e9s \u00e0 partir des essences nobles du bois, du charme et des trois secondes (\u00e9tuv\u00e9s), garantissant un bois naturel de qualit\u00e9 sup\u00e9rieure.<\/p>\n<h3>Propres<\/h3>\n<p>Nos b\u00fbches de bois premium sont soigneusement \u00e9corc\u00e9es, d\u00e9poussi\u00e9r\u00e9es et bross\u00e9es en f\u00fbt \u00e9corceur avant leur commercialisation.\u00a0Vous pouvez compter sur votre propri\u00e9t\u00e9<\/p>\n<div class=\"grupo w-texto completo-gris-800 oscuro:texto-gris-100 borde-b borde-negro\/10 oscuro:borde-gris-900\/50 bg-gris-50 oscuro:bg-[#444654 ]\">\n<div class=\"flex p-4 brecha-4 base de texto md:gap-6 md:max-w-2xl lg:max-w-[38rem] xl:max-w-3xl md:py-6 lg: px-0m-auto\">\n<div class=\"relativo flex w-[calc(100%-50px)] flex-col gap-1 md:gap-3 lg:w-[calc(100%-115px)]\">\n<div class=\"flex flex-grow flex-col brecha-3\">\n<div class=\"min-h-[20px] flex flex-col items-start gap-4 espacios en blanco-pre-wrap break-words\">\n<div class=\"prosa rebajada con palabras de corte completas oscuras: prosa-invertida clara\">\n<h3>\u00c9conomique<\/h3>\n<p>Nos b\u00fbches en bois sec vous permettent de r\u00e9aliser facilement des \u00e9conomies importantes.\u00a0Comparez un chauffage au bois traditionnel avec un taux d\u2019humidit\u00e9 de 35%, ils r\u00e9duisent votre consommation de bois de 30% en volume.\u00a0Optez pour nos b\u00fbches de bois sec, c\u2019est une solution plus abordable pour votre chauffeur.<\/p>\n<h3>Pratiques<\/h3>\n<p>Nos b\u00fbches en bois sec sont coup\u00e9es en petitessections, 100% fendues et s\u00e9ch\u00e9es, pr\u00eates \u00e0 l\u2019emploi.\u00a0Vous n\u2019\u00eates pas oblig\u00e9 de profiter du stock suspendu pendant des mois.\u00a0Gr\u00e2ce \u00e0 notre urne \u00e9lectorale, vous disposez d\u2019une r\u00e9serve de sacs emball\u00e9s, offrant une praticit\u00e9 optimale et un stockage facile.<\/p>\n<p>N\u2019h\u00e9sitez pas \u00e0 choisir la quantit\u00e9 qui correspond \u00e0 vos besoins : 1 palette (1,5 \u00e9toiles), 2 palettes (3 \u00e9toiles), ou 3 palettes (4,5 \u00e9toiles).<\/p>\n<p>Avantages de maintenir l\u2019efficacit\u00e9, l\u2019\u00e9conomie et la praticit\u00e9 de nos bois secs \u00e9conomes en \u00e9nergie\u00a0!<\/p>\n<\/div>\n<\/div>\n<\/div>\n<\/div>\n<\/div>\n<\/div>\n","protected":false},"excerpt":{"rendered":"<p><span style=\"color: #ff0000;\"><strong><em><img decoding=\"async\" src=\"https:\/\/buches-hiver.com\/wp-content\/uploads\/2023\/04\/6-60x60.png\" \/><\/em><\/strong><strong><em>Livraison standard. (5 \u00e0 7 jours) : 18\u2009\u20ac<\/em><\/strong><\/span><br \/>\n<span style=\"color: #ff0000;\"><strong><em>Livraison Express. (3 Jours) : 22\u2009\u20ac<\/em><\/strong><\/span><\/p>\n<p>Les b\u00fbches de bois sec Haute Performance de 40 cm vous offrent une exp\u00e9rience de chauffage optimale gr\u00e2ce \u00e0 leur garantie de qualit\u00e9. Fabriqu\u00e9es \u00e0 partir d\u2019essences nobles de ch\u00eane, de charme et de h\u00eatre, ces b\u00fbches garanties s\u00e8ches avec moins de 20% d\u2019humidit\u00e9 garantissent des performances \u00e9nerg\u00e9tiques sup\u00e9rieures.<\/p>","protected":false},"featured_media":8884,"comment_status":"open","ping_status":"closed","template":"","meta":{"_acf_changed":false,"content-type":"","_monsterinsights_skip_tracking":false,"_monsterinsights_sitenote_active":false,"_monsterinsights_sitenote_note":"","_monsterinsights_sitenote_category":0},"pwb-brand":[],"product_brand":[],"product_cat":[39],"product_tag":[33],"class_list":{"0":"post-7827","1":"product","2":"type-product","3":"status-publish","4":"has-post-thumbnail","6":"product_cat-bois-de-chauffage","7":"product_tag-ajoutez-880-00e-a-votre-panier-et-beneficiez-de-la-livraison-gratuite","9":"first","10":"instock","11":"taxable","12":"shipping-taxable","13":"purchasable","14":"product-type-simple"},"acf":[],"aioseo_notices":[],"brands":[],"_links":{"self":[{"href":"https:\/\/www.buches-chaleor.com\/fr\/wp-json\/wp\/v2\/product\/7827","targetHints":{"allow":["GET"]}}],"collection":[{"href":"https:\/\/www.buches-chaleor.com\/fr\/wp-json\/wp\/v2\/product"}],"about":[{"href":"https:\/\/www.buches-chaleor.com\/fr\/wp-json\/wp\/v2\/types\/product"}],"replies":[{"embeddable":true,"href":"https:\/\/www.buches-chaleor.com\/fr\/wp-json\/wp\/v2\/comments?post=7827"}],"wp:featuredmedia":[{"embeddable":true,"href":"https:\/\/www.buches-chaleor.com\/fr\/wp-json\/wp\/v2\/media\/8884"}],"wp:attachment":[{"href":"https:\/\/www.buches-chaleor.com\/fr\/wp-json\/wp\/v2\/media?parent=7827"}],"wp:term":[{"taxonomy":"pwb-brand","embeddable":true,"href":"https:\/\/www.buches-chaleor.com\/fr\/wp-json\/wp\/v2\/pwb-brand?post=7827"},{"taxonomy":"product_brand","embeddable":true,"href":"https:\/\/www.buches-chaleor.com\/fr\/wp-json\/wp\/v2\/product_brand?post=7827"},{"taxonomy":"product_cat","embeddable":true,"href":"https:\/\/www.buches-chaleor.com\/fr\/wp-json\/wp\/v2\/product_cat?post=7827"},{"taxonomy":"product_tag","embeddable":true,"href":"https:\/\/www.buches-chaleor.com\/fr\/wp-json\/wp\/v2\/product_tag?post=7827"}],"curies":[{"name":"wp","href":"https:\/\/api.w.org\/{rel}","templated":true}]}}