{"id":7826,"date":"2025-10-28T21:24:31","date_gmt":"2025-10-28T21:24:31","guid":{"rendered":"https:\/\/fuelbois.com\/?post_type=product&#038;p=7826"},"modified":"2026-03-07T17:28:25","modified_gmt":"2026-03-07T17:28:25","slug":"40-cm-2-steres-palette-de-bois-de-chauffage-en-chene","status":"publish","type":"product","link":"https:\/\/www.buches-chaleor.com\/fr\/produit\/40-cm-2-steres-palette-de-bois-de-chauffage-en-chene\/","title":{"rendered":"40 CM \u2013 2 STERES Palette de bois de chauffage en ch\u00eane"},"content":{"rendered":"<p>Les b\u00fbches de bois garanties secs, avec moins de 10% d\u2019humidit\u00e9, sont fabriqu\u00e9es \u00e0 partir d\u2019essences de ch\u00eane, de charme et de h\u00eatre.\u00a0Fabriqu\u00e9s en Belgique, s\u00e9ch\u00e9s, fendus et d\u00e9cortiqu\u00e9s, ils sont certifi\u00e9s NF.<\/p>\n<p>Nos b\u00fbches de 40 cm garantissent une performance \u00e9nerg\u00e9tique optimale.\u00a0Ils ont l\u2019avantage d\u2019\u00eatre pratiques \u00e0 manipuler<\/p>","protected":false},"excerpt":{"rendered":"<p><span style=\"color: #ff0000;\"><strong><em><img decoding=\"async\" src=\"https:\/\/buches-hiver.com\/wp-content\/uploads\/2023\/04\/6-60x60.png\" \/><\/em><\/strong><strong><em>Livraison standard. (5 \u00e0 7 jours) : 18\u2009\u20ac<\/em><\/strong><\/span><br \/>\n<span style=\"color: #ff0000;\"><strong><em>Livraison Express. (3 Jours) : 22\u2009\u20ac<\/em><\/strong><\/span><\/p>","protected":false},"featured_media":8882,"comment_status":"open","ping_status":"closed","template":"","meta":{"_acf_changed":false,"content-type":"","_monsterinsights_skip_tracking":false,"_monsterinsights_sitenote_active":false,"_monsterinsights_sitenote_note":"","_monsterinsights_sitenote_category":0},"pwb-brand":[],"product_brand":[],"product_cat":[39],"product_tag":[33],"class_list":{"0":"post-7826","1":"product","2":"type-product","3":"status-publish","4":"has-post-thumbnail","6":"product_cat-bois-de-chauffage","7":"product_tag-ajoutez-880-00e-a-votre-panier-et-beneficiez-de-la-livraison-gratuite","9":"first","10":"instock","11":"taxable","12":"shipping-taxable","13":"purchasable","14":"product-type-simple"},"acf":[],"aioseo_notices":[],"brands":[],"_links":{"self":[{"href":"https:\/\/www.buches-chaleor.com\/fr\/wp-json\/wp\/v2\/product\/7826","targetHints":{"allow":["GET"]}}],"collection":[{"href":"https:\/\/www.buches-chaleor.com\/fr\/wp-json\/wp\/v2\/product"}],"about":[{"href":"https:\/\/www.buches-chaleor.com\/fr\/wp-json\/wp\/v2\/types\/product"}],"replies":[{"embeddable":true,"href":"https:\/\/www.buches-chaleor.com\/fr\/wp-json\/wp\/v2\/comments?post=7826"}],"wp:featuredmedia":[{"embeddable":true,"href":"https:\/\/www.buches-chaleor.com\/fr\/wp-json\/wp\/v2\/media\/8882"}],"wp:attachment":[{"href":"https:\/\/www.buches-chaleor.com\/fr\/wp-json\/wp\/v2\/media?parent=7826"}],"wp:term":[{"taxonomy":"pwb-brand","embeddable":true,"href":"https:\/\/www.buches-chaleor.com\/fr\/wp-json\/wp\/v2\/pwb-brand?post=7826"},{"taxonomy":"product_brand","embeddable":true,"href":"https:\/\/www.buches-chaleor.com\/fr\/wp-json\/wp\/v2\/product_brand?post=7826"},{"taxonomy":"product_cat","embeddable":true,"href":"https:\/\/www.buches-chaleor.com\/fr\/wp-json\/wp\/v2\/product_cat?post=7826"},{"taxonomy":"product_tag","embeddable":true,"href":"https:\/\/www.buches-chaleor.com\/fr\/wp-json\/wp\/v2\/product_tag?post=7826"}],"curies":[{"name":"wp","href":"https:\/\/api.w.org\/{rel}","templated":true}]}}