{"id":7824,"date":"2025-10-28T21:17:59","date_gmt":"2025-10-28T21:17:59","guid":{"rendered":"https:\/\/fuelbois.com\/?post_type=product&#038;p=7824"},"modified":"2026-03-07T17:19:51","modified_gmt":"2026-03-07T17:19:51","slug":"33-cm-285-steres-bois-de-chauffage-sec-buches","status":"publish","type":"product","link":"https:\/\/www.buches-chaleor.com\/fr\/produit\/33-cm-285-steres-bois-de-chauffage-sec-buches\/","title":{"rendered":"33 cm 2,85 st\u00e8res Bois de chauffage sec Buches"},"content":{"rendered":"<p>-Portail de 1,80 m large, (acc\u00e8s voiture.<\/p>\n<p>-Pente inf\u00e9rieure \u00e0 7%.<\/p>\n<p>-Pas de marche d\u2019escalier.<\/p>\n<p>-D\u00e9pose sur pelouse si autorisation donn\u00e9e au livreur.<\/p>\n<p>-La palette n\u2019est pas d\u00e9pot\u00e9 pour un rangement en \u00e9tage ou en cave.<\/p>\n<p><strong>Dimension de la palette :<\/strong><br \/>\nLargeur = 93 cm<br \/>\nHauteur = 190 cm<br \/>\nProfondeur = 117 cm<\/p>\n<p>La palette de b\u00fbches repr\u00e9sente un volume de 2 m\u00e8tre cube et correspond \u00e0 2,85 st\u00e8res selon \u00ab\u00a0NF bois de chauffage\u00a0\u00bb.<\/p>\n<p><strong>Stockage de la palette :<\/strong><\/p>\n<p>Vous avez un lieu de stockage ext\u00e9rieur ou un garage pour entreposer vos palettes de bois chauffage et ne pas \u00eatre pris au d\u00e9pourvu si l\u2019hiver est long et rigoureux.<\/p>","protected":false},"excerpt":{"rendered":"<p><strong><em><img decoding=\"async\" src=\"https:\/\/buches-hiver.com\/wp-content\/uploads\/2023\/04\/6-60x60.png\" \/><\/em><\/strong><span style=\"color: #ff0000;\"><strong><em>Livraison standard. (5 \u00e0 7 jours) : 18\u2009\u20ac<\/em><\/strong><\/span><br \/>\n<span style=\"color: #ff0000;\"><strong><em>Livraison Express. (3 Jours) : 22\u2009\u20ac<\/em><\/strong><\/span><\/p>\n<p>Bois de chauffage s\u00e9ch\u00e9 naturellement entre 2 ans et 3 ans pour un taux d\u2019humidit\u00e9 inf\u00e9rieur \u00e0 20%<\/p>","protected":false},"featured_media":8880,"comment_status":"open","ping_status":"closed","template":"","meta":{"_acf_changed":false,"content-type":"","_monsterinsights_skip_tracking":false,"_monsterinsights_sitenote_active":false,"_monsterinsights_sitenote_note":"","_monsterinsights_sitenote_category":0},"pwb-brand":[],"product_brand":[],"product_cat":[39],"product_tag":[33],"class_list":{"0":"post-7824","1":"product","2":"type-product","3":"status-publish","4":"has-post-thumbnail","6":"product_cat-bois-de-chauffage","7":"product_tag-ajoutez-880-00e-a-votre-panier-et-beneficiez-de-la-livraison-gratuite","9":"first","10":"instock","11":"taxable","12":"shipping-taxable","13":"purchasable","14":"product-type-simple"},"acf":[],"aioseo_notices":[],"brands":[],"_links":{"self":[{"href":"https:\/\/www.buches-chaleor.com\/fr\/wp-json\/wp\/v2\/product\/7824","targetHints":{"allow":["GET"]}}],"collection":[{"href":"https:\/\/www.buches-chaleor.com\/fr\/wp-json\/wp\/v2\/product"}],"about":[{"href":"https:\/\/www.buches-chaleor.com\/fr\/wp-json\/wp\/v2\/types\/product"}],"replies":[{"embeddable":true,"href":"https:\/\/www.buches-chaleor.com\/fr\/wp-json\/wp\/v2\/comments?post=7824"}],"wp:featuredmedia":[{"embeddable":true,"href":"https:\/\/www.buches-chaleor.com\/fr\/wp-json\/wp\/v2\/media\/8880"}],"wp:attachment":[{"href":"https:\/\/www.buches-chaleor.com\/fr\/wp-json\/wp\/v2\/media?parent=7824"}],"wp:term":[{"taxonomy":"pwb-brand","embeddable":true,"href":"https:\/\/www.buches-chaleor.com\/fr\/wp-json\/wp\/v2\/pwb-brand?post=7824"},{"taxonomy":"product_brand","embeddable":true,"href":"https:\/\/www.buches-chaleor.com\/fr\/wp-json\/wp\/v2\/product_brand?post=7824"},{"taxonomy":"product_cat","embeddable":true,"href":"https:\/\/www.buches-chaleor.com\/fr\/wp-json\/wp\/v2\/product_cat?post=7824"},{"taxonomy":"product_tag","embeddable":true,"href":"https:\/\/www.buches-chaleor.com\/fr\/wp-json\/wp\/v2\/product_tag?post=7824"}],"curies":[{"name":"wp","href":"https:\/\/api.w.org\/{rel}","templated":true}]}}