{"id":7823,"date":"2025-10-28T21:13:12","date_gmt":"2025-10-28T21:13:12","guid":{"rendered":"https:\/\/fuelbois.com\/?post_type=product&#038;p=7823"},"modified":"2026-03-07T17:15:29","modified_gmt":"2026-03-07T17:15:29","slug":"33-cm-sec-2-steres-bois-de-chauffage-fendu-chene","status":"publish","type":"product","link":"https:\/\/www.buches-chaleor.com\/fr\/produit\/33-cm-sec-2-steres-bois-de-chauffage-fendu-chene\/","title":{"rendered":"33 cm (sec) 2 St\u00e8res -Bois de chauffage fendu (ch\u00eane)"},"content":{"rendered":"<p>Bois de chauffage belge<\/p>\n<p>Bois de chauffage sur palette<\/p>\n<p>Nos palettes de bois de chauffage sont fabriqu\u00e9es uniquement \u00e0 partir de bois durs (fr\u00eane et h\u00eatre).\u00a0Notre entreprise de combustible ne vend que du bois pr\u00eat \u00e0 br\u00fbler avec une teneur en humidit\u00e9 &lt; 20 %.\u00a0L\u2019avantage du bois de chauffage palettis\u00e9 est son emballage propre et ordonn\u00e9, facile \u00e0 stocker.<\/p>\n<p>Conseils pour stocker le bois de chauffage<\/p>\n<p>Il est toujours pr\u00e9f\u00e9rable de stocker le bois de chauffage dans un endroit a\u00e9r\u00e9 et prot\u00e9g\u00e9 de l\u2019humidit\u00e9.<\/p>\n<p>Bois local<\/p>\n<p>C\u2019est un bois belge.\u00a0En effet, nous pr\u00e9f\u00e9rons travailler avec du bois de Belgique plut\u00f4t qu\u2019avec du bois des pays de l\u2019Est.<\/p>\n<p>Nous livrons votre bois de chauffage par camion \u00e9quip\u00e9 d\u2019un petit Clark qui vous permettra de traverser l\u2019herbe et le gravier et m\u00eame de transporter le bois de chauffage directement \u00e0 votre garage lorsque cela est possible.<\/p>\n<p>C\u2019est pourquoi nous faisons de notre mieux pour \u00e9viter un stockage fastidieux.<\/p>\n<p>Bois de chauffage particuli\u00e8rement sec.<\/p>\n<p>Le s\u00e9chage du bois de chauffage est le crit\u00e8re le plus important pour une combustion de qualit\u00e9.\u00a0En effet, la pr\u00e9sence d\u2019eau dans le bois de chauffage absorbe beaucoup d\u2019\u00e9nergie lors de la combustion et donc la chaleur d\u00e9gag\u00e9e est moindre.<\/p>\n<p>Notre bois de chauffage contient moins de 20 % d\u2019humidit\u00e9 pour une combustion efficace.<\/p>\n<p>Est-ce qu\u2019une st\u00e9r\u00e9o de bois de chauffage = 1m3 de bois de chauffage ?\u00a0NON<\/p>\n<p>L\u2019unit\u00e9 de chauffage au bois traditionnelle est la cha\u00eene st\u00e9r\u00e9o.<\/p>\n<p>Ne confondez pas st\u00e9r\u00e9o et m3.\u00a0En fait, 1st\u00e8re = 1m3 lorsque le bois est coup\u00e9 en rondins de 1 m\u00e8tre de long.\u00a0Plus on coupe le bois, plus il perd en volume (donc moins de m3 on a) mais le num\u00e9ro st\u00e9r\u00e9o reste le m\u00eame.<\/p>\n<p>Conversion:<\/p>\n<p>\u2013 B\u00fbches coup\u00e9es en longueurs de 30-33 cm : 2,1 M3 = 3 st\u00e8res<\/p>\n<p>\u2013 B\u00fbches coup\u00e9es en morceaux de 50 cm : 2,1 M3 = 2,4 st\u00e8res<\/p>","protected":false},"excerpt":{"rendered":"<p><span style=\"color: #ff0000;\"><strong><em><img decoding=\"async\" src=\"https:\/\/buches-hiver.com\/wp-content\/uploads\/2023\/04\/6-60x60.png\" \/><\/em><\/strong><strong><em>Livraison standard. (5 \u00e0 7 jours) : 18\u2009\u20ac<\/em><\/strong><\/span><br \/>\n<span style=\"color: #ff0000;\"><strong><em>Livraison Express. (3 Jours) : 22\u2009\u20ac<\/em><\/strong><\/span><\/p>","protected":false},"featured_media":8879,"comment_status":"open","ping_status":"closed","template":"","meta":{"_acf_changed":false,"content-type":"","_monsterinsights_skip_tracking":false,"_monsterinsights_sitenote_active":false,"_monsterinsights_sitenote_note":"","_monsterinsights_sitenote_category":0},"pwb-brand":[],"product_brand":[],"product_cat":[39],"product_tag":[33],"class_list":{"0":"post-7823","1":"product","2":"type-product","3":"status-publish","4":"has-post-thumbnail","6":"product_cat-bois-de-chauffage","7":"product_tag-ajoutez-880-00e-a-votre-panier-et-beneficiez-de-la-livraison-gratuite","9":"first","10":"instock","11":"taxable","12":"shipping-taxable","13":"purchasable","14":"product-type-simple"},"acf":[],"aioseo_notices":[],"brands":[],"_links":{"self":[{"href":"https:\/\/www.buches-chaleor.com\/fr\/wp-json\/wp\/v2\/product\/7823","targetHints":{"allow":["GET"]}}],"collection":[{"href":"https:\/\/www.buches-chaleor.com\/fr\/wp-json\/wp\/v2\/product"}],"about":[{"href":"https:\/\/www.buches-chaleor.com\/fr\/wp-json\/wp\/v2\/types\/product"}],"replies":[{"embeddable":true,"href":"https:\/\/www.buches-chaleor.com\/fr\/wp-json\/wp\/v2\/comments?post=7823"}],"wp:featuredmedia":[{"embeddable":true,"href":"https:\/\/www.buches-chaleor.com\/fr\/wp-json\/wp\/v2\/media\/8879"}],"wp:attachment":[{"href":"https:\/\/www.buches-chaleor.com\/fr\/wp-json\/wp\/v2\/media?parent=7823"}],"wp:term":[{"taxonomy":"pwb-brand","embeddable":true,"href":"https:\/\/www.buches-chaleor.com\/fr\/wp-json\/wp\/v2\/pwb-brand?post=7823"},{"taxonomy":"product_brand","embeddable":true,"href":"https:\/\/www.buches-chaleor.com\/fr\/wp-json\/wp\/v2\/product_brand?post=7823"},{"taxonomy":"product_cat","embeddable":true,"href":"https:\/\/www.buches-chaleor.com\/fr\/wp-json\/wp\/v2\/product_cat?post=7823"},{"taxonomy":"product_tag","embeddable":true,"href":"https:\/\/www.buches-chaleor.com\/fr\/wp-json\/wp\/v2\/product_tag?post=7823"}],"curies":[{"name":"wp","href":"https:\/\/api.w.org\/{rel}","templated":true}]}}