{"id":7822,"date":"2025-10-28T21:10:05","date_gmt":"2025-10-28T21:10:05","guid":{"rendered":"https:\/\/fuelbois.com\/?post_type=product&#038;p=7822"},"modified":"2026-03-07T17:00:07","modified_gmt":"2026-03-07T17:00:07","slug":"33-cm-3-steres-palette-de-bois-de-chauffage-chene","status":"publish","type":"product","link":"https:\/\/www.buches-chaleor.com\/fr\/produit\/33-cm-3-steres-palette-de-bois-de-chauffage-chene\/","title":{"rendered":"33 cm \u2013 3 st\u00e8res. Palette de bois de chauffage (Ch\u00eane)"},"content":{"rendered":"<p><strong>PALETTE DE BOIS DE CHAUFFAGE \u2013 33 CM \u2013 3 \u00c9TOILES<\/strong><span id=\"more-297\"><\/span><\/p>\n<p>* Une palette de bois de chauffage = 3 cha\u00eenes st\u00e8res<\/p>\n<p>B\u00fbche de qualit\u00e9 sup\u00e9rieure.<\/p>\n<p>Une b\u00fbche de qualit\u00e9 sup\u00e9rieure pour une utilisation imm\u00e9diate dans l\u2019appareil de chauffage, qui garantit les meilleures performances de l\u2019appareil de chauffage, sans fum\u00e9e et sans obstruction minimale du conduit de chemin\u00e9e.<\/p>\n<p>Les avantages du bois s\u00e9ch\u00e9 au four :<\/p>\n<ul>\n<li>partiellement \u00e9corc\u00e9 par s\u00e9chage et tamisage<\/li>\n<li>sans parasites, insectes, champignons<\/li>\n<li>s\u2019allume tr\u00e8s facilement<\/li>\n<li>uniquement dans les chambres<\/li>\n<li>combustion sans fum\u00e9e<\/li>\n<li>ne bouche pas la chemin\u00e9e<\/li>\n<li>sans gaspiller de calories<\/li>\n<\/ul>\n<p>Le m\u00e9lange est compos\u00e9 uniquement de h\u00eatre, charme, ch\u00eane, essences les plus caloriques pour le bois de chauffage.<\/p>\n<p>Un st\u00e8re de bois s\u00e9ch\u00e9 artificiellement repr\u00e9sente 1,3 st\u00e8res de bois semi-s\u00e9ch\u00e9 en termes d\u2019\u00e9nergie thermique d\u00e9gag\u00e9e.<\/p>\n<p>Le volume d\u2019une st\u00e9r\u00e9o bois stock\u00e9e repr\u00e9sente un volume de 0,7m3 sur 33cm.\u00a0De plus, lorsque le bois est coup\u00e9 \u00e0 une longueur de 33 cm, le volume d\u2019une st\u00e9r\u00e9o en bois est de 0,6 m3 et enfin lorsqu\u2019il est coup\u00e9 \u00e0 une longueur de 50 cm, le volume d\u2019une st\u00e9r\u00e9o en bois est de 0,8 m3.<\/p>\n<p>Plus le bois de chauffage est coup\u00e9 court, mieux il s\u2019empile et il y a moins d\u2019espaces entre les b\u00fbches, le volume apparent diminue mais la quantit\u00e9 de bois de chauffage reste la m\u00eame.<\/p>\n<p>Humidit\u00e9 contr\u00f4l\u00e9e et garantie inf\u00e9rieure \u00e0 10%.\u00a0(Norme NF bois de chauffage)<\/p>\n<p>Longueur : 33 cm<\/p>","protected":false},"excerpt":{"rendered":"<p><strong><em><img decoding=\"async\" src=\"https:\/\/buches-hiver.com\/wp-content\/uploads\/2023\/04\/6-60x60.png\" \/><\/em><\/strong><span style=\"color: #ff0000;\"><strong><em>Livraison standard. (5 \u00e0 7 jours) : 18\u2009\u20ac<\/em><\/strong><\/span><br \/>\n<span style=\"color: #ff0000;\"><strong><em>Livraison Express. (3 Jours) : 22\u2009\u20ac<\/em><\/strong><\/span><\/p>\n<p>Les b\u00fbches de bois garanties secs, avec moins de 10% d\u2019humidit\u00e9, sont fabriqu\u00e9es \u00e0 partir d\u2019essences de ch\u00eane, de charme et de h\u00eatre.\u00a0Fabriqu\u00e9s en Belgique, s\u00e9ch\u00e9s, fendus et d\u00e9cortiqu\u00e9s, ils sont certifi\u00e9s NF.<\/p>","protected":false},"featured_media":8878,"comment_status":"open","ping_status":"closed","template":"","meta":{"_acf_changed":false,"content-type":"","_monsterinsights_skip_tracking":false,"_monsterinsights_sitenote_active":false,"_monsterinsights_sitenote_note":"","_monsterinsights_sitenote_category":0},"pwb-brand":[],"product_brand":[],"product_cat":[39],"product_tag":[33],"class_list":{"0":"post-7822","1":"product","2":"type-product","3":"status-publish","4":"has-post-thumbnail","6":"product_cat-bois-de-chauffage","7":"product_tag-ajoutez-880-00e-a-votre-panier-et-beneficiez-de-la-livraison-gratuite","9":"first","10":"instock","11":"taxable","12":"shipping-taxable","13":"purchasable","14":"product-type-simple"},"acf":[],"aioseo_notices":[],"brands":[],"_links":{"self":[{"href":"https:\/\/www.buches-chaleor.com\/fr\/wp-json\/wp\/v2\/product\/7822","targetHints":{"allow":["GET"]}}],"collection":[{"href":"https:\/\/www.buches-chaleor.com\/fr\/wp-json\/wp\/v2\/product"}],"about":[{"href":"https:\/\/www.buches-chaleor.com\/fr\/wp-json\/wp\/v2\/types\/product"}],"replies":[{"embeddable":true,"href":"https:\/\/www.buches-chaleor.com\/fr\/wp-json\/wp\/v2\/comments?post=7822"}],"wp:featuredmedia":[{"embeddable":true,"href":"https:\/\/www.buches-chaleor.com\/fr\/wp-json\/wp\/v2\/media\/8878"}],"wp:attachment":[{"href":"https:\/\/www.buches-chaleor.com\/fr\/wp-json\/wp\/v2\/media?parent=7822"}],"wp:term":[{"taxonomy":"pwb-brand","embeddable":true,"href":"https:\/\/www.buches-chaleor.com\/fr\/wp-json\/wp\/v2\/pwb-brand?post=7822"},{"taxonomy":"product_brand","embeddable":true,"href":"https:\/\/www.buches-chaleor.com\/fr\/wp-json\/wp\/v2\/product_brand?post=7822"},{"taxonomy":"product_cat","embeddable":true,"href":"https:\/\/www.buches-chaleor.com\/fr\/wp-json\/wp\/v2\/product_cat?post=7822"},{"taxonomy":"product_tag","embeddable":true,"href":"https:\/\/www.buches-chaleor.com\/fr\/wp-json\/wp\/v2\/product_tag?post=7822"}],"curies":[{"name":"wp","href":"https:\/\/api.w.org\/{rel}","templated":true}]}}