{"id":7820,"date":"2025-10-28T20:55:14","date_gmt":"2025-10-28T20:55:14","guid":{"rendered":"https:\/\/fuelbois.com\/?post_type=product&#038;p=7820"},"modified":"2026-03-07T16:45:51","modified_gmt":"2026-03-07T16:45:51","slug":"30-cm-2-steres-buches-de-bois-sechees-melange-de-hetre-chene","status":"publish","type":"product","link":"https:\/\/www.buches-chaleor.com\/fr\/produit\/30-cm-2-steres-buches-de-bois-sechees-melange-de-hetre-chene\/","title":{"rendered":"30 cm (2 st\u00e8res) B\u00fbches de bois s\u00e9ch\u00e9es (M\u00e9lange de H\u00eatre, Ch\u00eane)"},"content":{"rendered":"<p>D\u00e9couvrez nos b\u00fbches de bois sec de 30 cm qui garantissent une performance \u00e9nerg\u00e9tique optimale.\u00a0Leur format pratique les rend faciles \u00e0 manipuler et leur emballage palettis\u00e9 les rend faciles \u00e0 stocker.\u00a0Vous pouvez \u00e9galement choisir parmi d\u2019autres longueurs disponibles telles que des b\u00fbches de bois sec de 50 cm ou des b\u00fbches de bois sec de 40 cm.<\/p>\n<p>Avec un taux d\u2019humidit\u00e9 inf\u00e9rieur \u00e0 20%.<\/p>\n<p>Choisissez la qualit\u00e9 et la praticit\u00e9 avec nos b\u00fbches de bois de chauffage.<br \/>\nConditionnement : 1 palette = 2 m\u00e8tres cubes (volume de bois en vrac), Poids 621 KG par palette.<\/p>","protected":false},"excerpt":{"rendered":"<p><strong><em><img decoding=\"async\" src=\"https:\/\/buches-hiver.com\/wp-content\/uploads\/2023\/04\/6-60x60.png\" \/><\/em><\/strong><span style=\"color: #ff0000;\"><strong><em>Livraison standard. (5 \u00e0 7 jours) : 18\u2009\u20ac<\/em><\/strong><\/span><br \/>\n<span style=\"color: #ff0000;\"><strong><em>Livraison Express. (3 Jours) : 22\u2009\u20ac<\/em><\/strong><\/span><\/p>","protected":false},"featured_media":8870,"comment_status":"open","ping_status":"closed","template":"","meta":{"_acf_changed":false,"content-type":"","_monsterinsights_skip_tracking":false,"_monsterinsights_sitenote_active":false,"_monsterinsights_sitenote_note":"","_monsterinsights_sitenote_category":0},"pwb-brand":[],"product_brand":[],"product_cat":[39],"product_tag":[33],"class_list":{"0":"post-7820","1":"product","2":"type-product","3":"status-publish","4":"has-post-thumbnail","6":"product_cat-bois-de-chauffage","7":"product_tag-ajoutez-880-00e-a-votre-panier-et-beneficiez-de-la-livraison-gratuite","9":"first","10":"instock","11":"taxable","12":"shipping-taxable","13":"purchasable","14":"product-type-simple"},"acf":[],"aioseo_notices":[],"brands":[],"_links":{"self":[{"href":"https:\/\/www.buches-chaleor.com\/fr\/wp-json\/wp\/v2\/product\/7820","targetHints":{"allow":["GET"]}}],"collection":[{"href":"https:\/\/www.buches-chaleor.com\/fr\/wp-json\/wp\/v2\/product"}],"about":[{"href":"https:\/\/www.buches-chaleor.com\/fr\/wp-json\/wp\/v2\/types\/product"}],"replies":[{"embeddable":true,"href":"https:\/\/www.buches-chaleor.com\/fr\/wp-json\/wp\/v2\/comments?post=7820"}],"wp:featuredmedia":[{"embeddable":true,"href":"https:\/\/www.buches-chaleor.com\/fr\/wp-json\/wp\/v2\/media\/8870"}],"wp:attachment":[{"href":"https:\/\/www.buches-chaleor.com\/fr\/wp-json\/wp\/v2\/media?parent=7820"}],"wp:term":[{"taxonomy":"pwb-brand","embeddable":true,"href":"https:\/\/www.buches-chaleor.com\/fr\/wp-json\/wp\/v2\/pwb-brand?post=7820"},{"taxonomy":"product_brand","embeddable":true,"href":"https:\/\/www.buches-chaleor.com\/fr\/wp-json\/wp\/v2\/product_brand?post=7820"},{"taxonomy":"product_cat","embeddable":true,"href":"https:\/\/www.buches-chaleor.com\/fr\/wp-json\/wp\/v2\/product_cat?post=7820"},{"taxonomy":"product_tag","embeddable":true,"href":"https:\/\/www.buches-chaleor.com\/fr\/wp-json\/wp\/v2\/product_tag?post=7820"}],"curies":[{"name":"wp","href":"https:\/\/api.w.org\/{rel}","templated":true}]}}