{"id":7817,"date":"2025-10-28T21:01:06","date_gmt":"2025-10-28T21:01:06","guid":{"rendered":"https:\/\/fuelbois.com\/?post_type=product&#038;p=7817"},"modified":"2026-03-07T16:51:29","modified_gmt":"2026-03-07T16:51:29","slug":"30-cm-35-steres-chene-ultra-sec-caisse-a-bois-de-cheminee-melange-hetre-chene","status":"publish","type":"product","link":"https:\/\/www.buches-chaleor.com\/fr\/produit\/30-cm-35-steres-chene-ultra-sec-caisse-a-bois-de-cheminee-melange-hetre-chene\/","title":{"rendered":"30 cm 3,5 St\u00e8res ch\u00eane ultra sec Caisse \u00e0 bois de chemin\u00e9e (m\u00e9lange H\u00eatre-Ch\u00eane)"},"content":{"rendered":"<ul>\n<li><strong>2 m3 de bois de chauffage en ch\u00eane ultra sec<\/strong><\/li>\n<li><strong>Pr\u00eat \u00e0 l\u2019emploi<\/strong><\/li>\n<li><strong>Empil\u00e9 \u00e0 la main<\/strong><\/li>\n<li><strong>corps solide<\/strong><\/li>\n<li><strong>Poids : 1000Kg<\/strong><\/li>\n<li><strong>Dimensions : 120 \u00d7 100 \u00d7 195 cm<\/strong><\/li>\n<li><strong>Niveau d\u2019humidit\u00e9 : 10 % \u00e0 20 % pr\u00eat \u00e0 l\u2019emploi<\/strong><\/li>\n<li><strong>Fente : +\/- \u00c9paisseur 5-15 cm +\/- Longueur 30 cm<\/strong><\/li>\n<li><strong>Volume : 2 m\u00b3 (empil\u00e9 \u00e0 la main) = +\/- 3,4 st\u00e9r\u00e9o<\/strong><\/li>\n<li><strong>Pouvoir calorifique : 8,6 Gj\/m3<\/strong><\/li>\n<li><strong>Poids sp\u00e9cifique : 750kg\/m\u00b3<\/strong><\/li>\n<\/ul>","protected":false},"excerpt":{"rendered":"<p><strong><em><img decoding=\"async\" src=\"https:\/\/buches-hiver.com\/wp-content\/uploads\/2023\/04\/6-60x60.png\" \/><\/em><\/strong><span style=\"color: #ff0000;\"><strong><em>Livraison standard. (5 \u00e0 7 jours) : 18\u2009\u20ac<\/em><\/strong><\/span><br \/>\n<span style=\"color: #ff0000;\"><strong><em>Livraison Express. (3 Jours) : 22\u2009\u20ac<\/em><\/strong><\/span><\/p>","protected":false},"featured_media":8874,"comment_status":"open","ping_status":"closed","template":"","meta":{"_acf_changed":false,"content-type":"","_monsterinsights_skip_tracking":false,"_monsterinsights_sitenote_active":false,"_monsterinsights_sitenote_note":"","_monsterinsights_sitenote_category":0},"pwb-brand":[],"product_brand":[],"product_cat":[39],"product_tag":[33],"class_list":{"0":"post-7817","1":"product","2":"type-product","3":"status-publish","4":"has-post-thumbnail","6":"product_cat-bois-de-chauffage","7":"product_tag-ajoutez-880-00e-a-votre-panier-et-beneficiez-de-la-livraison-gratuite","9":"first","10":"instock","11":"taxable","12":"shipping-taxable","13":"purchasable","14":"product-type-simple"},"acf":[],"aioseo_notices":[],"brands":[],"_links":{"self":[{"href":"https:\/\/www.buches-chaleor.com\/fr\/wp-json\/wp\/v2\/product\/7817","targetHints":{"allow":["GET"]}}],"collection":[{"href":"https:\/\/www.buches-chaleor.com\/fr\/wp-json\/wp\/v2\/product"}],"about":[{"href":"https:\/\/www.buches-chaleor.com\/fr\/wp-json\/wp\/v2\/types\/product"}],"replies":[{"embeddable":true,"href":"https:\/\/www.buches-chaleor.com\/fr\/wp-json\/wp\/v2\/comments?post=7817"}],"wp:featuredmedia":[{"embeddable":true,"href":"https:\/\/www.buches-chaleor.com\/fr\/wp-json\/wp\/v2\/media\/8874"}],"wp:attachment":[{"href":"https:\/\/www.buches-chaleor.com\/fr\/wp-json\/wp\/v2\/media?parent=7817"}],"wp:term":[{"taxonomy":"pwb-brand","embeddable":true,"href":"https:\/\/www.buches-chaleor.com\/fr\/wp-json\/wp\/v2\/pwb-brand?post=7817"},{"taxonomy":"product_brand","embeddable":true,"href":"https:\/\/www.buches-chaleor.com\/fr\/wp-json\/wp\/v2\/product_brand?post=7817"},{"taxonomy":"product_cat","embeddable":true,"href":"https:\/\/www.buches-chaleor.com\/fr\/wp-json\/wp\/v2\/product_cat?post=7817"},{"taxonomy":"product_tag","embeddable":true,"href":"https:\/\/www.buches-chaleor.com\/fr\/wp-json\/wp\/v2\/product_tag?post=7817"}],"curies":[{"name":"wp","href":"https:\/\/api.w.org\/{rel}","templated":true}]}}