{"id":7816,"date":"2025-10-28T20:58:33","date_gmt":"2025-10-28T20:58:33","guid":{"rendered":"https:\/\/fuelbois.com\/?post_type=product&#038;p=7816"},"modified":"2026-03-07T16:49:10","modified_gmt":"2026-03-07T16:49:10","slug":"30-cm-1-5-steres-bois-de-chauffage-hetre-melange-de-frenes","status":"publish","type":"product","link":"https:\/\/www.buches-chaleor.com\/fr\/produit\/30-cm-1-5-steres-bois-de-chauffage-hetre-melange-de-frenes\/","title":{"rendered":"30 cm 1.5 St\u00e8res \u2013 Bois de chauffage (H\u00eatre ; m\u00e9lange de fr\u00eanes)"},"content":{"rendered":"<ul>\n<li><strong>Haute performance \u00e9nerg\u00e9tique<\/strong>\u00a0: Avec un taux d\u2019humidit\u00e9 inf\u00e9rieur \u00e0 20%, nos b\u00fbches de bois sec garantissent une combustion efficace et puissante.\u00a0Son pouvoir calorifique est 30% sup\u00e9rieur \u00e0 celui du bois classique, ce qui vous permettra de profiter d\u2019une chaleur agr\u00e9able tout en r\u00e9duisant votre consommation de combustible.<\/li>\n<li><strong>Propret\u00e9 et praticit\u00e9<\/strong>\u00a0: Nos b\u00fbches de bois s\u00e9ch\u00e9es sont soigneusement d\u00e9coup\u00e9es en petits tron\u00e7ons, pr\u00eates \u00e0 l\u2019emploi.\u00a0Ils sont sans poussi\u00e8re et produisent moins de cendres, ce qui les rend plus faciles \u00e0 manipuler et \u00e0 entretenir votre appareil de chauffage.<\/li>\n<li><strong>Compatibilit\u00e9 et polyvalence<\/strong>\u00a0: Nos b\u00fbches de bois de chauffage sec conviennent \u00e0 une large gamme d\u2019appareils de chauffage et de cuisson, tels que chemin\u00e9es, po\u00eales, foyers ferm\u00e9s, inserts, cuisini\u00e8res, chaudi\u00e8res, fours \u00e0 bois et chemin\u00e9es ouvertes.\u00a0.\u00a0Ils r\u00e9pondent aux exigences techniques des nouveaux \u00e9quipements de chauffage, garantissant ainsi leurs performances et leur durabilit\u00e9.<\/li>\n<li><strong>Innovation \u00e9cologique<\/strong>\u00a0: Chez Rochefort nous nous engageons pour l\u2019environnement. Nos b\u00fbches de bois s\u00e9ch\u00e9es sont fabriqu\u00e9es \u00e0 partir d\u2019essences de bois durs provenant de sources durables telles que le ch\u00eane, le charme et le h\u00eatre. Ils respectent les normes environnementales et contribuent \u00e0 r\u00e9duire les \u00e9missions de particules fines lors de la combustion, pr\u00e9servant ainsi la qualit\u00e9 de l\u2019air que vous respirez.<\/li>\n<li><em>Origine : France | Certification : NF | Classe \u2013 Groupe : Groupe H1 \u2013 G1 | Taux d\u2019humidit\u00e9 (dans le noyau brut) : \u2264 20% | Utilisation : Imm\u00e9diate | PCI brut<\/em>\u00a0: \u2265 3,9 kWh kg-1*<\/li>\n<\/ul>\n<p>Profitez d\u00e8s maintenant de notre bois de chauffage naturel performant pour une exp\u00e9rience de chauffage optimale.\u00a0Passez votre commande d\u00e8s aujourd\u2019hui et b\u00e9n\u00e9ficiez d\u2019une livraison \u00e0 domicile, avec notre transporteur qui vous contactera pour fixer une date de livraison.\u00a0Optez pour nos b\u00fbches s\u00e8ches de 30 cm et transformez votre chemin\u00e9e en une source de chaleur confortable et \u00e9cologique.<\/p>\n<p><em>Le Pouvoir Calorifique Inf\u00e9rieur correspond \u00e0 la quantit\u00e9 de chaleur en kWh d\u00e9gag\u00e9e par la combustion de 1 kg de bois, diminu\u00e9e de la chaleur latente de vaporisation de l\u2019eau contenue dans les fum\u00e9es.<\/em><\/p>","protected":false},"excerpt":{"rendered":"<p>Avec un taux d\u2019humidit\u00e9 inf\u00e9rieur \u00e0 20%, nos b\u00fbches de bois sec garantissent une combustion efficace et puissante. Son pouvoir calorifique est 30% sup\u00e9rieur \u00e0 celui du bois classique, ce qui vous permettra de profiter d\u2019une chaleur agr\u00e9able tout en r\u00e9duisant votre consommation de combustible.<\/p>","protected":false},"featured_media":8873,"comment_status":"open","ping_status":"closed","template":"","meta":{"_acf_changed":false,"content-type":"","_monsterinsights_skip_tracking":false,"_monsterinsights_sitenote_active":false,"_monsterinsights_sitenote_note":"","_monsterinsights_sitenote_category":0},"pwb-brand":[],"product_brand":[],"product_cat":[39],"product_tag":[33],"class_list":{"0":"post-7816","1":"product","2":"type-product","3":"status-publish","4":"has-post-thumbnail","6":"product_cat-bois-de-chauffage","7":"product_tag-ajoutez-880-00e-a-votre-panier-et-beneficiez-de-la-livraison-gratuite","9":"first","10":"instock","11":"taxable","12":"shipping-taxable","13":"purchasable","14":"product-type-simple"},"acf":[],"aioseo_notices":[],"brands":[],"_links":{"self":[{"href":"https:\/\/www.buches-chaleor.com\/fr\/wp-json\/wp\/v2\/product\/7816","targetHints":{"allow":["GET"]}}],"collection":[{"href":"https:\/\/www.buches-chaleor.com\/fr\/wp-json\/wp\/v2\/product"}],"about":[{"href":"https:\/\/www.buches-chaleor.com\/fr\/wp-json\/wp\/v2\/types\/product"}],"replies":[{"embeddable":true,"href":"https:\/\/www.buches-chaleor.com\/fr\/wp-json\/wp\/v2\/comments?post=7816"}],"wp:featuredmedia":[{"embeddable":true,"href":"https:\/\/www.buches-chaleor.com\/fr\/wp-json\/wp\/v2\/media\/8873"}],"wp:attachment":[{"href":"https:\/\/www.buches-chaleor.com\/fr\/wp-json\/wp\/v2\/media?parent=7816"}],"wp:term":[{"taxonomy":"pwb-brand","embeddable":true,"href":"https:\/\/www.buches-chaleor.com\/fr\/wp-json\/wp\/v2\/pwb-brand?post=7816"},{"taxonomy":"product_brand","embeddable":true,"href":"https:\/\/www.buches-chaleor.com\/fr\/wp-json\/wp\/v2\/product_brand?post=7816"},{"taxonomy":"product_cat","embeddable":true,"href":"https:\/\/www.buches-chaleor.com\/fr\/wp-json\/wp\/v2\/product_cat?post=7816"},{"taxonomy":"product_tag","embeddable":true,"href":"https:\/\/www.buches-chaleor.com\/fr\/wp-json\/wp\/v2\/product_tag?post=7816"}],"curies":[{"name":"wp","href":"https:\/\/api.w.org\/{rel}","templated":true}]}}