{"id":7812,"date":"2025-10-28T20:30:26","date_gmt":"2025-10-28T20:30:26","guid":{"rendered":"https:\/\/fuelbois.com\/?post_type=product&#038;p=7812"},"modified":"2026-03-07T16:27:46","modified_gmt":"2026-03-07T16:27:46","slug":"25-cm-2-steres-de-bois-de-chauffage-sec-melange-hetre-et-chene","status":"publish","type":"product","link":"https:\/\/www.buches-chaleor.com\/fr\/produit\/25-cm-2-steres-de-bois-de-chauffage-sec-melange-hetre-et-chene\/","title":{"rendered":"25 cm 2 st\u00e8res de bois de chauffage sec (m\u00e9lange h\u00eatre et ch\u00eane)"},"content":{"rendered":"<p><strong>Palette de 2 steres de Bois de Chauffage Sec<\/strong>\u00a0s\u00e9ch\u00e9s en s\u00e9choir.<\/p>\n<p>Humidit\u00e9 du bois contr\u00f4l\u00e9e lors du s\u00e9chage, garantie inf\u00e9rieure \u00e0 20%, pour des performances maximales.<\/p>\n<p>D\u00e9j\u00e0 stock\u00e9,\u00a0<strong>pr\u00eat \u00e0 l\u2019emploi<\/strong>\u00a0, propre, pratique et esth\u00e9tique.<\/p>","protected":false},"excerpt":{"rendered":"<p><strong><em><img decoding=\"async\" src=\"https:\/\/buches-hiver.com\/wp-content\/uploads\/2023\/04\/6-60x60.png\" \/><\/em><\/strong><span style=\"color: #ff0000;\"><strong><em>Livraison standard. (5 \u00e0 7 jours) : 18\u2009\u20ac<\/em><\/strong><\/span><br \/>\n<span style=\"color: #ff0000;\"><strong><em>Livraison Express. (3 Jours) : 22\u2009\u20ac<\/em><\/strong><\/span><\/p>","protected":false},"featured_media":8867,"comment_status":"open","ping_status":"closed","template":"","meta":{"_acf_changed":false,"content-type":"","_monsterinsights_skip_tracking":false,"_monsterinsights_sitenote_active":false,"_monsterinsights_sitenote_note":"","_monsterinsights_sitenote_category":0},"pwb-brand":[],"product_brand":[],"product_cat":[39],"product_tag":[33],"class_list":{"0":"post-7812","1":"product","2":"type-product","3":"status-publish","4":"has-post-thumbnail","6":"product_cat-bois-de-chauffage","7":"product_tag-ajoutez-880-00e-a-votre-panier-et-beneficiez-de-la-livraison-gratuite","9":"first","10":"instock","11":"taxable","12":"shipping-taxable","13":"purchasable","14":"product-type-simple"},"acf":[],"aioseo_notices":[],"brands":[],"_links":{"self":[{"href":"https:\/\/www.buches-chaleor.com\/fr\/wp-json\/wp\/v2\/product\/7812","targetHints":{"allow":["GET"]}}],"collection":[{"href":"https:\/\/www.buches-chaleor.com\/fr\/wp-json\/wp\/v2\/product"}],"about":[{"href":"https:\/\/www.buches-chaleor.com\/fr\/wp-json\/wp\/v2\/types\/product"}],"replies":[{"embeddable":true,"href":"https:\/\/www.buches-chaleor.com\/fr\/wp-json\/wp\/v2\/comments?post=7812"}],"wp:featuredmedia":[{"embeddable":true,"href":"https:\/\/www.buches-chaleor.com\/fr\/wp-json\/wp\/v2\/media\/8867"}],"wp:attachment":[{"href":"https:\/\/www.buches-chaleor.com\/fr\/wp-json\/wp\/v2\/media?parent=7812"}],"wp:term":[{"taxonomy":"pwb-brand","embeddable":true,"href":"https:\/\/www.buches-chaleor.com\/fr\/wp-json\/wp\/v2\/pwb-brand?post=7812"},{"taxonomy":"product_brand","embeddable":true,"href":"https:\/\/www.buches-chaleor.com\/fr\/wp-json\/wp\/v2\/product_brand?post=7812"},{"taxonomy":"product_cat","embeddable":true,"href":"https:\/\/www.buches-chaleor.com\/fr\/wp-json\/wp\/v2\/product_cat?post=7812"},{"taxonomy":"product_tag","embeddable":true,"href":"https:\/\/www.buches-chaleor.com\/fr\/wp-json\/wp\/v2\/product_tag?post=7812"}],"curies":[{"name":"wp","href":"https:\/\/api.w.org\/{rel}","templated":true}]}}