{"id":7805,"date":"2025-10-28T20:19:01","date_gmt":"2025-10-28T20:19:01","guid":{"rendered":"https:\/\/fuelbois.com\/?post_type=product&#038;p=7805"},"modified":"2026-03-07T16:16:33","modified_gmt":"2026-03-07T16:16:33","slug":"26-steres-40-cm-bois-de-chauffage-melange-de-bois-dur","status":"publish","type":"product","link":"https:\/\/www.buches-chaleor.com\/fr\/produit\/26-steres-40-cm-bois-de-chauffage-melange-de-bois-dur\/","title":{"rendered":"2,6 ST\u00c8RES 40 CM-BOIS DE CHAUFFAGE \u2013 M\u00c9LANGE DE BOIS DUR"},"content":{"rendered":"<p>La palette contient plusieurs essences (h\u00eatre, ch\u00eane), exclusivement des feuillus.\u00a0Il est donc id\u00e9al pour obtenir un bon \u00e9quilibre entre les braises et les flammes vives.<\/p>","protected":false},"excerpt":{"rendered":"<p><strong><em><img decoding=\"async\" src=\"https:\/\/buches-hiver.com\/wp-content\/uploads\/2023\/04\/6-60x60.png\" \/><\/em><\/strong><span style=\"color: #ff0000;\"><strong><em>Livraison standard. (5 \u00e0 7 jours) : 18\u2009\u20ac<\/em><\/strong><\/span><br \/>\n<span style=\"color: #ff0000;\"><strong><em>Livraison Express. (3 Jours) : 22\u2009\u20ac<\/em><\/strong><\/span><\/p>","protected":false},"featured_media":8864,"comment_status":"open","ping_status":"closed","template":"","meta":{"_acf_changed":false,"content-type":"","_monsterinsights_skip_tracking":false,"_monsterinsights_sitenote_active":false,"_monsterinsights_sitenote_note":"","_monsterinsights_sitenote_category":0},"pwb-brand":[],"product_brand":[],"product_cat":[39],"product_tag":[33],"class_list":{"0":"post-7805","1":"product","2":"type-product","3":"status-publish","4":"has-post-thumbnail","6":"product_cat-bois-de-chauffage","7":"product_tag-ajoutez-880-00e-a-votre-panier-et-beneficiez-de-la-livraison-gratuite","9":"first","10":"instock","11":"taxable","12":"shipping-taxable","13":"purchasable","14":"product-type-simple"},"acf":[],"aioseo_notices":[],"brands":[],"_links":{"self":[{"href":"https:\/\/www.buches-chaleor.com\/fr\/wp-json\/wp\/v2\/product\/7805","targetHints":{"allow":["GET"]}}],"collection":[{"href":"https:\/\/www.buches-chaleor.com\/fr\/wp-json\/wp\/v2\/product"}],"about":[{"href":"https:\/\/www.buches-chaleor.com\/fr\/wp-json\/wp\/v2\/types\/product"}],"replies":[{"embeddable":true,"href":"https:\/\/www.buches-chaleor.com\/fr\/wp-json\/wp\/v2\/comments?post=7805"}],"wp:featuredmedia":[{"embeddable":true,"href":"https:\/\/www.buches-chaleor.com\/fr\/wp-json\/wp\/v2\/media\/8864"}],"wp:attachment":[{"href":"https:\/\/www.buches-chaleor.com\/fr\/wp-json\/wp\/v2\/media?parent=7805"}],"wp:term":[{"taxonomy":"pwb-brand","embeddable":true,"href":"https:\/\/www.buches-chaleor.com\/fr\/wp-json\/wp\/v2\/pwb-brand?post=7805"},{"taxonomy":"product_brand","embeddable":true,"href":"https:\/\/www.buches-chaleor.com\/fr\/wp-json\/wp\/v2\/product_brand?post=7805"},{"taxonomy":"product_cat","embeddable":true,"href":"https:\/\/www.buches-chaleor.com\/fr\/wp-json\/wp\/v2\/product_cat?post=7805"},{"taxonomy":"product_tag","embeddable":true,"href":"https:\/\/www.buches-chaleor.com\/fr\/wp-json\/wp\/v2\/product_tag?post=7805"}],"curies":[{"name":"wp","href":"https:\/\/api.w.org\/{rel}","templated":true}]}}