{"id":7799,"date":"2025-10-28T20:10:54","date_gmt":"2025-10-28T20:10:54","guid":{"rendered":"https:\/\/fuelbois.com\/?post_type=product&#038;p=7799"},"modified":"2026-03-07T16:12:56","modified_gmt":"2026-03-07T16:12:56","slug":"10-steres-en-vrac-buche-de-40-50-cm-hetre-chene","status":"publish","type":"product","link":"https:\/\/www.buches-chaleor.com\/fr\/produit\/10-steres-en-vrac-buche-de-40-50-cm-hetre-chene\/","title":{"rendered":"10 St\u00e8res en vrac b\u00fbche de 40- 50 cm (H\u00eatre, ch\u00eane)"},"content":{"rendered":"<p><strong>Bois b\u00fbche de qualit\u00e9 sup\u00e9rieure<\/strong><\/p>\n<p><strong>Un bois b\u00fbche de qualit\u00e9 sup\u00e9rieure pour une utilisation imm\u00e9diate dans l\u2019appareil de chauffage, ce qui garanti le meilleur rendement de l\u2019appareil de chauffage, sans fum\u00e9es, et un encrassement minimum du conduit de chemin\u00e9e.<\/strong><\/p>\n<p><strong>Les avantages d\u2019un bois pass\u00e9 en s\u00e9choir :<\/strong><\/p>\n<p><strong>\u00c9corc\u00e9 partiellement par le s\u00e9chage et le tamisage<\/strong><\/p>\n<p><strong>Sans parasites, insectes, champignons<\/strong><\/p>\n<p><strong>S\u2019allume tr\u00e8s facilement<\/strong><\/p>\n<p><strong>Uniquement en quartiers<\/strong><\/p>\n<p><strong>Br\u00fble sans fum\u00e9es<\/strong><\/p>\n<p><strong>N\u2019encrasse pas la chemin\u00e9e<\/strong><\/p>\n<p><strong>Pas de gaspillage de calories<\/strong><\/p>\n<p><strong>Le m\u00e9lange est uniquement constitu\u00e9 de h\u00eatre, charme, ch\u00eane, les essences les plus calorifiques pour le bois de chauffage.<\/strong><\/p>","protected":false},"excerpt":{"rendered":"<p><strong><em><img decoding=\"async\" src=\"https:\/\/buches-hiver.com\/wp-content\/uploads\/2023\/04\/6-60x60.png\" \/><\/em><\/strong><span style=\"color: #ff0000;\"><strong><em>Livraison standard. (5 \u00e0 7 jours) : 18\u2009\u20ac<\/em><\/strong><\/span><br \/>\n<span style=\"color: #ff0000;\"><strong><em>Livraison Express. (3 Jours) : 22\u2009\u20ac<\/em><\/strong><\/span><\/p>","protected":false},"featured_media":8861,"comment_status":"open","ping_status":"closed","template":"","meta":{"_acf_changed":false,"content-type":"","_monsterinsights_skip_tracking":false,"_monsterinsights_sitenote_active":false,"_monsterinsights_sitenote_note":"","_monsterinsights_sitenote_category":0},"pwb-brand":[],"product_brand":[],"product_cat":[39],"product_tag":[33],"class_list":{"0":"post-7799","1":"product","2":"type-product","3":"status-publish","4":"has-post-thumbnail","6":"product_cat-bois-de-chauffage","7":"product_tag-ajoutez-880-00e-a-votre-panier-et-beneficiez-de-la-livraison-gratuite","9":"first","10":"instock","11":"taxable","12":"shipping-taxable","13":"purchasable","14":"product-type-simple"},"acf":[],"aioseo_notices":[],"brands":[],"_links":{"self":[{"href":"https:\/\/www.buches-chaleor.com\/fr\/wp-json\/wp\/v2\/product\/7799","targetHints":{"allow":["GET"]}}],"collection":[{"href":"https:\/\/www.buches-chaleor.com\/fr\/wp-json\/wp\/v2\/product"}],"about":[{"href":"https:\/\/www.buches-chaleor.com\/fr\/wp-json\/wp\/v2\/types\/product"}],"replies":[{"embeddable":true,"href":"https:\/\/www.buches-chaleor.com\/fr\/wp-json\/wp\/v2\/comments?post=7799"}],"wp:featuredmedia":[{"embeddable":true,"href":"https:\/\/www.buches-chaleor.com\/fr\/wp-json\/wp\/v2\/media\/8861"}],"wp:attachment":[{"href":"https:\/\/www.buches-chaleor.com\/fr\/wp-json\/wp\/v2\/media?parent=7799"}],"wp:term":[{"taxonomy":"pwb-brand","embeddable":true,"href":"https:\/\/www.buches-chaleor.com\/fr\/wp-json\/wp\/v2\/pwb-brand?post=7799"},{"taxonomy":"product_brand","embeddable":true,"href":"https:\/\/www.buches-chaleor.com\/fr\/wp-json\/wp\/v2\/product_brand?post=7799"},{"taxonomy":"product_cat","embeddable":true,"href":"https:\/\/www.buches-chaleor.com\/fr\/wp-json\/wp\/v2\/product_cat?post=7799"},{"taxonomy":"product_tag","embeddable":true,"href":"https:\/\/www.buches-chaleor.com\/fr\/wp-json\/wp\/v2\/product_tag?post=7799"}],"curies":[{"name":"wp","href":"https:\/\/api.w.org\/{rel}","templated":true}]}}