{"id":7791,"date":"2025-10-28T19:52:56","date_gmt":"2025-10-28T19:52:56","guid":{"rendered":"https:\/\/fuelbois.com\/?post_type=product&#038;p=7791"},"modified":"2026-03-07T16:08:05","modified_gmt":"2026-03-07T16:08:05","slug":"1-5-steres-25-cm-demi-palette-melange-de-bois-durs","status":"publish","type":"product","link":"https:\/\/www.buches-chaleor.com\/fr\/produit\/1-5-steres-25-cm-demi-palette-melange-de-bois-durs\/","title":{"rendered":"1.5 St\u00e8res 25 Cm Demi-palette \u2013 M\u00e9lange De Bois Durs"},"content":{"rendered":"<h3 class=\"h6\">Fiche technique<\/h3>\n<dl class=\"data-sheet\">\n<dt class=\"name\">Taux D\u2019humidit\u00e9 : 20 et 25%<\/dt>\n<dt class=\"name\">Essence : Charme, ch\u00eane, h\u00eatre et fr\u00eane<\/dt>\n<dt class=\"name\">Volume En M3 : 1 m3<\/dt>\n<dt class=\"name\">Volume En St\u00e8res : 1,5 st\u00e8res<\/dt>\n<dt class=\"name\">Technique De S\u00e9chage : Naturel en ext\u00e9rieur<\/dt>\n<dt class=\"name\">Type De Bois : Bois dur<\/dt>\n<dt class=\"name\">Longueur : 25 cm<\/dt>\n<dt class=\"name\">Conditionnement : Demi palette<\/dt>\n<dt class=\"name\">Origine : France<\/dt>\n<\/dl>\n<p>M\u00e9lange de bois durs, s\u00e9chage naturel, stock\u00e9 en ext\u00e9rieur pour qu\u2019il reste ventil\u00e9.<\/p>\n<p>Gr\u00e2ce au m\u00e9lange de bois, vous pourrez aussi bien obtenir des flammes que des braises. Ces bois sont parfaitement conseill\u00e9s pour le chauffage et ont un fort pouvoir calorifique.<\/p>\n<p>Les b\u00fbches sont coup\u00e9es en 25 cm puis rang\u00e9es dans une palette, ce qui est plus propre et garanti le nombre de st\u00e8res command\u00e9s.<\/p>\n<p>Pratique avec son petit format pour les personnes ayant peu de place de stockage ou pour une petite flamb\u00e9e occasionnelle.<\/p>\n<p>Ce bois est fabriqu\u00e9 en France et 100% naturel.<\/p>\n<p>Il conviendra parfaitement aux po\u00eales et inserts \u00e0 bois pour des tailles de b\u00fbches allant jusqu\u2019\u00e0 25 cm de long.<\/p>","protected":false},"excerpt":{"rendered":"<p><strong><em><img decoding=\"async\" src=\"https:\/\/buches-hiver.com\/wp-content\/uploads\/2023\/04\/6-60x60.png\" \/><\/em><\/strong><span style=\"color: #ff0000;\"><strong><em>Livraison standard. (5 \u00e0 7 jours) : 18\u2009\u20ac<\/em><\/strong><\/span><br \/>\n<span style=\"color: #ff0000;\"><strong><em>Livraison Express. (3 Jours) : 22\u2009\u20ac<\/em><\/strong><\/span><\/p>\n<p>Palette perdue (non consign\u00e9e) de 1M3 soit +\/- 1,5 st\u00e8res de bois, en b\u00fbches refendues en 25 cm, m\u00e9lange de bois durs.<\/p>","protected":false},"featured_media":8857,"comment_status":"open","ping_status":"closed","template":"","meta":{"_acf_changed":false,"content-type":"","_monsterinsights_skip_tracking":false,"_monsterinsights_sitenote_active":false,"_monsterinsights_sitenote_note":"","_monsterinsights_sitenote_category":0},"pwb-brand":[],"product_brand":[],"product_cat":[39],"product_tag":[33],"class_list":{"0":"post-7791","1":"product","2":"type-product","3":"status-publish","4":"has-post-thumbnail","6":"product_cat-bois-de-chauffage","7":"product_tag-ajoutez-880-00e-a-votre-panier-et-beneficiez-de-la-livraison-gratuite","9":"first","10":"instock","11":"taxable","12":"shipping-taxable","13":"purchasable","14":"product-type-simple"},"acf":[],"aioseo_notices":[],"brands":[],"_links":{"self":[{"href":"https:\/\/www.buches-chaleor.com\/fr\/wp-json\/wp\/v2\/product\/7791","targetHints":{"allow":["GET"]}}],"collection":[{"href":"https:\/\/www.buches-chaleor.com\/fr\/wp-json\/wp\/v2\/product"}],"about":[{"href":"https:\/\/www.buches-chaleor.com\/fr\/wp-json\/wp\/v2\/types\/product"}],"replies":[{"embeddable":true,"href":"https:\/\/www.buches-chaleor.com\/fr\/wp-json\/wp\/v2\/comments?post=7791"}],"wp:featuredmedia":[{"embeddable":true,"href":"https:\/\/www.buches-chaleor.com\/fr\/wp-json\/wp\/v2\/media\/8857"}],"wp:attachment":[{"href":"https:\/\/www.buches-chaleor.com\/fr\/wp-json\/wp\/v2\/media?parent=7791"}],"wp:term":[{"taxonomy":"pwb-brand","embeddable":true,"href":"https:\/\/www.buches-chaleor.com\/fr\/wp-json\/wp\/v2\/pwb-brand?post=7791"},{"taxonomy":"product_brand","embeddable":true,"href":"https:\/\/www.buches-chaleor.com\/fr\/wp-json\/wp\/v2\/product_brand?post=7791"},{"taxonomy":"product_cat","embeddable":true,"href":"https:\/\/www.buches-chaleor.com\/fr\/wp-json\/wp\/v2\/product_cat?post=7791"},{"taxonomy":"product_tag","embeddable":true,"href":"https:\/\/www.buches-chaleor.com\/fr\/wp-json\/wp\/v2\/product_tag?post=7791"}],"curies":[{"name":"wp","href":"https:\/\/api.w.org\/{rel}","templated":true}]}}