{"id":7789,"date":"2025-10-28T19:45:05","date_gmt":"2025-10-28T19:45:05","guid":{"rendered":"https:\/\/fuelbois.com\/?post_type=product&#038;p=7789"},"modified":"2026-03-07T16:00:13","modified_gmt":"2026-03-07T16:00:13","slug":"1-3-steres-50-cm-bois-de-chauffage-sec-melange-de-bois-durs","status":"publish","type":"product","link":"https:\/\/www.buches-chaleor.com\/fr\/produit\/1-3-steres-50-cm-bois-de-chauffage-sec-melange-de-bois-durs\/","title":{"rendered":"1.3-St\u00e8res \u2013 50 Cm Bois De Chauffage \u2013 Sec \u2013 M\u00e9lange De Bois Durs"},"content":{"rendered":"<dl class=\"data-sheet\">\n<dt class=\"name\">Taux D\u2019humidit\u00e9 : entre 20 et 25%<\/dt>\n<dt class=\"name\">Essence : fr\u00eane, h\u00eatre, charme, ch\u00eane<\/dt>\n<dt class=\"name\">Volume En M3 : 1 m3<\/dt>\n<dt class=\"name\">Volume En St\u00e8res : 1,3 st\u00e8res<\/dt>\n<dt class=\"name\">Technique De S\u00e9chage : Naturel en ext\u00e9rieur<\/dt>\n<dt class=\"name\">Type De Bois : Bois dur<\/dt>\n<dt class=\"name\">Longueur : 50 cm<\/dt>\n<dt class=\"name\">Conditionnement : Demi palette<\/dt>\n<dt class=\"name\">Origine : Belgique<\/dt>\n<\/dl>\n<p>M\u00e9lange de bois durs, s\u00e9chage naturel, stock\u00e9 en ext\u00e9rieur pour qu\u2019il reste ventil\u00e9.<\/p>\n<p>Le m\u00e9lange d\u2019essences de bois permet d\u2019obtenir \u00e0 la fois des flammes et des braises.<\/p>\n<p>Les b\u00fbches sont refendues et coup\u00e9es en longueurs de 50 cm puis rang\u00e9es dans une palette, ce qui vous garantit de recevoir la quantit\u00e9 de bois command\u00e9e, contrairement au vrac.<\/p>\n<p>Les box de 1 m3 sont pratiques avec leur petit format, pour les personnes ne souhaitant pas stocker trop de bois ou n\u2019ayant pas une utilisation intensive du chauffage au bois.<\/p>\n<p>Ce bois de chauffage est fabriqu\u00e9 en Belgique.<\/p>\n<p>Il conviendra parfaitement aux grands foyers des po\u00eales et inserts \u00e0 bois.<\/p>","protected":false},"excerpt":{"rendered":"<p><strong><em><img decoding=\"async\" src=\"https:\/\/buches-hiver.com\/wp-content\/uploads\/2023\/04\/6-60x60.png\" \/><\/em><\/strong><span style=\"color: #ff0000;\"><strong><em>Livraison standard. (5 \u00e0 7 jours) : 18\u2009\u20ac<\/em><\/strong><\/span><br \/>\n<span style=\"color: #ff0000;\"><strong><em>Livraison Express. (3 Jours) : 22\u2009\u20ac<\/em><\/strong><\/span><\/p>\n<p>Palette perdue (non consign\u00e9e) de 1M3 soit +\/- 1,3 st\u00e8res de bois, en b\u00fbches refendues en 50 cm, m\u00e9lange de bois durs.<\/p>","protected":false},"featured_media":8855,"comment_status":"open","ping_status":"closed","template":"","meta":{"_acf_changed":false,"content-type":"","_monsterinsights_skip_tracking":false,"_monsterinsights_sitenote_active":false,"_monsterinsights_sitenote_note":"","_monsterinsights_sitenote_category":0},"pwb-brand":[],"product_brand":[],"product_cat":[39],"product_tag":[33],"class_list":{"0":"post-7789","1":"product","2":"type-product","3":"status-publish","4":"has-post-thumbnail","6":"product_cat-bois-de-chauffage","7":"product_tag-ajoutez-880-00e-a-votre-panier-et-beneficiez-de-la-livraison-gratuite","9":"first","10":"instock","11":"taxable","12":"shipping-taxable","13":"purchasable","14":"product-type-simple"},"acf":[],"aioseo_notices":[],"brands":[],"_links":{"self":[{"href":"https:\/\/www.buches-chaleor.com\/fr\/wp-json\/wp\/v2\/product\/7789","targetHints":{"allow":["GET"]}}],"collection":[{"href":"https:\/\/www.buches-chaleor.com\/fr\/wp-json\/wp\/v2\/product"}],"about":[{"href":"https:\/\/www.buches-chaleor.com\/fr\/wp-json\/wp\/v2\/types\/product"}],"replies":[{"embeddable":true,"href":"https:\/\/www.buches-chaleor.com\/fr\/wp-json\/wp\/v2\/comments?post=7789"}],"wp:featuredmedia":[{"embeddable":true,"href":"https:\/\/www.buches-chaleor.com\/fr\/wp-json\/wp\/v2\/media\/8855"}],"wp:attachment":[{"href":"https:\/\/www.buches-chaleor.com\/fr\/wp-json\/wp\/v2\/media?parent=7789"}],"wp:term":[{"taxonomy":"pwb-brand","embeddable":true,"href":"https:\/\/www.buches-chaleor.com\/fr\/wp-json\/wp\/v2\/pwb-brand?post=7789"},{"taxonomy":"product_brand","embeddable":true,"href":"https:\/\/www.buches-chaleor.com\/fr\/wp-json\/wp\/v2\/product_brand?post=7789"},{"taxonomy":"product_cat","embeddable":true,"href":"https:\/\/www.buches-chaleor.com\/fr\/wp-json\/wp\/v2\/product_cat?post=7789"},{"taxonomy":"product_tag","embeddable":true,"href":"https:\/\/www.buches-chaleor.com\/fr\/wp-json\/wp\/v2\/product_tag?post=7789"}],"curies":[{"name":"wp","href":"https:\/\/api.w.org\/{rel}","templated":true}]}}