{"id":7786,"date":"2025-10-28T19:39:21","date_gmt":"2025-10-28T19:39:21","guid":{"rendered":"https:\/\/fuelbois.com\/?post_type=product&#038;p=7786"},"modified":"2026-03-07T15:58:16","modified_gmt":"2026-03-07T15:58:16","slug":"1-m-2-steres-buches-de-hetre-extra-seches-pour-un-chauffage-performant","status":"publish","type":"product","link":"https:\/\/www.buches-chaleor.com\/fr\/produit\/1-m-2-steres-buches-de-hetre-extra-seches-pour-un-chauffage-performant\/","title":{"rendered":"1 m, 2 steres B\u00fbches de h\u00eatre extra s\u00e8ches pour un chauffage performant"},"content":{"rendered":"<p>B\u00fbches de bois extra s\u00e8ches pour un chauffage performant<\/p>\n<p>Ce bois de chauffage issu de feuillus est \u00e9tuv\u00e9 dans un s\u00e9choir industriel \u00e0 air chaud \u00e0 80\u00b0C.\u00a0Le cycle de s\u00e9chage de 5 \u00e0 10 jours permet d\u2019atteindre un niveau d\u2019humidit\u00e9 inf\u00e9rieur \u00e0 18 %, id\u00e9al pour une utilisation imm\u00e9diate et une combustion efficace.<\/p>\n<p>Allumage rapide et chaleur imm\u00e9diate garantie !<\/p>","protected":false},"excerpt":{"rendered":"<p><em><img decoding=\"async\" src=\"https:\/\/buches-hiver.com\/wp-content\/uploads\/2023\/04\/6-60x60.png\" \/><strong><span style=\"color: #ff0000;\">Livraison standard. (5 \u00e0 7 jours) : 18\u2009\u20ac\u00a0<\/span><\/strong><\/em><\/p>\n<p><em><strong><span style=\"color: #ff0000;\">Livraison Express. (3 Jours) : 22\u2009\u20ac<\/span><\/strong><\/em><\/p>","protected":false},"featured_media":8854,"comment_status":"open","ping_status":"closed","template":"","meta":{"_acf_changed":false,"content-type":"","_monsterinsights_skip_tracking":false,"_monsterinsights_sitenote_active":false,"_monsterinsights_sitenote_note":"","_monsterinsights_sitenote_category":0},"pwb-brand":[],"product_brand":[],"product_cat":[39],"product_tag":[33],"class_list":{"0":"post-7786","1":"product","2":"type-product","3":"status-publish","4":"has-post-thumbnail","6":"product_cat-bois-de-chauffage","7":"product_tag-ajoutez-880-00e-a-votre-panier-et-beneficiez-de-la-livraison-gratuite","9":"first","10":"instock","11":"taxable","12":"shipping-taxable","13":"purchasable","14":"product-type-simple"},"acf":[],"aioseo_notices":[],"brands":[],"_links":{"self":[{"href":"https:\/\/www.buches-chaleor.com\/fr\/wp-json\/wp\/v2\/product\/7786","targetHints":{"allow":["GET"]}}],"collection":[{"href":"https:\/\/www.buches-chaleor.com\/fr\/wp-json\/wp\/v2\/product"}],"about":[{"href":"https:\/\/www.buches-chaleor.com\/fr\/wp-json\/wp\/v2\/types\/product"}],"replies":[{"embeddable":true,"href":"https:\/\/www.buches-chaleor.com\/fr\/wp-json\/wp\/v2\/comments?post=7786"}],"wp:featuredmedia":[{"embeddable":true,"href":"https:\/\/www.buches-chaleor.com\/fr\/wp-json\/wp\/v2\/media\/8854"}],"wp:attachment":[{"href":"https:\/\/www.buches-chaleor.com\/fr\/wp-json\/wp\/v2\/media?parent=7786"}],"wp:term":[{"taxonomy":"pwb-brand","embeddable":true,"href":"https:\/\/www.buches-chaleor.com\/fr\/wp-json\/wp\/v2\/pwb-brand?post=7786"},{"taxonomy":"product_brand","embeddable":true,"href":"https:\/\/www.buches-chaleor.com\/fr\/wp-json\/wp\/v2\/product_brand?post=7786"},{"taxonomy":"product_cat","embeddable":true,"href":"https:\/\/www.buches-chaleor.com\/fr\/wp-json\/wp\/v2\/product_cat?post=7786"},{"taxonomy":"product_tag","embeddable":true,"href":"https:\/\/www.buches-chaleor.com\/fr\/wp-json\/wp\/v2\/product_tag?post=7786"}],"curies":[{"name":"wp","href":"https:\/\/api.w.org\/{rel}","templated":true}]}}