{"id":7783,"date":"2025-10-28T18:47:15","date_gmt":"2025-10-28T18:47:15","guid":{"rendered":"https:\/\/fuelbois.com\/?post_type=product&#038;p=7783"},"modified":"2026-03-07T15:54:35","modified_gmt":"2026-03-07T15:54:35","slug":"30-cm-3-steres-bois-de-chauffage-chene-sur-palette","status":"publish","type":"product","link":"https:\/\/www.buches-chaleor.com\/fr\/produit\/30-cm-3-steres-bois-de-chauffage-chene-sur-palette\/","title":{"rendered":"(30 cm \/- 3 st\u00e8res) -Bois de chauffage (Ch\u00eane) sur palette"},"content":{"rendered":"<p>Palette (M\u00e9lange) Bois Coup\u00e9 en 30cm (+\/-3 st.)<\/p>\n<p>Le bois utilis\u00e9 est du bois dur (charme, ch\u00eane, h\u00eatre, fr\u00eane, bouleau)<\/p>\n<p>Fini le souci du stockage du bois de chauffage : vous pouvez commander du bois de chauffage d\u00e9j\u00e0 stock\u00e9 dans une structure en bois et livr\u00e9 dans votre garage (L 1,15 m x P 1,15 m x H 1,20 m).<\/p>\n<p>Vous n\u2019aurez plus \u00e0 vous soucier du stockage et du stockage du bois.<\/p>\n<p>Fini les \u00e9corces et les d\u00e9bris \u00e0 ramasser apr\u00e8s la livraison, votre bois sera propre et bien rang\u00e9.<\/p>","protected":false},"excerpt":{"rendered":"<p><strong><em><img decoding=\"async\" src=\"https:\/\/buches-hiver.com\/wp-content\/uploads\/2023\/04\/6-60x60.png\" \/><\/em><\/strong><span style=\"color: #ff0000;\"><strong><em>Livraison standard. (5 \u00e0 7 jours) : 18\u2009\u20ac <\/em><\/strong><\/span><br \/>\n<span style=\"color: #ff0000;\"><strong><em>Livraison Express. (3 Jours) : 22 \u20ac<\/em><\/strong><\/span><\/p>","protected":false},"featured_media":8852,"comment_status":"open","ping_status":"closed","template":"","meta":{"_acf_changed":false,"content-type":"","_monsterinsights_skip_tracking":false,"_monsterinsights_sitenote_active":false,"_monsterinsights_sitenote_note":"","_monsterinsights_sitenote_category":0},"pwb-brand":[],"product_brand":[],"product_cat":[39],"product_tag":[33],"class_list":{"0":"post-7783","1":"product","2":"type-product","3":"status-publish","4":"has-post-thumbnail","6":"product_cat-bois-de-chauffage","7":"product_tag-ajoutez-880-00e-a-votre-panier-et-beneficiez-de-la-livraison-gratuite","9":"first","10":"instock","11":"taxable","12":"shipping-taxable","13":"purchasable","14":"product-type-simple"},"acf":[],"aioseo_notices":[],"brands":[],"_links":{"self":[{"href":"https:\/\/www.buches-chaleor.com\/fr\/wp-json\/wp\/v2\/product\/7783","targetHints":{"allow":["GET"]}}],"collection":[{"href":"https:\/\/www.buches-chaleor.com\/fr\/wp-json\/wp\/v2\/product"}],"about":[{"href":"https:\/\/www.buches-chaleor.com\/fr\/wp-json\/wp\/v2\/types\/product"}],"replies":[{"embeddable":true,"href":"https:\/\/www.buches-chaleor.com\/fr\/wp-json\/wp\/v2\/comments?post=7783"}],"wp:featuredmedia":[{"embeddable":true,"href":"https:\/\/www.buches-chaleor.com\/fr\/wp-json\/wp\/v2\/media\/8852"}],"wp:attachment":[{"href":"https:\/\/www.buches-chaleor.com\/fr\/wp-json\/wp\/v2\/media?parent=7783"}],"wp:term":[{"taxonomy":"pwb-brand","embeddable":true,"href":"https:\/\/www.buches-chaleor.com\/fr\/wp-json\/wp\/v2\/pwb-brand?post=7783"},{"taxonomy":"product_brand","embeddable":true,"href":"https:\/\/www.buches-chaleor.com\/fr\/wp-json\/wp\/v2\/product_brand?post=7783"},{"taxonomy":"product_cat","embeddable":true,"href":"https:\/\/www.buches-chaleor.com\/fr\/wp-json\/wp\/v2\/product_cat?post=7783"},{"taxonomy":"product_tag","embeddable":true,"href":"https:\/\/www.buches-chaleor.com\/fr\/wp-json\/wp\/v2\/product_tag?post=7783"}],"curies":[{"name":"wp","href":"https:\/\/api.w.org\/{rel}","templated":true}]}}